{"id":131,"date":"2020-05-28T22:02:51","date_gmt":"2020-05-28T22:02:51","guid":{"rendered":"https:\/\/accord.galambos-dev.com\/resources\/legal-privacy\/"},"modified":"2024-11-22T17:26:42","modified_gmt":"2024-11-22T23:26:42","slug":"politique-de-confidentialite","status":"publish","type":"page","link":"http:\/\/accordfinancial.com\/fr\/resources\/privacy-policy\/","title":{"rendered":"Politique de confidentialit\u00e9"},"content":{"rendered":"<h2 class=\"wp-block-heading\">D\u00e9claration g\u00e9n\u00e9rale<\/h2>\n\n\n\n<p>Bien que le champ d&#039;activit\u00e9 d&#039;Accord Financial (\u00abla soci\u00e9t\u00e9\u00bb) s&#039;adresse \u00e0 d&#039;autres entreprises (B2B), la soci\u00e9t\u00e9 recueille des renseignements personnels. Plus pr\u00e9cisement:<\/p>\n\n\n\n<h3 class=\"wp-block-heading\">Inventaire des informations personnelles<\/h3>\n\n\n\n<h4 class=\"wp-block-heading\">Renseignements personnels sur les employ\u00e9s et les administrateurs<\/h4>\n\n\n\n<p>Les renseignements personnels des employ\u00e9s et des administrateurs sont recueillis et conserv\u00e9s dans le cours normal des activit\u00e9s commerciales. Ces informations sont consid\u00e9r\u00e9es comme confidentielles et sont s\u00e9curis\u00e9es. La s\u00e9curit\u00e9 des informations est bas\u00e9e sur leur sensibilit\u00e9 et peut inclure la protection par mot de passe, le cryptage des donn\u00e9es et \/ ou l&#039;acc\u00e8s restreint aux r\u00e9pertoires et fichiers. Seuls les employ\u00e9s qui ont besoin d&#039;acc\u00e9der \u00e0 ces informations pour les op\u00e9rations commerciales sont autoris\u00e9s \u00e0 y acc\u00e9der.<\/p>\n\n\n\n<h4 class=\"wp-block-heading\">S\u00e9curit\u00e9 personnelle contre les pr\u00eats et les garanties de cr\u00e9dit<\/h4>\n\n\n\n<p>Les informations personnelles peuvent \u00eatre obtenues aupr\u00e8s de clients ou sur des clients via un tiers. La collecte des informations n&#039;est entreprise qu&#039;avec le consentement et pour ceux qui utilisent les services financiers de la Soci\u00e9t\u00e9. Ces informations fournissent les d\u00e9tails n\u00e9cessaires pour garantir un financement ou un cr\u00e9dit. A aucun moment, les informations personnelles ne sont partag\u00e9es avec des tiers.<\/p>\n\n\n\n<h4 class=\"wp-block-heading\">Cartes de cr\u00e9dit personnelles<\/h4>\n\n\n\n<p>Parfois, les entreprises peuvent utiliser des cartes de cr\u00e9dit personnelles pour payer les produits ou services fournis \u00e0 leur entreprise. Les informations de carte de cr\u00e9dit utilis\u00e9es dans ces transactions sont trait\u00e9es par nos services bancaires. Les d\u00e9tails de chaque transaction et l&#039;autorisation de celle-ci sont conserv\u00e9s pendant une p\u00e9riode de 10 ans \u00e0 des fins d&#039;audit. Toutes les informations de carte de cr\u00e9dit sont s\u00e9curis\u00e9es physiquement et r\u00e9serv\u00e9es aux seuls employ\u00e9s de l&#039;entreprise qui en ont besoin.<\/p>\n\n\n\n<h4 class=\"wp-block-heading\">Internet \/ relations commerciales ou non commerciales<\/h4>\n\n\n\n<p>Les statistiques d&#039;analyse du site Web sont mises \u00e0 la disposition du personnel et de la direction des technologies de l&#039;information \u00e0 des fins de suivi du trafic Web de la Soci\u00e9t\u00e9. Nous recueillons et utilisons vos renseignements personnels avec votre consentement ou tel que permis ou requis par la loi et conform\u00e9ment \u00e0 la loi canadienne anti-pourriel (LCAP). Votre consentement peut \u00eatre explicite ou implicite, selon les circonstances et la sensibilit\u00e9 des informations personnelles en question. \u00c0 tout moment, vous pouvez refuser de recevoir des messages \u00e9lectroniques commerciaux (MEC) de notre part. Cliquez simplement sur le bouton Se d\u00e9sabonner au bas de nos CEM. Nous assumons l&#039;enti\u00e8re responsabilit\u00e9 et la responsabilit\u00e9 de la conformit\u00e9 \u00e0 la LCAP.<\/p>\n\n\n\n<h2 class=\"wp-block-heading\">S\u00e9curit\u00e9<\/h2>\n\n\n\n<ol class=\"wp-block-list\">\n<li>Tous les bureaux de la soci\u00e9t\u00e9 ont une s\u00e9curit\u00e9 des b\u00e2timents et une politique de porte verrouill\u00e9e apr\u00e8s les heures ouvrables.<\/li>\n\n\n\n<li>Les installations de la salle informatique sont s\u00e9curis\u00e9es par un syst\u00e8me de verrouillage contre l&#039;acc\u00e8s, sauf par certains membres du personnel de direction et des technologies de l&#039;information et des consultants.<\/li>\n\n\n\n<li>Les r\u00e9seaux de la soci\u00e9t\u00e9 sont s\u00e9curis\u00e9s par des pare-feu et prot\u00e9g\u00e9s contre les antivirus et les logiciels malveillants. Tous les logiciels sont tenus \u00e0 jour pour garantir que m\u00eame les menaces les plus r\u00e9centes sont immobilis\u00e9es. Dans certains cas, des pare-feu redondants sont en place et une analyse en double des menaces pour \u00e9viter les failles de s\u00e9curit\u00e9.<\/li>\n<\/ol>\n\n\n\n<h2 class=\"wp-block-heading\">\u00c9limination des informations personnelles<\/h2>\n\n\n\n<p>Toute information personnelle qui n&#039;est plus requise est soit d\u00e9chiquet\u00e9e, soit d\u00e9truite. Tous les disques durs des \u00e9quipements \u00e9lectroniques tels que les ordinateurs personnels, les t\u00e9l\u00e9copieurs, les scanners sont nettoy\u00e9s avant d&#039;\u00eatre \u00e9limin\u00e9s ou de quitter les lieux.<\/p>\n\n\n\n<h2 class=\"wp-block-heading\">Communications mobiles (SMS)<\/h2>\n\n\n\n<ol class=\"wp-block-list\">\n<li>Avertissement : En fournissant mon num\u00e9ro de t\u00e9l\u00e9phone \u00e0 Accord Financial, j&#039;accepte et reconnaisse qu&#039;Accord Financial puisse envoyer des messages texte \u00e0 mon num\u00e9ro de t\u00e9l\u00e9phone sans fil \u00e0 quelque fin que ce soit. Des messages et d\u00e9bits de donn\u00e9es peuvent \u00eatre appliqu\u00e9s. Nous vous enverrons un seul SMS en r\u00e9ponse et vous pourrez vous d\u00e9sinscrire en r\u00e9pondant \u00ab\u00a0STOP\u00a0\u00bb. Pour plus d&#039;informations sur la mani\u00e8re dont vos donn\u00e9es seront trait\u00e9es, veuillez consulter les autres sections d\u00e9crites dans la pr\u00e9sente politique de confidentialit\u00e9. <\/li>\n\n\n\n<li>Politique de confidentialit\u00e9 : Aucune information mobile ne sera partag\u00e9e avec des tiers\/affili\u00e9s \u00e0 des fins de marketing\/promotionnelles. Toutes les cat\u00e9gories ci-dessus excluent les donn\u00e9es d&#039;acceptation et de consentement de l&#039;exp\u00e9diteur de la messagerie texte ; ces informations ne seront partag\u00e9es avec aucun tiers.<\/li>\n<\/ol>\n\n\n\n<h2 class=\"wp-block-heading\">Politique de confidentialit\u00e9 Informations de contact<\/h2>\n\n\n\n<p>Veuillez utiliser les informations de contact suivantes si vous avez des pr\u00e9occupations ou des questions concernant cette politique ou les donn\u00e9es que nous pouvons avoir. Si vous n&#039;acceptez pas les termes et conditions de cette politique, veuillez ne pas fournir vos informations personnelles.<\/p>","protected":false},"excerpt":{"rendered":"<p>D\u00e9claration g\u00e9n\u00e9rale Bien que le p\u00e9rim\u00e8tre d&#039;activit\u00e9 d&#039;Accord Financial (\u00abla Soci\u00e9t\u00e9\u00bb) s&#039;adresse \u00e0 d&#039;autres activit\u00e9s (B2B), la Soci\u00e9t\u00e9\u2026<\/p>","protected":false},"author":1,"featured_media":0,"parent":128,"menu_order":19,"comment_status":"closed","ping_status":"closed","template":"templates\/policy.php","meta":{"_acf_changed":false,"footnotes":""},"class_list":["post-131","page","type-page","status-publish","hentry"],"acf":[],"yoast_head":"<!-- This site is optimized with the Yoast SEO plugin v27.5 - https:\/\/yoast.com\/product\/yoast-seo-wordpress\/ -->\n<title>Privacy Policy | Accord Financial<\/title>\n<meta name=\"description\" content=\"For your privacy and security, Accord Financial practices the following guidelines to ensure your information remains confidential.\" \/>\n<meta name=\"robots\" content=\"index, follow, max-snippet:-1, max-image-preview:large, max-video-preview:-1\" \/>\n<link rel=\"canonical\" href=\"http:\/\/accordfinancial.com\/fr\/ressources\/politique-de-confidentialite\/\" \/>\n<meta property=\"og:locale\" content=\"fr_CA\" \/>\n<meta property=\"og:type\" content=\"article\" \/>\n<meta property=\"og:title\" content=\"Privacy Policy | Accord Financial\" \/>\n<meta property=\"og:description\" content=\"For your privacy and security, Accord Financial practices the following guidelines to ensure your information remains confidential.\" \/>\n<meta property=\"og:url\" content=\"http:\/\/accordfinancial.com\/fr\/ressources\/politique-de-confidentialite\/\" \/>\n<meta property=\"og:site_name\" content=\"Accord Financial\" \/>\n<meta property=\"article:publisher\" content=\"https:\/\/www.facebook.com\/accordfinancialcorp\/\" \/>\n<meta property=\"article:modified_time\" content=\"2024-11-22T23:26:42+00:00\" \/>\n<meta property=\"og:image\" content=\"https:\/\/accordfinancial.com\/wp-content\/uploads\/2020\/09\/accord-icon.png\" \/>\n\t<meta property=\"og:image:width\" content=\"2400\" \/>\n\t<meta property=\"og:image:height\" content=\"1600\" \/>\n\t<meta property=\"og:image:type\" content=\"image\/png\" \/>\n<meta name=\"twitter:card\" content=\"summary_large_image\" \/>\n<meta name=\"twitter:site\" content=\"@accordfincorp\" \/>\n<meta name=\"twitter:label1\" content=\"Est. reading time\" \/>\n\t<meta name=\"twitter:data1\" content=\"3 minutes\" \/>\n<script type=\"application\/ld+json\" class=\"yoast-schema-graph\">{\"@context\":\"https:\\\/\\\/schema.org\",\"@graph\":[{\"@type\":\"WebPage\",\"@id\":\"https:\\\/\\\/accordfinancial.com\\\/resources\\\/privacy-policy\\\/\",\"url\":\"http:\\\/\\\/accordfinancial.com\\\/resources\\\/privacy-policy\\\/\",\"name\":\"Privacy Policy | Accord Financial\",\"isPartOf\":{\"@id\":\"https:\\\/\\\/accordfinancial.com\\\/#website\"},\"datePublished\":\"2020-05-28T22:02:51+00:00\",\"dateModified\":\"2024-11-22T23:26:42+00:00\",\"description\":\"For your privacy and security, Accord Financial practices the following guidelines to ensure your information remains confidential.\",\"breadcrumb\":{\"@id\":\"http:\\\/\\\/accordfinancial.com\\\/resources\\\/privacy-policy\\\/#breadcrumb\"},\"inLanguage\":\"fr-CA\",\"potentialAction\":[{\"@type\":\"ReadAction\",\"target\":[\"http:\\\/\\\/accordfinancial.com\\\/resources\\\/privacy-policy\\\/\"]}]},{\"@type\":\"BreadcrumbList\",\"@id\":\"http:\\\/\\\/accordfinancial.com\\\/resources\\\/privacy-policy\\\/#breadcrumb\",\"itemListElement\":[{\"@type\":\"ListItem\",\"position\":1,\"name\":\"Home\",\"item\":\"https:\\\/\\\/accordfinancial.com\\\/\"},{\"@type\":\"ListItem\",\"position\":2,\"name\":\"Resources\",\"item\":\"https:\\\/\\\/accordfinancial.com\\\/resources\\\/\"},{\"@type\":\"ListItem\",\"position\":3,\"name\":\"Privacy Policy\"}]},{\"@type\":\"WebSite\",\"@id\":\"https:\\\/\\\/accordfinancial.com\\\/#website\",\"url\":\"https:\\\/\\\/accordfinancial.com\\\/\",\"name\":\"Accord Financial\",\"description\":\"Business Loans &amp; Asset Based Lending\",\"potentialAction\":[{\"@type\":\"SearchAction\",\"target\":{\"@type\":\"EntryPoint\",\"urlTemplate\":\"https:\\\/\\\/accordfinancial.com\\\/?s={search_term_string}\"},\"query-input\":{\"@type\":\"PropertyValueSpecification\",\"valueRequired\":true,\"valueName\":\"search_term_string\"}}],\"inLanguage\":\"fr-CA\"}]}<\/script>\n<!-- \/ Yoast SEO plugin. -->","yoast_head_json":{"title":"Politique de confidentialit\u00e9 | Financi\u00e8re Accord","description":"Pour votre confidentialit\u00e9 et votre s\u00e9curit\u00e9, Accord Financial applique les directives suivantes pour garantir que vos informations restent confidentielles.","robots":{"index":"index","follow":"follow","max-snippet":"max-snippet:-1","max-image-preview":"max-image-preview:large","max-video-preview":"max-video-preview:-1"},"canonical":"http:\/\/accordfinancial.com\/fr\/ressources\/politique-de-confidentialite\/","og_locale":"fr_CA","og_type":"article","og_title":"Privacy Policy | Accord Financial","og_description":"For your privacy and security, Accord Financial practices the following guidelines to ensure your information remains confidential.","og_url":"http:\/\/accordfinancial.com\/fr\/ressources\/politique-de-confidentialite\/","og_site_name":"Accord Financial","article_publisher":"https:\/\/www.facebook.com\/accordfinancialcorp\/","article_modified_time":"2024-11-22T23:26:42+00:00","og_image":[{"width":2400,"height":1600,"url":"https:\/\/accordfinancial.com\/wp-content\/uploads\/2020\/09\/accord-icon.png","type":"image\/png"}],"twitter_card":"summary_large_image","twitter_site":"@accordfincorp","twitter_misc":{"Est. reading time":"3 minutes"},"schema":{"@context":"https:\/\/schema.org","@graph":[{"@type":"WebPage","@id":"https:\/\/accordfinancial.com\/resources\/privacy-policy\/","url":"http:\/\/accordfinancial.com\/resources\/privacy-policy\/","name":"Politique de confidentialit\u00e9 | Financi\u00e8re Accord","isPartOf":{"@id":"https:\/\/accordfinancial.com\/#website"},"datePublished":"2020-05-28T22:02:51+00:00","dateModified":"2024-11-22T23:26:42+00:00","description":"Pour votre confidentialit\u00e9 et votre s\u00e9curit\u00e9, Accord Financial applique les directives suivantes pour garantir que vos informations restent confidentielles.","breadcrumb":{"@id":"http:\/\/accordfinancial.com\/resources\/privacy-policy\/#breadcrumb"},"inLanguage":"fr-CA","potentialAction":[{"@type":"ReadAction","target":["http:\/\/accordfinancial.com\/resources\/privacy-policy\/"]}]},{"@type":"BreadcrumbList","@id":"http:\/\/accordfinancial.com\/resources\/privacy-policy\/#breadcrumb","itemListElement":[{"@type":"ListItem","position":1,"name":"Home","item":"https:\/\/accordfinancial.com\/"},{"@type":"ListItem","position":2,"name":"Resources","item":"https:\/\/accordfinancial.com\/resources\/"},{"@type":"ListItem","position":3,"name":"Privacy Policy"}]},{"@type":"WebSite","@id":"https:\/\/accordfinancial.com\/#website","url":"https:\/\/accordfinancial.com\/","name":"Financi\u00e8re Accord","description":"Pr\u00eats aux entreprises et pr\u00eats bas\u00e9s sur les actifs","potentialAction":[{"@type":"SearchAction","target":{"@type":"EntryPoint","urlTemplate":"https:\/\/accordfinancial.com\/?s={search_term_string}"},"query-input":{"@type":"PropertyValueSpecification","valueRequired":true,"valueName":"search_term_string"}}],"inLanguage":"fr-CA"}]}},"_links":{"self":[{"href":"http:\/\/accordfinancial.com\/fr\/wp-json\/wp\/v2\/pages\/131","targetHints":{"allow":["GET"]}}],"collection":[{"href":"http:\/\/accordfinancial.com\/fr\/wp-json\/wp\/v2\/pages"}],"about":[{"href":"http:\/\/accordfinancial.com\/fr\/wp-json\/wp\/v2\/types\/page"}],"author":[{"embeddable":true,"href":"http:\/\/accordfinancial.com\/fr\/wp-json\/wp\/v2\/users\/1"}],"replies":[{"embeddable":true,"href":"http:\/\/accordfinancial.com\/fr\/wp-json\/wp\/v2\/comments?post=131"}],"version-history":[{"count":5,"href":"http:\/\/accordfinancial.com\/fr\/wp-json\/wp\/v2\/pages\/131\/revisions"}],"predecessor-version":[{"id":16189,"href":"http:\/\/accordfinancial.com\/fr\/wp-json\/wp\/v2\/pages\/131\/revisions\/16189"}],"up":[{"embeddable":true,"href":"http:\/\/accordfinancial.com\/fr\/wp-json\/wp\/v2\/pages\/128"}],"wp:attachment":[{"href":"http:\/\/accordfinancial.com\/fr\/wp-json\/wp\/v2\/media?parent=131"}],"curies":[{"name":"wp","href":"https:\/\/api.w.org\/{rel}","templated":true}]}}