{"id":16777,"date":"2026-03-04T23:56:00","date_gmt":"2026-03-05T05:56:00","guid":{"rendered":"http:\/\/accordfinancial.com\/?page_id=16777"},"modified":"2026-03-25T00:00:11","modified_gmt":"2026-03-25T05:00:11","slug":"postulez-maintenant","status":"publish","type":"page","link":"http:\/\/accordfinancial.com\/fr\/apply-now\/","title":{"rendered":"Appliquez maintenant"},"content":{"rendered":"<h2 class=\"wp-block-heading\"><\/h2>","protected":false},"excerpt":{"rendered":"","protected":false},"author":20,"featured_media":16581,"parent":0,"menu_order":1,"comment_status":"closed","ping_status":"closed","template":"templates\/apply-now.php","meta":{"_acf_changed":false,"footnotes":""},"class_list":["post-16777","page","type-page","status-publish","has-post-thumbnail","hentry"],"acf":[],"yoast_head":"<!-- This site is optimized with the Yoast SEO plugin v27.4 - https:\/\/yoast.com\/product\/yoast-seo-wordpress\/ -->\n<title>Apply Now | Accord Financial<\/title>\n<meta name=\"robots\" content=\"index, follow, max-snippet:-1, max-image-preview:large, max-video-preview:-1\" \/>\n<link rel=\"canonical\" href=\"https:\/\/accordfinancial.com\/fr\/postulez-maintenant\/\" \/>\n<meta property=\"og:locale\" content=\"fr_CA\" \/>\n<meta property=\"og:type\" content=\"article\" \/>\n<meta property=\"og:title\" content=\"Apply Now | Accord Financial\" \/>\n<meta property=\"og:url\" content=\"https:\/\/accordfinancial.com\/fr\/postulez-maintenant\/\" \/>\n<meta property=\"og:site_name\" content=\"Accord Financial\" \/>\n<meta property=\"article:publisher\" content=\"https:\/\/www.facebook.com\/accordfinancialcorp\/\" \/>\n<meta property=\"article:modified_time\" content=\"2026-03-25T05:00:11+00:00\" \/>\n<meta property=\"og:image\" content=\"https:\/\/accordfinancial.com\/wp-content\/uploads\/2025\/04\/mountain_ridge-01.jpg\" \/>\n\t<meta property=\"og:image:width\" content=\"1696\" \/>\n\t<meta property=\"og:image:height\" content=\"1122\" \/>\n\t<meta property=\"og:image:type\" content=\"image\/jpeg\" \/>\n<meta name=\"twitter:card\" content=\"summary_large_image\" \/>\n<meta name=\"twitter:site\" content=\"@accordfincorp\" \/>\n<meta name=\"twitter:label1\" content=\"Est. reading time\" \/>\n\t<meta name=\"twitter:data1\" content=\"1 minute\" \/>\n<script type=\"application\/ld+json\" class=\"yoast-schema-graph\">{\"@context\":\"https:\\\/\\\/schema.org\",\"@graph\":[{\"@type\":\"WebPage\",\"@id\":\"https:\\\/\\\/accordfinancial.com\\\/apply-now\\\/\",\"url\":\"https:\\\/\\\/accordfinancial.com\\\/apply-now\\\/\",\"name\":\"Apply Now | Accord Financial\",\"isPartOf\":{\"@id\":\"https:\\\/\\\/accordfinancial.com\\\/#website\"},\"primaryImageOfPage\":{\"@id\":\"https:\\\/\\\/accordfinancial.com\\\/apply-now\\\/#primaryimage\"},\"image\":{\"@id\":\"https:\\\/\\\/accordfinancial.com\\\/apply-now\\\/#primaryimage\"},\"thumbnailUrl\":\"https:\\\/\\\/accordfinancial.com\\\/wp-content\\\/uploads\\\/2025\\\/04\\\/mountain_ridge-01.jpg\",\"datePublished\":\"2026-03-05T05:56:00+00:00\",\"dateModified\":\"2026-03-25T05:00:11+00:00\",\"breadcrumb\":{\"@id\":\"https:\\\/\\\/accordfinancial.com\\\/apply-now\\\/#breadcrumb\"},\"inLanguage\":\"fr-CA\",\"potentialAction\":[{\"@type\":\"ReadAction\",\"target\":[\"https:\\\/\\\/accordfinancial.com\\\/apply-now\\\/\"]}]},{\"@type\":\"ImageObject\",\"inLanguage\":\"fr-CA\",\"@id\":\"https:\\\/\\\/accordfinancial.com\\\/apply-now\\\/#primaryimage\",\"url\":\"https:\\\/\\\/accordfinancial.com\\\/wp-content\\\/uploads\\\/2025\\\/04\\\/mountain_ridge-01.jpg\",\"contentUrl\":\"https:\\\/\\\/accordfinancial.com\\\/wp-content\\\/uploads\\\/2025\\\/04\\\/mountain_ridge-01.jpg\",\"width\":1696,\"height\":1122},{\"@type\":\"BreadcrumbList\",\"@id\":\"https:\\\/\\\/accordfinancial.com\\\/apply-now\\\/#breadcrumb\",\"itemListElement\":[{\"@type\":\"ListItem\",\"position\":1,\"name\":\"Home\",\"item\":\"https:\\\/\\\/accordfinancial.com\\\/\"},{\"@type\":\"ListItem\",\"position\":2,\"name\":\"Apply Now\"}]},{\"@type\":\"WebSite\",\"@id\":\"https:\\\/\\\/accordfinancial.com\\\/#website\",\"url\":\"https:\\\/\\\/accordfinancial.com\\\/\",\"name\":\"Accord Financial\",\"description\":\"Business Loans &amp; Asset Based Lending\",\"potentialAction\":[{\"@type\":\"SearchAction\",\"target\":{\"@type\":\"EntryPoint\",\"urlTemplate\":\"https:\\\/\\\/accordfinancial.com\\\/?s={search_term_string}\"},\"query-input\":{\"@type\":\"PropertyValueSpecification\",\"valueRequired\":true,\"valueName\":\"search_term_string\"}}],\"inLanguage\":\"fr-CA\"}]}<\/script>\n<!-- \/ Yoast SEO plugin. -->","yoast_head_json":{"title":"Postulez maintenant | Accord Financial","robots":{"index":"index","follow":"follow","max-snippet":"max-snippet:-1","max-image-preview":"max-image-preview:large","max-video-preview":"max-video-preview:-1"},"canonical":"https:\/\/accordfinancial.com\/fr\/postulez-maintenant\/","og_locale":"fr_CA","og_type":"article","og_title":"Apply Now | Accord Financial","og_url":"https:\/\/accordfinancial.com\/fr\/postulez-maintenant\/","og_site_name":"Accord Financial","article_publisher":"https:\/\/www.facebook.com\/accordfinancialcorp\/","article_modified_time":"2026-03-25T05:00:11+00:00","og_image":[{"width":1696,"height":1122,"url":"https:\/\/accordfinancial.com\/wp-content\/uploads\/2025\/04\/mountain_ridge-01.jpg","type":"image\/jpeg"}],"twitter_card":"summary_large_image","twitter_site":"@accordfincorp","twitter_misc":{"Est. reading time":"1 minute"},"schema":{"@context":"https:\/\/schema.org","@graph":[{"@type":"WebPage","@id":"https:\/\/accordfinancial.com\/apply-now\/","url":"https:\/\/accordfinancial.com\/apply-now\/","name":"Postulez maintenant | Accord Financial","isPartOf":{"@id":"https:\/\/accordfinancial.com\/#website"},"primaryImageOfPage":{"@id":"https:\/\/accordfinancial.com\/apply-now\/#primaryimage"},"image":{"@id":"https:\/\/accordfinancial.com\/apply-now\/#primaryimage"},"thumbnailUrl":"https:\/\/accordfinancial.com\/wp-content\/uploads\/2025\/04\/mountain_ridge-01.jpg","datePublished":"2026-03-05T05:56:00+00:00","dateModified":"2026-03-25T05:00:11+00:00","breadcrumb":{"@id":"https:\/\/accordfinancial.com\/apply-now\/#breadcrumb"},"inLanguage":"fr-CA","potentialAction":[{"@type":"ReadAction","target":["https:\/\/accordfinancial.com\/apply-now\/"]}]},{"@type":"ImageObject","inLanguage":"fr-CA","@id":"https:\/\/accordfinancial.com\/apply-now\/#primaryimage","url":"https:\/\/accordfinancial.com\/wp-content\/uploads\/2025\/04\/mountain_ridge-01.jpg","contentUrl":"https:\/\/accordfinancial.com\/wp-content\/uploads\/2025\/04\/mountain_ridge-01.jpg","width":1696,"height":1122},{"@type":"BreadcrumbList","@id":"https:\/\/accordfinancial.com\/apply-now\/#breadcrumb","itemListElement":[{"@type":"ListItem","position":1,"name":"Home","item":"https:\/\/accordfinancial.com\/"},{"@type":"ListItem","position":2,"name":"Apply Now"}]},{"@type":"WebSite","@id":"https:\/\/accordfinancial.com\/#website","url":"https:\/\/accordfinancial.com\/","name":"Financi\u00e8re Accord","description":"Pr\u00eats aux entreprises et pr\u00eats bas\u00e9s sur les actifs","potentialAction":[{"@type":"SearchAction","target":{"@type":"EntryPoint","urlTemplate":"https:\/\/accordfinancial.com\/?s={search_term_string}"},"query-input":{"@type":"PropertyValueSpecification","valueRequired":true,"valueName":"search_term_string"}}],"inLanguage":"fr-CA"}]}},"_links":{"self":[{"href":"http:\/\/accordfinancial.com\/fr\/wp-json\/wp\/v2\/pages\/16777","targetHints":{"allow":["GET"]}}],"collection":[{"href":"http:\/\/accordfinancial.com\/fr\/wp-json\/wp\/v2\/pages"}],"about":[{"href":"http:\/\/accordfinancial.com\/fr\/wp-json\/wp\/v2\/types\/page"}],"author":[{"embeddable":true,"href":"http:\/\/accordfinancial.com\/fr\/wp-json\/wp\/v2\/users\/20"}],"replies":[{"embeddable":true,"href":"http:\/\/accordfinancial.com\/fr\/wp-json\/wp\/v2\/comments?post=16777"}],"version-history":[{"count":16,"href":"http:\/\/accordfinancial.com\/fr\/wp-json\/wp\/v2\/pages\/16777\/revisions"}],"predecessor-version":[{"id":16834,"href":"http:\/\/accordfinancial.com\/fr\/wp-json\/wp\/v2\/pages\/16777\/revisions\/16834"}],"wp:featuredmedia":[{"embeddable":true,"href":"http:\/\/accordfinancial.com\/fr\/wp-json\/wp\/v2\/media\/16581"}],"wp:attachment":[{"href":"http:\/\/accordfinancial.com\/fr\/wp-json\/wp\/v2\/media?parent=16777"}],"curies":[{"name":"wp","href":"https:\/\/api.w.org\/{rel}","templated":true}]}}