{"id":58,"date":"2020-05-28T21:22:00","date_gmt":"2020-05-28T21:22:00","guid":{"rendered":"https:\/\/accord.galambos-dev.com\/company\/culture\/"},"modified":"2021-12-13T13:05:52","modified_gmt":"2021-12-13T18:05:52","slug":"a-propos","status":"publish","type":"page","link":"http:\/\/accordfinancial.com\/fr\/company\/about\/","title":{"rendered":"\u00c0 propos de nous"},"content":{"rendered":"","protected":false},"excerpt":{"rendered":"<p>Depuis nos tout d\u00e9buts, nous avons \u00e9tabli une base solide faisant de nous une entreprise prosp\u00e8re et un partenaire fiable. Alors que nous poursuivons notre croissance, notre objectif reste le m\u00eame : simplifier l'acc\u00e8s aux capitaux afin que nos clients puissent conna\u00eetre le succ\u00e8s.<\/p>","protected":false},"author":1,"featured_media":3890,"parent":50,"menu_order":7,"comment_status":"closed","ping_status":"closed","template":"templates\/about.php","meta":{"_acf_changed":false,"footnotes":""},"class_list":["post-58","page","type-page","status-publish","has-post-thumbnail","hentry"],"acf":[],"yoast_head":"<!-- This site is optimized with the Yoast SEO plugin v27.4 - https:\/\/yoast.com\/product\/yoast-seo-wordpress\/ -->\n<title>About Us | Accord Financial<\/title>\n<meta name=\"description\" content=\"Throughout our history, we\u2019ve built a strong foundation as a successful company and reliable partner. As we continue to grow, our focus remains the same: simplifying access to capital so our clients can thrive.\" \/>\n<meta name=\"robots\" content=\"index, follow, max-snippet:-1, max-image-preview:large, max-video-preview:-1\" \/>\n<link rel=\"canonical\" href=\"https:\/\/accordfinancial.com\/fr\/compagnie\/a-propos\/\" \/>\n<meta property=\"og:locale\" content=\"fr_CA\" \/>\n<meta property=\"og:type\" content=\"article\" \/>\n<meta property=\"og:title\" content=\"About Us | Accord Financial\" \/>\n<meta property=\"og:description\" content=\"Throughout our history, we\u2019ve built a strong foundation as a successful company and reliable partner. As we continue to grow, our focus remains the same: simplifying access to capital so our clients can thrive.\" \/>\n<meta property=\"og:url\" content=\"https:\/\/accordfinancial.com\/fr\/compagnie\/a-propos\/\" \/>\n<meta property=\"og:site_name\" content=\"Accord Financial\" \/>\n<meta property=\"article:publisher\" content=\"https:\/\/www.facebook.com\/accordfinancialcorp\/\" \/>\n<meta property=\"article:modified_time\" content=\"2021-12-13T18:05:52+00:00\" \/>\n<meta property=\"og:image\" content=\"http:\/\/accordfinancial.com\/wp-content\/uploads\/2020\/09\/company-about_us.jpg\" \/>\n\t<meta property=\"og:image:width\" content=\"1800\" \/>\n\t<meta property=\"og:image:height\" content=\"2400\" \/>\n\t<meta property=\"og:image:type\" content=\"image\/jpeg\" \/>\n<meta name=\"twitter:card\" content=\"summary_large_image\" \/>\n<meta name=\"twitter:site\" content=\"@accordfincorp\" \/>\n<script type=\"application\/ld+json\" class=\"yoast-schema-graph\">{\"@context\":\"https:\\\/\\\/schema.org\",\"@graph\":[{\"@type\":\"WebPage\",\"@id\":\"http:\\\/\\\/accordfinancial.com\\\/company\\\/about\\\/\",\"url\":\"https:\\\/\\\/accordfinancial.com\\\/company\\\/about\\\/\",\"name\":\"About Us | Accord Financial\",\"isPartOf\":{\"@id\":\"http:\\\/\\\/accordfinancial.com\\\/#website\"},\"primaryImageOfPage\":{\"@id\":\"https:\\\/\\\/accordfinancial.com\\\/company\\\/about\\\/#primaryimage\"},\"image\":{\"@id\":\"https:\\\/\\\/accordfinancial.com\\\/company\\\/about\\\/#primaryimage\"},\"thumbnailUrl\":\"http:\\\/\\\/accordfinancial.com\\\/wp-content\\\/uploads\\\/2020\\\/09\\\/company-about_us.jpg\",\"datePublished\":\"2020-05-28T21:22:00+00:00\",\"dateModified\":\"2021-12-13T18:05:52+00:00\",\"description\":\"Throughout our history, we\u2019ve built a strong foundation as a successful company and reliable partner. As we continue to grow, our focus remains the same: simplifying access to capital so our clients can thrive.\",\"breadcrumb\":{\"@id\":\"https:\\\/\\\/accordfinancial.com\\\/company\\\/about\\\/#breadcrumb\"},\"inLanguage\":\"fr-CA\",\"potentialAction\":[{\"@type\":\"ReadAction\",\"target\":[\"https:\\\/\\\/accordfinancial.com\\\/company\\\/about\\\/\"]}]},{\"@type\":\"ImageObject\",\"inLanguage\":\"fr-CA\",\"@id\":\"https:\\\/\\\/accordfinancial.com\\\/company\\\/about\\\/#primaryimage\",\"url\":\"http:\\\/\\\/accordfinancial.com\\\/wp-content\\\/uploads\\\/2020\\\/09\\\/company-about_us.jpg\",\"contentUrl\":\"http:\\\/\\\/accordfinancial.com\\\/wp-content\\\/uploads\\\/2020\\\/09\\\/company-about_us.jpg\",\"width\":1800,\"height\":2400,\"caption\":\"company about us\"},{\"@type\":\"BreadcrumbList\",\"@id\":\"https:\\\/\\\/accordfinancial.com\\\/company\\\/about\\\/#breadcrumb\",\"itemListElement\":[{\"@type\":\"ListItem\",\"position\":1,\"name\":\"Home\",\"item\":\"https:\\\/\\\/accordfinancial.com\\\/\"},{\"@type\":\"ListItem\",\"position\":2,\"name\":\"Our Company\",\"item\":\"https:\\\/\\\/accordfinancial.com\\\/company\\\/\"},{\"@type\":\"ListItem\",\"position\":3,\"name\":\"About Us\"}]},{\"@type\":\"WebSite\",\"@id\":\"http:\\\/\\\/accordfinancial.com\\\/#website\",\"url\":\"http:\\\/\\\/accordfinancial.com\\\/\",\"name\":\"Accord Financial\",\"description\":\"Business Loans &amp; Asset Based Lending\",\"potentialAction\":[{\"@type\":\"SearchAction\",\"target\":{\"@type\":\"EntryPoint\",\"urlTemplate\":\"http:\\\/\\\/accordfinancial.com\\\/?s={search_term_string}\"},\"query-input\":{\"@type\":\"PropertyValueSpecification\",\"valueRequired\":true,\"valueName\":\"search_term_string\"}}],\"inLanguage\":\"fr-CA\"}]}<\/script>\n<!-- \/ Yoast SEO plugin. -->","yoast_head_json":{"title":"\u00c0 propos de nous | Financi\u00e8re Accord","description":"Depuis nos tout d\u00e9buts, nous avons \u00e9tabli une base solide faisant de nous une entreprise prosp\u00e8re et un partenaire fiable. Alors que nous poursuivons notre croissance, notre objectif reste le m\u00eame : simplifier l'acc\u00e8s aux capitaux afin que nos clients puissent conna\u00eetre le succ\u00e8s.","robots":{"index":"index","follow":"follow","max-snippet":"max-snippet:-1","max-image-preview":"max-image-preview:large","max-video-preview":"max-video-preview:-1"},"canonical":"https:\/\/accordfinancial.com\/fr\/compagnie\/a-propos\/","og_locale":"fr_CA","og_type":"article","og_title":"About Us | Accord Financial","og_description":"Throughout our history, we\u2019ve built a strong foundation as a successful company and reliable partner. As we continue to grow, our focus remains the same: simplifying access to capital so our clients can thrive.","og_url":"https:\/\/accordfinancial.com\/fr\/compagnie\/a-propos\/","og_site_name":"Accord Financial","article_publisher":"https:\/\/www.facebook.com\/accordfinancialcorp\/","article_modified_time":"2021-12-13T18:05:52+00:00","og_image":[{"width":1800,"height":2400,"url":"http:\/\/accordfinancial.com\/wp-content\/uploads\/2020\/09\/company-about_us.jpg","type":"image\/jpeg"}],"twitter_card":"summary_large_image","twitter_site":"@accordfincorp","schema":{"@context":"https:\/\/schema.org","@graph":[{"@type":"WebPage","@id":"http:\/\/accordfinancial.com\/company\/about\/","url":"https:\/\/accordfinancial.com\/company\/about\/","name":"\u00c0 propos de nous | Financi\u00e8re Accord","isPartOf":{"@id":"http:\/\/accordfinancial.com\/#website"},"primaryImageOfPage":{"@id":"https:\/\/accordfinancial.com\/company\/about\/#primaryimage"},"image":{"@id":"https:\/\/accordfinancial.com\/company\/about\/#primaryimage"},"thumbnailUrl":"http:\/\/accordfinancial.com\/wp-content\/uploads\/2020\/09\/company-about_us.jpg","datePublished":"2020-05-28T21:22:00+00:00","dateModified":"2021-12-13T18:05:52+00:00","description":"Depuis nos tout d\u00e9buts, nous avons \u00e9tabli une base solide faisant de nous une entreprise prosp\u00e8re et un partenaire fiable. Alors que nous poursuivons notre croissance, notre objectif reste le m\u00eame : simplifier l'acc\u00e8s aux capitaux afin que nos clients puissent conna\u00eetre le succ\u00e8s.","breadcrumb":{"@id":"https:\/\/accordfinancial.com\/company\/about\/#breadcrumb"},"inLanguage":"fr-CA","potentialAction":[{"@type":"ReadAction","target":["https:\/\/accordfinancial.com\/company\/about\/"]}]},{"@type":"ImageObject","inLanguage":"fr-CA","@id":"https:\/\/accordfinancial.com\/company\/about\/#primaryimage","url":"http:\/\/accordfinancial.com\/wp-content\/uploads\/2020\/09\/company-about_us.jpg","contentUrl":"http:\/\/accordfinancial.com\/wp-content\/uploads\/2020\/09\/company-about_us.jpg","width":1800,"height":2400,"caption":"company about us"},{"@type":"BreadcrumbList","@id":"https:\/\/accordfinancial.com\/company\/about\/#breadcrumb","itemListElement":[{"@type":"ListItem","position":1,"name":"Home","item":"https:\/\/accordfinancial.com\/"},{"@type":"ListItem","position":2,"name":"Our Company","item":"https:\/\/accordfinancial.com\/company\/"},{"@type":"ListItem","position":3,"name":"About Us"}]},{"@type":"WebSite","@id":"http:\/\/accordfinancial.com\/#website","url":"http:\/\/accordfinancial.com\/","name":"Financi\u00e8re Accord","description":"Pr\u00eats aux entreprises et pr\u00eats bas\u00e9s sur les actifs","potentialAction":[{"@type":"SearchAction","target":{"@type":"EntryPoint","urlTemplate":"http:\/\/accordfinancial.com\/?s={search_term_string}"},"query-input":{"@type":"PropertyValueSpecification","valueRequired":true,"valueName":"search_term_string"}}],"inLanguage":"fr-CA"}]}},"_links":{"self":[{"href":"http:\/\/accordfinancial.com\/fr\/wp-json\/wp\/v2\/pages\/58","targetHints":{"allow":["GET"]}}],"collection":[{"href":"http:\/\/accordfinancial.com\/fr\/wp-json\/wp\/v2\/pages"}],"about":[{"href":"http:\/\/accordfinancial.com\/fr\/wp-json\/wp\/v2\/types\/page"}],"author":[{"embeddable":true,"href":"http:\/\/accordfinancial.com\/fr\/wp-json\/wp\/v2\/users\/1"}],"replies":[{"embeddable":true,"href":"http:\/\/accordfinancial.com\/fr\/wp-json\/wp\/v2\/comments?post=58"}],"version-history":[{"count":0,"href":"http:\/\/accordfinancial.com\/fr\/wp-json\/wp\/v2\/pages\/58\/revisions"}],"up":[{"embeddable":true,"href":"http:\/\/accordfinancial.com\/fr\/wp-json\/wp\/v2\/pages\/50"}],"wp:featuredmedia":[{"embeddable":true,"href":"http:\/\/accordfinancial.com\/fr\/wp-json\/wp\/v2\/media\/3890"}],"wp:attachment":[{"href":"http:\/\/accordfinancial.com\/fr\/wp-json\/wp\/v2\/media?parent=58"}],"curies":[{"name":"wp","href":"https:\/\/api.w.org\/{rel}","templated":true}]}}