{"id":12675,"date":"2024-06-11T20:00:00","date_gmt":"2024-06-12T01:00:00","guid":{"rendered":"https:\/\/accord.galambos-dev.com\/?page_id=12675"},"modified":"2024-09-07T01:20:08","modified_gmt":"2024-09-07T06:20:08","slug":"ligne-de-credit-accordexpress","status":"publish","type":"page","link":"https:\/\/accordfinancial.com\/fr\/accordexpress-line-of-credit\/","title":{"rendered":"Ligne de cr\u00e9dit AccordExpress avec Accord Financial"},"content":{"rendered":"<section \n        class=\"block-acf block block-facts-figures facts-figures bg-gray-1 layout--content-visuals site-grid-full watch-bleed\"\n        id=\"facts-figures-7b1121c5ef4aa8d2cf2f0546fd93a2f9\"\n        ><div \n        class=\"section-visuals visuals section-facts-figures facts-figures as-stretch w-100pct pt-5 pt-10_768-min pt-15_1100-min pt-20_1440-min pb-6 pb-12_768-min pb-18_1100-min pb-24_1440-min\"\n        >\n        <div\n            class=\"loop-fact-figure d-grid\"\n            ><figure\n                    class=\"single-fact-figure fact-figure item-1\"\n                    data-aos=\"fade-up\"\n                    data-aos-delay=\"250\"\n                    data-aos-anchor=\"#facts-figures-7b1121c5ef4aa8d2cf2f0546fd93a2f9\"\n                    data-aos-anchor-placement=\"bottom-bottom\"\n                    >\n                    <span \n                        class=\"item-statistic statistic text-blue-1 d-inline-block pos-relative\"\n                        >\n                        <span class='before d-block pos-absolute or-100pct ob-0'><\/span><strong>45<\/strong><span class='after'><\/span>                    <\/span>\n                    <br\/>\n                    <span \n                        class=\"item-support-text support-text text-sm d-block\"\n                        >\n                        des ann\u00e9es d&#039;exp\u00e9rience                    <\/span>\n                <\/figure><figure\n                    class=\"single-fact-figure fact-figure item-2\"\n                    data-aos=\"fade-up\"\n                    data-aos-delay=\"500\"\n                    data-aos-anchor=\"#facts-figures-7b1121c5ef4aa8d2cf2f0546fd93a2f9\"\n                    data-aos-anchor-placement=\"bottom-bottom\"\n                    >\n                    <span \n                        class=\"item-statistic statistic text-blue-1 d-inline-block pos-relative\"\n                        >\n                        <span class='before d-block pos-absolute or-100pct ob-0'><\/span><strong>Des milliers<\/strong><span class='after'><\/span>                    <\/span>\n                    <br\/>\n                    <span \n                        class=\"item-support-text support-text text-sm d-block\"\n                        >\n                        des entreprises aid\u00e9es                    <\/span>\n                <\/figure><figure\n                    class=\"single-fact-figure fact-figure item-3\"\n                    data-aos=\"fade-up\"\n                    data-aos-delay=\"750\"\n                    data-aos-anchor=\"#facts-figures-7b1121c5ef4aa8d2cf2f0546fd93a2f9\"\n                    data-aos-anchor-placement=\"bottom-bottom\"\n                    >\n                    <span \n                        class=\"item-statistic statistic text-blue-1 d-inline-block pos-relative\"\n                        >\n                        <span class='before d-block pos-absolute or-100pct ob-0'><\/span><strong>1992<\/strong><span class='after'><\/span>                    <\/span>\n                    <br\/>\n                    <span \n                        class=\"item-support-text support-text text-sm d-block\"\n                        >\n                        Premi\u00e8re soci\u00e9t\u00e9 cot\u00e9e en bourse                    <\/span>\n                <\/figure><figure\n                    class=\"single-fact-figure fact-figure item-4\"\n                    data-aos=\"fade-up\"\n                    data-aos-delay=\"1000\"\n                    data-aos-anchor=\"#facts-figures-7b1121c5ef4aa8d2cf2f0546fd93a2f9\"\n                    data-aos-anchor-placement=\"bottom-bottom\"\n                    >\n                    <span \n                        class=\"item-statistic statistic text-blue-1 d-inline-block pos-relative\"\n                        >\n                        <span class='before d-block pos-absolute or-100pct ob-0'><\/span><strong>$400<\/strong><span class='after'>MM+<\/span>                    <\/span>\n                    <br\/>\n                    <span \n                        class=\"item-support-text support-text text-sm d-block\"\n                        >\n                        Fonds actuellement utilis\u00e9s                    <\/span>\n                <\/figure><\/div>\n    <\/div><section\n        class=\"section-content content as-center pt-5 pt-10_768-min pt-15_1100-min pt-20_1440-min pb-6 pb-12_768-min pb-18_1100-min pb-24_1440-min\"\n        ><h3 class=\"section-eyebrow h6 mb-2\">\n                    Ligne de cr\u00e9dit provenant d&#039;une source de confiance                <\/h3><h2 class=\"section-title title\">Pourquoi choisir Accord?<\/h2><div \n                    class=\"section-text text text-subhead mt-5\"\n                    >\n                    <p>Tous les pr\u00eats aux entreprises canadiennes ne sont pas identiques. AccordExpress peut \u00eatre utilis\u00e9 et rembours\u00e9 \u00e0 tout moment. Pas de mensualit\u00e9s fixes ni de remboursement du capital fixe jusqu&#039;\u00e0 l&#039;\u00e9ch\u00e9ance.<\/p>\n                <\/div><\/section><\/section>\n\n<section class=\"block-acf block block-cta cta bg-blue-2 text-white px-section watch-bleed\" id=\"cta-14c80f0328acaac5ad1b7fc7c7b0d198\"><div class=\"section-content content as-center pos-relative d-flex w-max-1306px mx-auto py-8\"><h2 class=\"section-title title text-white\">Accord Financial offre un service client incroyable, aucun frais cach\u00e9 et des solutions rapides pour les petites entreprises.<\/h2><a class=\"section-btn btn bg-blue-1 text-white\" href=\"#get-funded\" target=\"\">Obtenir un financement<\/a><\/div><\/section>\n\n<section class=\"block-acf block block-frequently-asked-questions frequently-asked-questions block-section-w-accordion bg-white site-grid-full layout--content-visuals layout--mobile-stack watch-bleed\" id=\"frequently-asked-questions\"><div class=\"section-visuals visuals section-image image as-start d-none_768-max w-100pct mt--bleed js-start\"><picture id=\"attachment-13818\"><img loading=\"lazy\" decoding=\"async\" src=\"https:\/\/accordfinancial.com\/wp-content\/uploads\/2024\/06\/accordexpress_line_of_credit-faqs.jpg\" width=\"2400\" height=\"1600\" alt=\"FAQ sur la marge de cr\u00e9dit accordexpress\"\/><\/picture><\/div><section class=\"section-content content as-center pt-5 pt-10_768-min pt-15_1100-min pt-20_1440-min pb-6 pb-12_768-min pb-18_1100-min pb-24_1440-min\"><h2 class=\"section-title title text-lg\">Questions fr\u00e9quentes<\/h2><div class=\"section-items loop-accordion accordions\"><div class=\"single-accordion-item accordion-item\"><h3 class=\"accordion-item-header item-header active d-flex gap-6\">Qu\u2019est-ce qu\u2019une marge de cr\u00e9dit entreprise ?<span class=\"header-icons icons text-blue-1\"><i class=\"icon-collapsed fa-sharp fa-regular fa-plus\"><\/i><i class=\"icon-active fa-sharp fa-regular fa-minus\"><\/i><\/span><\/h3><div class=\"accordion-item-content item-content text-sm\"><div class=\"inner pt-2\"><p class=\"p1\">Une ligne de cr\u00e9dit commerciale permet d&#039;acc\u00e9der \u00e0 des fonds sur demande, \u00e0 tout moment, jusqu&#039;\u00e0 la limite de cr\u00e9dit approuv\u00e9e. Contrairement \u00e0 un pr\u00eat \u00e0 terme, les fonds peuvent \u00eatre rembours\u00e9s et retir\u00e9s \u00e0 nouveau quand vous en avez besoin, sans paiements mensuels minimums et sans remboursement de capital fixe jusqu&#039;\u00e0 l&#039;\u00e9ch\u00e9ance. La flexibilit\u00e9 d&#039;AccordExpress vous donne un contr\u00f4le total sur votre tr\u00e9sorerie.<\/p>\n<\/div><\/div><\/div><div class=\"single-accordion-item accordion-item\"><h3 class=\"accordion-item-header item-header collapsed d-flex gap-6\">Comment fonctionne une marge de cr\u00e9dit AccordExpress ?<span class=\"header-icons icons text-blue-1\"><i class=\"icon-collapsed fa-sharp fa-regular fa-plus\"><\/i><i class=\"icon-active fa-sharp fa-regular fa-minus\"><\/i><\/span><\/h3><div class=\"accordion-item-content item-content d-none text-sm\"><div class=\"inner pt-2\"><p class=\"p1\">Contrairement aux pr\u00eats traditionnels, vous pouvez pr\u00e9lever et rembourser des fonds plusieurs fois au cours de l&#039;accord, qui est g\u00e9n\u00e9ralement renouvel\u00e9 tous les 12 mois. Les fonds sont accessibles dans un d\u00e9lai de 1 \u00e0 3 jours ouvrables apr\u00e8s la demande, les int\u00e9r\u00eats \u00e9tant pay\u00e9s mensuellement uniquement sur le montant pr\u00e9lev\u00e9. Le remboursement des fonds rouvre votre disponibilit\u00e9 de cr\u00e9dit, ce qui en fait une ligne de cr\u00e9dit renouvelable.<\/p>\n<\/div><\/div><\/div><div class=\"single-accordion-item accordion-item\"><h3 class=\"accordion-item-header item-header collapsed d-flex gap-6\">\u00c0 quoi puis-je utiliser les fonds ?<span class=\"header-icons icons text-blue-1\"><i class=\"icon-collapsed fa-sharp fa-regular fa-plus\"><\/i><i class=\"icon-active fa-sharp fa-regular fa-minus\"><\/i><\/span><\/h3><div class=\"accordion-item-content item-content d-none text-sm\"><div class=\"inner pt-2\"><p class=\"p1\">Les fonds peuvent \u00eatre utilis\u00e9s pour n\u2019importe quelle d\u00e9pense professionnelle !<span class=\"Apple-converted-space\">\u00a0<\/span><\/p>\n<\/div><\/div><\/div><div class=\"single-accordion-item accordion-item\"><h3 class=\"accordion-item-header item-header collapsed d-flex gap-6\">Comment acc\u00e9der aux fonds ?<span class=\"header-icons icons text-blue-1\"><i class=\"icon-collapsed fa-sharp fa-regular fa-plus\"><\/i><i class=\"icon-active fa-sharp fa-regular fa-minus\"><\/i><\/span><\/h3><div class=\"accordion-item-content item-content d-none text-sm\"><div class=\"inner pt-2\"><p class=\"p1\">Pour acc\u00e9der aux fonds, vous devez soumettre une demande de d\u00e9caissement, jusqu&#039;\u00e0 votre limite d&#039;approbation, et les fonds seront accessibles depuis votre compte bancaire dans un d\u00e9lai de 1 \u00e0 3 jours ouvrables.<\/p>\n<\/div><\/div><\/div><div class=\"single-accordion-item accordion-item\"><h3 class=\"accordion-item-header item-header collapsed d-flex gap-6\">Est-ce que cela appara\u00eet sur mon rapport de cr\u00e9dit\u00a0?<span class=\"header-icons icons text-blue-1\"><i class=\"icon-collapsed fa-sharp fa-regular fa-plus\"><\/i><i class=\"icon-active fa-sharp fa-regular fa-minus\"><\/i><\/span><\/h3><div class=\"accordion-item-content item-content d-none text-sm\"><div class=\"inner pt-2\"><p class=\"p1\">Non, m\u00eame si nous extrayons votre rapport de cr\u00e9dit, les pr\u00eats avec Accord n&#039;apparaissent pas comme une obligation.<\/p>\n<\/div><\/div><\/div><\/div><\/section><\/section>\n\n<section class=\"block-acf block block-cta cta bg-blue-2 text-white px-section watch-bleed\" id=\"cta-22ef6b47b8824d2c9055c5c0f8d8af7a\"><div class=\"section-content content as-center pos-relative d-flex w-max-1306px mx-auto py-8\"><h2 class=\"section-title title text-white\">Aidons votre entreprise \u00e0 prosp\u00e9rer.<\/h2><a class=\"section-btn btn bg-blue-1 text-white\" href=\"#get-funded\" target=\"\">Obtenir un financement<\/a><\/div><\/section>","protected":false},"excerpt":{"rendered":"","protected":false},"author":1,"featured_media":13810,"parent":0,"menu_order":25,"comment_status":"closed","ping_status":"closed","template":"templates\/landing-page.php","meta":{"_acf_changed":false,"footnotes":""},"class_list":["post-12675","page","type-page","status-publish","has-post-thumbnail","hentry"],"acf":{"features":null,"header":{"":null,"text_center":"Financing Made Simple: Access Working Capital Up to $3,000,000","link_right":{"title":"Obtenir un financement","url":"#get-funded","target":""}},"intro":{"":null,"headline":"Simplified Access\r\nto Working Capital \r\nup to $3 Million","text":"<ul class=\"checkmark-list\">\r\n \t<li>Up to $250,000 with no collateral<\/li>\r\n \t<li>Simple approvals within 48 hours<\/li>\r\n \t<li>Draw funds and repay whenever you choose<\/li>\r\n \t<li>Straightforward pricing, competitive rates<\/li>\r\n \t<li>Simple Requirements (At least 2 years in business, $10,000 monthly revenue, Located in Canada)<\/li>\r\n<\/ul>","button":"","image":13810,"overlay":true,"images":"","form":{"id":"7","title":"Commencer","description":"Faire une demande n&#039;a aucune incidence sur votre cote de cr\u00e9dit"},"anchor":"get-funded"}},"yoast_head":"<!-- This site is optimized with the Yoast SEO plugin v27.3 - https:\/\/yoast.com\/product\/yoast-seo-wordpress\/ -->\n<title>AccordExpress Line of Credit with Accord Financial | Accord Financial<\/title>\n<meta name=\"robots\" content=\"noindex, nofollow\" \/>\n<meta property=\"og:locale\" content=\"fr_CA\" \/>\n<meta property=\"og:type\" content=\"article\" \/>\n<meta property=\"og:title\" content=\"AccordExpress Line of Credit with Accord Financial | Accord Financial\" \/>\n<meta property=\"og:url\" content=\"https:\/\/accordfinancial.com\/fr\/ligne-de-credit-accordexpress\/\" \/>\n<meta property=\"og:site_name\" content=\"Accord Financial\" \/>\n<meta property=\"article:publisher\" content=\"https:\/\/www.facebook.com\/accordfinancialcorp\/\" \/>\n<meta property=\"article:modified_time\" content=\"2024-09-07T06:20:08+00:00\" \/>\n<meta property=\"og:image\" content=\"https:\/\/accordfinancial.com\/wp-content\/uploads\/2024\/06\/accordexpress_line_of_credit-hero.jpg\" \/>\n\t<meta property=\"og:image:width\" content=\"2400\" \/>\n\t<meta property=\"og:image:height\" content=\"1600\" \/>\n\t<meta property=\"og:image:type\" content=\"image\/jpeg\" \/>\n<meta name=\"twitter:card\" content=\"summary_large_image\" \/>\n<meta name=\"twitter:site\" content=\"@accordfincorp\" \/>\n<script type=\"application\/ld+json\" class=\"yoast-schema-graph\">{\"@context\":\"https:\\\/\\\/schema.org\",\"@graph\":[{\"@type\":\"WebPage\",\"@id\":\"https:\\\/\\\/accordfinancial.com\\\/accordexpress-line-of-credit\\\/\",\"url\":\"https:\\\/\\\/accordfinancial.com\\\/accordexpress-line-of-credit\\\/\",\"name\":\"AccordExpress Line of Credit with Accord Financial | Accord Financial\",\"isPartOf\":{\"@id\":\"https:\\\/\\\/accordfinancial.com\\\/#website\"},\"primaryImageOfPage\":{\"@id\":\"https:\\\/\\\/accordfinancial.com\\\/accordexpress-line-of-credit\\\/#primaryimage\"},\"image\":{\"@id\":\"https:\\\/\\\/accordfinancial.com\\\/accordexpress-line-of-credit\\\/#primaryimage\"},\"thumbnailUrl\":\"https:\\\/\\\/accordfinancial.com\\\/wp-content\\\/uploads\\\/2024\\\/06\\\/accordexpress_line_of_credit-hero.jpg\",\"datePublished\":\"2024-06-12T01:00:00+00:00\",\"dateModified\":\"2024-09-07T06:20:08+00:00\",\"breadcrumb\":{\"@id\":\"https:\\\/\\\/accordfinancial.com\\\/accordexpress-line-of-credit\\\/#breadcrumb\"},\"inLanguage\":\"fr-CA\",\"potentialAction\":[{\"@type\":\"ReadAction\",\"target\":[\"https:\\\/\\\/accordfinancial.com\\\/accordexpress-line-of-credit\\\/\"]}]},{\"@type\":\"ImageObject\",\"inLanguage\":\"fr-CA\",\"@id\":\"https:\\\/\\\/accordfinancial.com\\\/accordexpress-line-of-credit\\\/#primaryimage\",\"url\":\"https:\\\/\\\/accordfinancial.com\\\/wp-content\\\/uploads\\\/2024\\\/06\\\/accordexpress_line_of_credit-hero.jpg\",\"contentUrl\":\"https:\\\/\\\/accordfinancial.com\\\/wp-content\\\/uploads\\\/2024\\\/06\\\/accordexpress_line_of_credit-hero.jpg\",\"width\":2400,\"height\":1600,\"caption\":\"accordexpress line of credit hero\"},{\"@type\":\"BreadcrumbList\",\"@id\":\"https:\\\/\\\/accordfinancial.com\\\/accordexpress-line-of-credit\\\/#breadcrumb\",\"itemListElement\":[{\"@type\":\"ListItem\",\"position\":1,\"name\":\"Home\",\"item\":\"https:\\\/\\\/accordfinancial.com\\\/\"},{\"@type\":\"ListItem\",\"position\":2,\"name\":\"AccordExpress Line of Credit with Accord Financial\"}]},{\"@type\":\"WebSite\",\"@id\":\"https:\\\/\\\/accordfinancial.com\\\/#website\",\"url\":\"https:\\\/\\\/accordfinancial.com\\\/\",\"name\":\"Accord Financial\",\"description\":\"Business Loans &amp; Asset Based Lending\",\"potentialAction\":[{\"@type\":\"SearchAction\",\"target\":{\"@type\":\"EntryPoint\",\"urlTemplate\":\"https:\\\/\\\/accordfinancial.com\\\/?s={search_term_string}\"},\"query-input\":{\"@type\":\"PropertyValueSpecification\",\"valueRequired\":true,\"valueName\":\"search_term_string\"}}],\"inLanguage\":\"fr-CA\"}]}<\/script>\n<!-- \/ Yoast SEO plugin. -->","yoast_head_json":{"title":"Marge de cr\u00e9dit AccordExpress avec Accord Financial | Accord Financier","robots":{"index":"noindex","follow":"nofollow"},"og_locale":"fr_CA","og_type":"article","og_title":"AccordExpress Line of Credit with Accord Financial | Accord Financial","og_url":"https:\/\/accordfinancial.com\/fr\/ligne-de-credit-accordexpress\/","og_site_name":"Accord Financial","article_publisher":"https:\/\/www.facebook.com\/accordfinancialcorp\/","article_modified_time":"2024-09-07T06:20:08+00:00","og_image":[{"width":2400,"height":1600,"url":"https:\/\/accordfinancial.com\/wp-content\/uploads\/2024\/06\/accordexpress_line_of_credit-hero.jpg","type":"image\/jpeg"}],"twitter_card":"summary_large_image","twitter_site":"@accordfincorp","schema":{"@context":"https:\/\/schema.org","@graph":[{"@type":"WebPage","@id":"https:\/\/accordfinancial.com\/accordexpress-line-of-credit\/","url":"https:\/\/accordfinancial.com\/accordexpress-line-of-credit\/","name":"Marge de cr\u00e9dit AccordExpress avec Accord Financial | Accord Financier","isPartOf":{"@id":"https:\/\/accordfinancial.com\/#website"},"primaryImageOfPage":{"@id":"https:\/\/accordfinancial.com\/accordexpress-line-of-credit\/#primaryimage"},"image":{"@id":"https:\/\/accordfinancial.com\/accordexpress-line-of-credit\/#primaryimage"},"thumbnailUrl":"https:\/\/accordfinancial.com\/wp-content\/uploads\/2024\/06\/accordexpress_line_of_credit-hero.jpg","datePublished":"2024-06-12T01:00:00+00:00","dateModified":"2024-09-07T06:20:08+00:00","breadcrumb":{"@id":"https:\/\/accordfinancial.com\/accordexpress-line-of-credit\/#breadcrumb"},"inLanguage":"fr-CA","potentialAction":[{"@type":"ReadAction","target":["https:\/\/accordfinancial.com\/accordexpress-line-of-credit\/"]}]},{"@type":"ImageObject","inLanguage":"fr-CA","@id":"https:\/\/accordfinancial.com\/accordexpress-line-of-credit\/#primaryimage","url":"https:\/\/accordfinancial.com\/wp-content\/uploads\/2024\/06\/accordexpress_line_of_credit-hero.jpg","contentUrl":"https:\/\/accordfinancial.com\/wp-content\/uploads\/2024\/06\/accordexpress_line_of_credit-hero.jpg","width":2400,"height":1600,"caption":"accordexpress line of credit hero"},{"@type":"BreadcrumbList","@id":"https:\/\/accordfinancial.com\/accordexpress-line-of-credit\/#breadcrumb","itemListElement":[{"@type":"ListItem","position":1,"name":"Home","item":"https:\/\/accordfinancial.com\/"},{"@type":"ListItem","position":2,"name":"AccordExpress Line of Credit with Accord Financial"}]},{"@type":"WebSite","@id":"https:\/\/accordfinancial.com\/#website","url":"https:\/\/accordfinancial.com\/","name":"Financi\u00e8re Accord","description":"Pr\u00eats aux entreprises et pr\u00eats bas\u00e9s sur les actifs","potentialAction":[{"@type":"SearchAction","target":{"@type":"EntryPoint","urlTemplate":"https:\/\/accordfinancial.com\/?s={search_term_string}"},"query-input":{"@type":"PropertyValueSpecification","valueRequired":true,"valueName":"search_term_string"}}],"inLanguage":"fr-CA"}]}},"_links":{"self":[{"href":"https:\/\/accordfinancial.com\/fr\/wp-json\/wp\/v2\/pages\/12675","targetHints":{"allow":["GET"]}}],"collection":[{"href":"https:\/\/accordfinancial.com\/fr\/wp-json\/wp\/v2\/pages"}],"about":[{"href":"https:\/\/accordfinancial.com\/fr\/wp-json\/wp\/v2\/types\/page"}],"author":[{"embeddable":true,"href":"https:\/\/accordfinancial.com\/fr\/wp-json\/wp\/v2\/users\/1"}],"replies":[{"embeddable":true,"href":"https:\/\/accordfinancial.com\/fr\/wp-json\/wp\/v2\/comments?post=12675"}],"version-history":[{"count":13,"href":"https:\/\/accordfinancial.com\/fr\/wp-json\/wp\/v2\/pages\/12675\/revisions"}],"predecessor-version":[{"id":16626,"href":"https:\/\/accordfinancial.com\/fr\/wp-json\/wp\/v2\/pages\/12675\/revisions\/16626"}],"wp:featuredmedia":[{"embeddable":true,"href":"https:\/\/accordfinancial.com\/fr\/wp-json\/wp\/v2\/media\/13810"}],"wp:attachment":[{"href":"https:\/\/accordfinancial.com\/fr\/wp-json\/wp\/v2\/media?parent=12675"}],"curies":[{"name":"wp","href":"https:\/\/api.w.org\/{rel}","templated":true}]}}