{"id":3276,"date":"2020-08-14T17:01:57","date_gmt":"2020-08-14T17:01:57","guid":{"rendered":"https:\/\/accord.galambos-dev.com\/?page_id=3276"},"modified":"2021-11-19T14:37:38","modified_gmt":"2021-11-19T19:37:38","slug":"carrieres","status":"publish","type":"page","link":"https:\/\/accordfinancial.com\/fr\/company\/careers\/","title":{"rendered":"Carri\u00e8res"},"content":{"rendered":"","protected":false},"excerpt":{"rendered":"<p>Notre milieu de travail permet aux personnes motiv\u00e9es de cro\u00eetre et d'\u00eatre r\u00e9compens\u00e9es pour leurs d\u00e9couvertes et leurs r\u00e9alisations, dans un endroit qu'elles aiment.<\/p>","protected":false},"author":1,"featured_media":722,"parent":50,"menu_order":9,"comment_status":"closed","ping_status":"closed","template":"templates\/careers.php","meta":{"_acf_changed":false,"footnotes":""},"class_list":["post-3276","page","type-page","status-publish","has-post-thumbnail","hentry"],"acf":[],"yoast_head":"<!-- This site is optimized with the Yoast SEO plugin v27.4 - https:\/\/yoast.com\/product\/yoast-seo-wordpress\/ -->\n<title>Careers | Accord Financial<\/title>\n<meta name=\"description\" content=\"We are designing a workplace where people are inspired to grow, and are rewarded for invention and achievement, in a place they love.\" \/>\n<meta name=\"robots\" content=\"index, follow, max-snippet:-1, max-image-preview:large, max-video-preview:-1\" \/>\n<link rel=\"canonical\" href=\"https:\/\/accordfinancial.com\/fr\/compagnie\/carrieres\/\" \/>\n<meta property=\"og:locale\" content=\"fr_CA\" \/>\n<meta property=\"og:type\" content=\"article\" \/>\n<meta property=\"og:title\" content=\"Careers | Accord Financial\" \/>\n<meta property=\"og:description\" content=\"We are designing a workplace where people are inspired to grow, and are rewarded for invention and achievement, in a place they love.\" \/>\n<meta property=\"og:url\" content=\"https:\/\/accordfinancial.com\/fr\/compagnie\/carrieres\/\" \/>\n<meta property=\"og:site_name\" content=\"Accord Financial\" \/>\n<meta property=\"article:publisher\" content=\"https:\/\/www.facebook.com\/accordfinancialcorp\/\" \/>\n<meta property=\"article:modified_time\" content=\"2021-11-19T19:37:38+00:00\" \/>\n<meta property=\"og:image\" content=\"https:\/\/accordfinancial.com\/wp-content\/uploads\/2020\/05\/accord-services-ar-management-faq.jpg\" \/>\n\t<meta property=\"og:image:width\" content=\"2400\" \/>\n\t<meta property=\"og:image:height\" content=\"1600\" \/>\n\t<meta property=\"og:image:type\" content=\"image\/jpeg\" \/>\n<meta name=\"twitter:card\" content=\"summary_large_image\" \/>\n<meta name=\"twitter:site\" content=\"@accordfincorp\" \/>\n<script type=\"application\/ld+json\" class=\"yoast-schema-graph\">{\"@context\":\"https:\\\/\\\/schema.org\",\"@graph\":[{\"@type\":\"WebPage\",\"@id\":\"https:\\\/\\\/accordfinancial.com\\\/fr\\\/compagnie\\\/carrieres\\\/\",\"url\":\"https:\\\/\\\/accordfinancial.com\\\/company\\\/careers\\\/\",\"name\":\"Careers | Accord Financial\",\"isPartOf\":{\"@id\":\"http:\\\/\\\/accordfinancial.com\\\/#website\"},\"primaryImageOfPage\":{\"@id\":\"https:\\\/\\\/accordfinancial.com\\\/company\\\/careers\\\/#primaryimage\"},\"image\":{\"@id\":\"https:\\\/\\\/accordfinancial.com\\\/company\\\/careers\\\/#primaryimage\"},\"thumbnailUrl\":\"https:\\\/\\\/accordfinancial.com\\\/wp-content\\\/uploads\\\/2020\\\/05\\\/accord-services-ar-management-faq.jpg\",\"datePublished\":\"2020-08-14T17:01:57+00:00\",\"dateModified\":\"2021-11-19T19:37:38+00:00\",\"description\":\"We are designing a workplace where people are inspired to grow, and are rewarded for invention and achievement, in a place they love.\",\"breadcrumb\":{\"@id\":\"https:\\\/\\\/accordfinancial.com\\\/company\\\/careers\\\/#breadcrumb\"},\"inLanguage\":\"fr-CA\",\"potentialAction\":[{\"@type\":\"ReadAction\",\"target\":[\"https:\\\/\\\/accordfinancial.com\\\/company\\\/careers\\\/\"]}]},{\"@type\":\"ImageObject\",\"inLanguage\":\"fr-CA\",\"@id\":\"https:\\\/\\\/accordfinancial.com\\\/company\\\/careers\\\/#primaryimage\",\"url\":\"https:\\\/\\\/accordfinancial.com\\\/wp-content\\\/uploads\\\/2020\\\/05\\\/accord-services-ar-management-faq.jpg\",\"contentUrl\":\"https:\\\/\\\/accordfinancial.com\\\/wp-content\\\/uploads\\\/2020\\\/05\\\/accord-services-ar-management-faq.jpg\",\"width\":2400,\"height\":1600,\"caption\":\"accord services ar management faq\"},{\"@type\":\"BreadcrumbList\",\"@id\":\"https:\\\/\\\/accordfinancial.com\\\/company\\\/careers\\\/#breadcrumb\",\"itemListElement\":[{\"@type\":\"ListItem\",\"position\":1,\"name\":\"Home\",\"item\":\"https:\\\/\\\/accordfinancial.com\\\/\"},{\"@type\":\"ListItem\",\"position\":2,\"name\":\"Our Company\",\"item\":\"https:\\\/\\\/accordfinancial.com\\\/company\\\/\"},{\"@type\":\"ListItem\",\"position\":3,\"name\":\"Careers\"}]},{\"@type\":\"WebSite\",\"@id\":\"http:\\\/\\\/accordfinancial.com\\\/#website\",\"url\":\"http:\\\/\\\/accordfinancial.com\\\/\",\"name\":\"Accord Financial\",\"description\":\"Business Loans &amp; Asset Based Lending\",\"potentialAction\":[{\"@type\":\"SearchAction\",\"target\":{\"@type\":\"EntryPoint\",\"urlTemplate\":\"http:\\\/\\\/accordfinancial.com\\\/?s={search_term_string}\"},\"query-input\":{\"@type\":\"PropertyValueSpecification\",\"valueRequired\":true,\"valueName\":\"search_term_string\"}}],\"inLanguage\":\"fr-CA\"}]}<\/script>\n<!-- \/ Yoast SEO plugin. -->","yoast_head_json":{"title":"Carri\u00e8res | Financi\u00e8re Accord","description":"Notre milieu de travail permet aux personnes motiv\u00e9es de cro\u00eetre et d'\u00eatre r\u00e9compens\u00e9es pour leurs d\u00e9couvertes et leurs r\u00e9alisations, dans un endroit qu'elles aiment.","robots":{"index":"index","follow":"follow","max-snippet":"max-snippet:-1","max-image-preview":"max-image-preview:large","max-video-preview":"max-video-preview:-1"},"canonical":"https:\/\/accordfinancial.com\/fr\/compagnie\/carrieres\/","og_locale":"fr_CA","og_type":"article","og_title":"Careers | Accord Financial","og_description":"We are designing a workplace where people are inspired to grow, and are rewarded for invention and achievement, in a place they love.","og_url":"https:\/\/accordfinancial.com\/fr\/compagnie\/carrieres\/","og_site_name":"Accord Financial","article_publisher":"https:\/\/www.facebook.com\/accordfinancialcorp\/","article_modified_time":"2021-11-19T19:37:38+00:00","og_image":[{"width":2400,"height":1600,"url":"https:\/\/accordfinancial.com\/wp-content\/uploads\/2020\/05\/accord-services-ar-management-faq.jpg","type":"image\/jpeg"}],"twitter_card":"summary_large_image","twitter_site":"@accordfincorp","schema":{"@context":"https:\/\/schema.org","@graph":[{"@type":"WebPage","@id":"https:\/\/accordfinancial.com\/fr\/compagnie\/carrieres\/","url":"https:\/\/accordfinancial.com\/company\/careers\/","name":"Carri\u00e8res | Financi\u00e8re Accord","isPartOf":{"@id":"http:\/\/accordfinancial.com\/#website"},"primaryImageOfPage":{"@id":"https:\/\/accordfinancial.com\/company\/careers\/#primaryimage"},"image":{"@id":"https:\/\/accordfinancial.com\/company\/careers\/#primaryimage"},"thumbnailUrl":"https:\/\/accordfinancial.com\/wp-content\/uploads\/2020\/05\/accord-services-ar-management-faq.jpg","datePublished":"2020-08-14T17:01:57+00:00","dateModified":"2021-11-19T19:37:38+00:00","description":"Notre milieu de travail permet aux personnes motiv\u00e9es de cro\u00eetre et d'\u00eatre r\u00e9compens\u00e9es pour leurs d\u00e9couvertes et leurs r\u00e9alisations, dans un endroit qu'elles aiment.","breadcrumb":{"@id":"https:\/\/accordfinancial.com\/company\/careers\/#breadcrumb"},"inLanguage":"fr-CA","potentialAction":[{"@type":"ReadAction","target":["https:\/\/accordfinancial.com\/company\/careers\/"]}]},{"@type":"ImageObject","inLanguage":"fr-CA","@id":"https:\/\/accordfinancial.com\/company\/careers\/#primaryimage","url":"https:\/\/accordfinancial.com\/wp-content\/uploads\/2020\/05\/accord-services-ar-management-faq.jpg","contentUrl":"https:\/\/accordfinancial.com\/wp-content\/uploads\/2020\/05\/accord-services-ar-management-faq.jpg","width":2400,"height":1600,"caption":"accord services ar management faq"},{"@type":"BreadcrumbList","@id":"https:\/\/accordfinancial.com\/company\/careers\/#breadcrumb","itemListElement":[{"@type":"ListItem","position":1,"name":"Home","item":"https:\/\/accordfinancial.com\/"},{"@type":"ListItem","position":2,"name":"Our Company","item":"https:\/\/accordfinancial.com\/company\/"},{"@type":"ListItem","position":3,"name":"Careers"}]},{"@type":"WebSite","@id":"http:\/\/accordfinancial.com\/#website","url":"http:\/\/accordfinancial.com\/","name":"Financi\u00e8re Accord","description":"Pr\u00eats aux entreprises et pr\u00eats bas\u00e9s sur les actifs","potentialAction":[{"@type":"SearchAction","target":{"@type":"EntryPoint","urlTemplate":"http:\/\/accordfinancial.com\/?s={search_term_string}"},"query-input":{"@type":"PropertyValueSpecification","valueRequired":true,"valueName":"search_term_string"}}],"inLanguage":"fr-CA"}]}},"_links":{"self":[{"href":"https:\/\/accordfinancial.com\/fr\/wp-json\/wp\/v2\/pages\/3276","targetHints":{"allow":["GET"]}}],"collection":[{"href":"https:\/\/accordfinancial.com\/fr\/wp-json\/wp\/v2\/pages"}],"about":[{"href":"https:\/\/accordfinancial.com\/fr\/wp-json\/wp\/v2\/types\/page"}],"author":[{"embeddable":true,"href":"https:\/\/accordfinancial.com\/fr\/wp-json\/wp\/v2\/users\/1"}],"replies":[{"embeddable":true,"href":"https:\/\/accordfinancial.com\/fr\/wp-json\/wp\/v2\/comments?post=3276"}],"version-history":[{"count":0,"href":"https:\/\/accordfinancial.com\/fr\/wp-json\/wp\/v2\/pages\/3276\/revisions"}],"up":[{"embeddable":true,"href":"https:\/\/accordfinancial.com\/fr\/wp-json\/wp\/v2\/pages\/50"}],"wp:featuredmedia":[{"embeddable":true,"href":"https:\/\/accordfinancial.com\/fr\/wp-json\/wp\/v2\/media\/722"}],"wp:attachment":[{"href":"https:\/\/accordfinancial.com\/fr\/wp-json\/wp\/v2\/media?parent=3276"}],"curies":[{"name":"wp","href":"https:\/\/api.w.org\/{rel}","templated":true}]}}