{"id":3474,"date":"2020-09-02T22:23:24","date_gmt":"2020-09-02T22:23:24","guid":{"rendered":"https:\/\/accord.galambos-dev.com\/?page_id=3474"},"modified":"2021-11-23T16:16:32","modified_gmt":"2021-11-23T21:16:32","slug":"politique-juridique","status":"publish","type":"page","link":"https:\/\/accordfinancial.com\/fr\/resources\/legal-policy\/","title":{"rendered":"Politique juridique"},"content":{"rendered":"<p>Il s&#039;agit d&#039;un accord entre vous (\u00abVous\u00bb) et Accord Financial (Accord). \u00abNous\u00bb et \u00abnous\u00bb signifient \u00e0 la fois \u00abvous\u00bb et Accord. La date d&#039;entr\u00e9e en vigueur de cet accord correspond au moment o\u00f9 vous acceptez ou \u00eates r\u00e9put\u00e9 accepter cet accord conform\u00e9ment \u00e0 la proc\u00e9dure d\u00e9crite ici.<\/p>\n\n\n\n<p>Vous consentez par la pr\u00e9sente \u00e0 l&#039;\u00e9change d&#039;informations et de documents entre nous par voie \u00e9lectronique sur Internet ou par courrier \u00e9lectronique; si \u00e0 vous, l&#039;e-mail que vous nous avez fourni, ou si \u00e0 Accord, info@accordfinancial.com, et que cet accord \u00e9lectronique \u00e9quivaut \u00e0 un accord \u00e9crit entre nous.<\/p>\n\n\n\n<h2 class=\"wp-block-heading\">Propri\u00e9t\u00e9 et droits d&#039;auteur<\/h2>\n\n\n\n<p>Vous reconnaissez que toutes les informations, contenus, rapports, donn\u00e9es, bases de donn\u00e9es, graphiques, interfaces, pages Web, textes, fichiers, logiciels, noms de produits, noms de soci\u00e9t\u00e9s, marques, logos et noms commerciaux contenus sur ce site Web (collectivement les \u00ab Contenu \u00bb), y compris la mani\u00e8re dont le contenu est pr\u00e9sent\u00e9 ou appara\u00eet et toutes les informations y relatives, sont la propri\u00e9t\u00e9 de leurs propri\u00e9taires respectifs comme indiqu\u00e9, Accord ou ses conc\u00e9dants de licence, selon le cas. Utilisation autoris\u00e9e. Accord vous accorde par la pr\u00e9sente une licence personnelle, non transf\u00e9rable et non exclusive pour acc\u00e9der, lire et t\u00e9l\u00e9charger une copie du contenu.<\/p>\n\n\n\n<h2 class=\"wp-block-heading\">Restrictions d&#039;utilisation<\/h2>\n\n\n\n<p>Vous acceptez de ne pas:<\/p>\n\n\n\n<ol class=\"wp-block-list\"><li>Distribuer le contenu \u00e0 quelque fin que ce soit, y compris, sans s&#039;y limiter: la compilation d&#039;une base de donn\u00e9es interne, la redistribution ou la reproduction du contenu par la presse ou les m\u00e9dias ou via tout r\u00e9seau commercial, syst\u00e8me c\u00e2bl\u00e9 ou satellite; ou<\/li><li>Cr\u00e9er des travaux d\u00e9riv\u00e9s de, faire de l&#039;ing\u00e9nierie inverse, d\u00e9compiler, d\u00e9sassembler, adapter, traduire, transmettre, organiser, modifier, copier, regrouper, vendre, sous-licencier, exporter, fusionner, transf\u00e9rer, adapter, pr\u00eater, louer, louer, c\u00e9der, partager, externaliser, h\u00e9berger, publier, mettre \u00e0 disposition de toute personne ou autrement utiliser, directement ou indirectement, le contenu en tout ou en partie, sous quelque forme ou par quelque moyen que ce soit, physique, \u00e9lectronique ou autre. Vous ne devez pas autoriser, autoriser ou faire quoi que ce soit qui enfreindrait ou porterait autrement pr\u00e9judice aux droits de propri\u00e9t\u00e9 d&#039;Accord ou de ses conc\u00e9dants de licence ou ne permettra \u00e0 aucun tiers d&#039;acc\u00e9der au contenu. Les restrictions \u00e9nonc\u00e9es dans cet accord ne s&#039;appliquent pas dans la mesure limit\u00e9e o\u00f9 les restrictions sont interdites par la loi applicable.<\/li><\/ol>\n\n\n\n<h2 class=\"wp-block-heading\">Licence d&#039;utilisation de vos informations<\/h2>\n\n\n\n<p>\u00c0 l&#039;exception des informations personnelles, vous accordez \u00e0 Accord la licence perp\u00e9tuelle, illimit\u00e9e, libre de redevance, mondiale, non exclusive, irr\u00e9vocable et transf\u00e9rable pour ex\u00e9cuter, afficher, copier, reproduire, publier, regrouper, distribuer, commercialiser, cr\u00e9er un d\u00e9riv\u00e9 travaux de, adapter, traduire, transmettre, organiser, modifier, sous-licencier, exporter, fusionner, transf\u00e9rer, pr\u00eater, louer, louer, c\u00e9der, partager, sous-traiter, h\u00e9berger, mettre \u00e0 la disposition de toute personne ou autrement utiliser, toute information ou autre le contenu que vous fournissez sur ou via ce site Web ou qui est envoy\u00e9 \u00e0 Accord par courrier \u00e9lectronique ou autre correspondance, y compris, sans limitation, toutes les id\u00e9es, concepts, inventions, savoir-faire, techniques ou toute propri\u00e9t\u00e9 intellectuelle qui y sont contenus, \u00e0 quelque fin que ce soit. Accord ne sera soumis \u00e0 aucune obligation de confidentialit\u00e9 concernant de telles informations, sauf accord sp\u00e9cifique d&#039;Accord par \u00e9crit ou exig\u00e9 par la loi. Vous d\u00e9clarez et garantissez que vous avez le droit d&#039;accorder la licence ci-dessus.<\/p>\n\n\n\n<h2 class=\"wp-block-heading\">Informations personnelles<\/h2>\n\n\n\n<p>Ce site Web peut contenir un ou plusieurs formulaires vous invitant \u00e0 fournir des informations personnelles. Toutes les informations que vous nous fournissez seront livr\u00e9es par courrier \u00e9lectronique et stock\u00e9es dans nos bureaux, o\u00f9 elles seront stock\u00e9es en toute s\u00e9curit\u00e9 et ne seront transmises \u00e0 des tiers qu&#039;avec votre consentement pr\u00e9alable. Nous recueillons et utilisons vos renseignements personnels avec votre consentement ou tel que permis ou requis par la loi et conform\u00e9ment \u00e0 la loi canadienne anti-pourriel (LCAP). Votre consentement peut \u00eatre explicite ou implicite, selon les circonstances et la sensibilit\u00e9 des informations personnelles en question. Si vous n&#039;acceptez pas les termes et conditions de notre politique de confidentialit\u00e9, veuillez ne pas fournir vos informations personnelles. \u00c0 tout moment, vous pouvez refuser de recevoir des messages \u00e9lectroniques commerciaux (MEC) de notre part. Cliquez simplement sur le bouton Se d\u00e9sabonner au bas de nos CEM. Nous assumons l&#039;enti\u00e8re responsabilit\u00e9 et la responsabilit\u00e9 de la conformit\u00e9 \u00e0 la LCAP.<\/p>\n\n\n\n<h2 class=\"wp-block-heading\">Limitations de responsabilit\u00e9 et clauses de non-responsabilit\u00e9<\/h2>\n\n\n\n<p>Ce site Web et son contenu ne doivent pas \u00eatre interpr\u00e9t\u00e9s comme une forme de promotion ou une offre de vente de produit ou service. Ce site Web peut contenir des liens vers d&#039;autres sites. Accord n&#039;assume aucune responsabilit\u00e9 quant \u00e0 l&#039;exactitude ou \u00e0 la pertinence des informations, donn\u00e9es, opinions, conseils ou d\u00e9clarations contenus sur ces sites, et lorsque vous acc\u00e9dez \u00e0 ces sites, vous le faites \u00e0 vos propres risques. En fournissant des liens vers les autres sites, Accord n&#039;agit en aucun cas en tant qu&#039;\u00e9diteur ou diffuseur du mat\u00e9riel contenu sur ces autres sites et ne cherche pas \u00e0 surveiller ou contr\u00f4ler ces sites. Un lien vers un autre site ne doit pas \u00eatre interpr\u00e9t\u00e9 comme signifiant que la Soci\u00e9t\u00e9 est affili\u00e9e ou associ\u00e9e \u00e0 celui-ci.&nbsp;<strong>La soci\u00e9t\u00e9 ne recommande ni n&#039;approuve aucun des contenus, y compris, sans s&#039;y limiter, les hyperliens ou le contenu trouv\u00e9, sur d&#039;autres sites.<\/strong>&nbsp;La mention d&#039;une autre partie ou de son produit ou service sur ce site Web ne doit pas \u00eatre interpr\u00e9t\u00e9e comme une approbation de cette partie ou de son produit ou service.<\/p>\n\n\n\n<p>Accord ne sera pas responsable des dommages que vous ou un tiers pourriez subir \u00e0 la suite de la transmission, du stockage ou de la r\u00e9ception d&#039;informations confidentielles ou exclusives que vous faites ou que vous autorisez express\u00e9ment ou implicitement Accord \u00e0 faire, ou pour toute erreur ou toute modification apport\u00e9e \u00e0 toute information transmise, stock\u00e9e ou re\u00e7ue.<\/p>\n\n\n\n<p>Vous \u00eates seul responsable de la r\u00e9cup\u00e9ration et de l&#039;utilisation du contenu. Vous devez appliquer votre propre jugement lors de toute utilisation de tout contenu, y compris, sans limitation, l&#039;utilisation des informations comme base de toute conclusion.<\/p>\n\n\n\n<p>Le contenu peut ne pas \u00eatre exact, \u00e0 jour, complet ou non modifi\u00e9 et ne doit pas \u00eatre invoqu\u00e9.<\/p>\n\n\n\n<p>Le contenu est fourni \u00e0 titre informatif uniquement et ne doit pas \u00eatre interpr\u00e9t\u00e9 comme une recommandation pour un produit ou service, une utilisation ou un plan d&#039;action sp\u00e9cifique, sauf dans les cas express\u00e9ment pr\u00e9vus dans cet accord, ce site et tous les contenus, produits, services et logiciels sur ce site ou mis \u00e0 disposition via ce site sont fournis \u00abtels quels\u00bb sans aucune repr\u00e9sentation, garantie, garantie ou condition, de quelque nature que ce soit, expresse ou implicite, statutaire ou autre, y compris, mais sans s&#039;y limiter, les garanties de fonctionnement ininterrompu ou sans erreur , la disponibilit\u00e9, l&#039;exactitude, l&#039;exhaustivit\u00e9, l&#039;actualit\u00e9, la fiabilit\u00e9, l&#039;actualit\u00e9, la l\u00e9galit\u00e9, l&#039;ad\u00e9quation, la confidentialit\u00e9, la s\u00e9curit\u00e9, la qualit\u00e9 marchande, la qualit\u00e9, le titre, la non-contrefa\u00e7on ou l&#039;ad\u00e9quation \u00e0 un usage particulier, ou ceux d\u00e9coulant d&#039;une activit\u00e9 commerciale ou d&#039;un usage commercial .<\/p>\n\n\n\n<p>En aucun cas, ses affili\u00e9s, agents, conc\u00e9dants de licence, fournisseurs, ou leurs directeurs, dirigeants ou employ\u00e9s respectifs ne pourront \u00eatre tenus responsables de tout dommage sp\u00e9cial, indirect, accessoire, punitif, exemplaire, aggrav\u00e9, \u00e9conomique ou cons\u00e9cutif, quelle qu&#039;en soit la cause, y compris mais non limit\u00e9s \u00e0: les dommages-int\u00e9r\u00eats pour perte d&#039;utilisation, perte de profits ou perte d&#039;\u00e9conomies, m\u00eame si la soci\u00e9t\u00e9 ou l&#039;un de ses agents ou employ\u00e9s l\u00e9gitimes ont \u00e9t\u00e9 inform\u00e9s de la possibilit\u00e9 de tels dommages ou r\u00e9clamations.<\/p>\n\n\n\n<p>En aucun cas, ses soci\u00e9t\u00e9s affili\u00e9es, agents, conc\u00e9dants de licence, fournisseurs ou leurs directeurs, dirigeants ou employ\u00e9s respectifs ne seront responsables des dommages ou pertes r\u00e9sultant de: virus, corruption de donn\u00e9es, \u00e9checs de messages, erreurs de transmission ou probl\u00e8mes; fournisseurs de services de t\u00e9l\u00e9communications; des liens vers des sites Web tiers; la dorsale Internet; blessure personnelle; contenu, produits ou services de tiers; les dommages ou pertes caus\u00e9s par vous ou par vos employ\u00e9s, agents ou sous-traitants respectifs; la perte d&#039;utilisation ou le manque de disponibilit\u00e9 des installations, y compris les ressources informatiques, les routeurs et les donn\u00e9es stock\u00e9es; l&#039;utilisation ou l&#039;incapacit\u00e9 d&#039;utiliser ce site Web ou son contenu; tout autre site Web accessible depuis ou vers ce site Web; ou des \u00e9v\u00e9nements \u00e9chappant au contr\u00f4le raisonnable de l&#039;entreprise, m\u00eame si l&#039;entreprise ou l&#039;un de ses agents l\u00e9gitimes, ou employ\u00e9s ont \u00e9t\u00e9 inform\u00e9s de la possibilit\u00e9 de tels dommages ou r\u00e9clamations.<\/p>\n\n\n\n<p>En aucun cas, la responsabilit\u00e9 totale cumul\u00e9e d&#039;Accord, de ses affili\u00e9s, agents, conc\u00e9dants de licence, fournisseurs et de leurs administrateurs, dirigeants et employ\u00e9s respectifs d\u00e9coulant de quelque cause que ce soit (y compris, sans s&#039;y limiter, rupture de contrat, d\u00e9lit, n\u00e9gligence, n\u00e9gligence grave, ou autre) \u00eatre sup\u00e9rieure \u00e0 $100 (cent dollars).<\/p>\n\n\n\n<p>Accord n&#039;assume aucune obligation de mettre \u00e0 jour le contenu de ce site. Le contenu de ce site peut \u00eatre modifi\u00e9 sans pr\u00e9avis. Accord n&#039;est pas responsable de tout contenu ou information que vous pourriez trouver ind\u00e9sirable ou r\u00e9pr\u00e9hensible. Accord d\u00e9cline toute responsabilit\u00e9 en cas d&#039;utilisation ou de reproduction non autoris\u00e9e de toute partie du site Web. L&#039;acc\u00e8s au contenu depuis des territoires o\u00f9 il peut \u00eatre ill\u00e9gal est interdit.<\/p>\n\n\n\n<h2 class=\"wp-block-heading\">R\u00e9siliation<\/h2>\n\n\n\n<p>Cet accord est en vigueur jusqu&#039;\u00e0 sa r\u00e9siliation par la Soci\u00e9t\u00e9, avec ou sans motif, \u00e0 la seule et enti\u00e8re discr\u00e9tion de la Soci\u00e9t\u00e9. La Soci\u00e9t\u00e9 peut r\u00e9silier le pr\u00e9sent Contrat sans pr\u00e9avis si vous ne vous conformez pas \u00e0 l&#039;une de ses conditions. Une telle r\u00e9siliation par la Soci\u00e9t\u00e9 s&#039;ajoute et sans pr\u00e9judice des droits et recours dont la Soci\u00e9t\u00e9 peut disposer, y compris une injonction et d&#039;autres recours \u00e9quitables.<\/p>\n\n\n\n<p>Les d\u00e9nis de responsabilit\u00e9, limitations de responsabilit\u00e9, propri\u00e9t\u00e9, r\u00e9siliation, interpr\u00e9tation, votre licence \u00e0 la soci\u00e9t\u00e9, votre garantie et les dispositions d&#039;indemnisation de cet accord survivront \u00e0 la r\u00e9siliation ou \u00e0 l&#039;expiration de cet accord.<\/p>\n\n\n\n<h3 class=\"wp-block-heading\">Indemnit\u00e9<\/h3>\n\n\n\n<p>Vous acceptez \u00e0 tout moment d&#039;indemniser, de d\u00e9fendre et de d\u00e9gager Accord, ses agents, fournisseurs, soci\u00e9t\u00e9s affili\u00e9es et leurs administrateurs et employ\u00e9s respectifs contre toutes actions, proc\u00e9dures, co\u00fbts, r\u00e9clamations, dommages, demandes, responsabilit\u00e9s et d\u00e9penses que ce soit (y compris les frais juridiques et autres). et d\u00e9caissements) support\u00e9s, encourus ou pay\u00e9s par Accord directement ou indirectement en ce qui concerne:<\/p>\n\n\n\n<ol class=\"wp-block-list\"><li>Toute information ou autre contenu que vous fournissez sur ou via ce site Web ou par courrier \u00e9lectronique ou autre correspondance; ou<\/li><li>Votre utilisation ou mauvaise utilisation du contenu ou de ce site Web, y compris, sans s&#039;y limiter, les r\u00e9clamations pour contrefa\u00e7on.<\/li><\/ol>\n\n\n\n<h2 class=\"wp-block-heading\">Loi applicable<\/h2>\n\n\n\n<p>Accord est physiquement situ\u00e9 dans la province de l&#039;Ontario, au Canada. Cet accord sera r\u00e9gi par les lois de la province de l&#039;Ontario et les lois f\u00e9d\u00e9rales du Canada et sera trait\u00e9 \u00e0 tous \u00e9gards comme un contrat de l&#039;Ontario, sans r\u00e9f\u00e9rence aux principes de conflits de lois. En cas de litige, nous acceptons de nous soumettre \u00e0 la comp\u00e9tence non exclusive des tribunaux de l&#039;Ontario. Nous excluons express\u00e9ment la Convention des Nations Unies sur les contrats de vente internationale de marchandises et la Loi sur la vente internationale de marchandises de l&#039;Ontario telle que modifi\u00e9e, remplac\u00e9e ou r\u00e9\u00e9dict\u00e9e de temps \u00e0 autre. Vous acceptez de renoncer \u00e0 tout droit que vous pourriez avoir \u00e0:<\/p>\n\n\n\n<ol class=\"wp-block-list\"><li>un proc\u00e8s par jury; et<\/li><li>commencer ou participer \u00e0 un recours collectif contre Accord li\u00e9 \u00e0 ce site Web, au contenu ou \u00e0 cet accord et, le cas \u00e9ch\u00e9ant, vous acceptez \u00e9galement de vous retirer de tout recours collectif contre Accord ou ses conc\u00e9dants de licence.<\/li><\/ol>\n\n\n\n<p>Nous avons exig\u00e9 que cet accord et tous les documents y relatifs soient r\u00e9dig\u00e9s en anglais. <em>Nous avons demand\u00e9 que cette convention ainsi que tous les documents qui s&#039;y rattachent soient r\u00e9dig\u00e9s en anglais.<\/em><\/p>\n\n\n\n<h3 class=\"wp-block-heading\">Interpr\u00e9tation<\/h3>\n\n\n\n<p>La division de cet accord en sections et l&#039;insertion de titres sont fournis \u00e0 titre indicatif uniquement et n&#039;affectent pas la construction ou l&#039;interpr\u00e9tation de cet accord. Dans cet accord, les mots qui importent le nombre singulier incluent le pluriel et vice versa, les mots qui importent le genre incluent tous les genres; et les mots qui d\u00e9signent des personnes comprennent les particuliers, les propri\u00e9taires uniques, les partenariats, les soci\u00e9t\u00e9s, les fiducies et les associations non constitu\u00e9es en soci\u00e9t\u00e9.<\/p>\n\n\n\n<h3 class=\"wp-block-heading\">Accord complet<\/h3>\n\n\n\n<p>Cet accord peut \u00eatre modifi\u00e9 de temps \u00e0 autre conform\u00e9ment aux dispositions de la section 12, et tous les autres avis juridiques et politiques de ce site Web constituent l&#039;int\u00e9gralit\u00e9 de l&#039;accord entre vous et Accord concernant l&#039;utilisation de ce site Web et de son contenu. .<\/p>\n\n\n\n<h3 class=\"wp-block-heading\">Modification et renonciation<\/h3>\n\n\n\n<p>Accord se r\u00e9serve le droit, \u00e0 sa discr\u00e9tion, de modifier cet accord \u00e0 tout moment en publiant des modifications sur ce site Web. Vous \u00eates responsable de la r\u00e9vision p\u00e9riodique des modifications sur ce site Web et vous \u00eates r\u00e9put\u00e9 \u00eatre au courant de ces modifications. Si vous n&#039;acceptez pas les conditions g\u00e9n\u00e9rales modifi\u00e9es, vous devez imm\u00e9diatement cesser d&#039;utiliser ce site. L&#039;acc\u00e8s ou l&#039;utilisation de ce site apr\u00e8s la publication de toute modification constituera votre reconnaissance et votre acceptation des termes et conditions modifi\u00e9s. Aucun suppl\u00e9ment, modification ou amendement \u00e0 cet accord et aucune renonciation \u00e0 une disposition de cet accord ne liera Accord \u00e0 moins d&#039;\u00eatre ex\u00e9cut\u00e9 par Accord par \u00e9crit. Aucune renonciation \u00e0 l&#039;une des dispositions du pr\u00e9sent accord ne sera consid\u00e9r\u00e9e ou constituera une renonciation \u00e0 toute autre disposition (qu&#039;elle soit similaire ou non) et une telle renonciation ne constituera pas une renonciation continue, sauf disposition contraire expresse.<\/p>\n\n\n\n<h2 class=\"wp-block-heading\">Divisibilit\u00e9<\/h2>\n\n\n\n<p>Toute disposition de cet accord qui est jug\u00e9e ill\u00e9gale, invalide ou inapplicable par un tribunal comp\u00e9tent dans cette juridiction sera, quant \u00e0 cette juridiction, inefficace dans la mesure de cette ill\u00e9galit\u00e9, invalidit\u00e9 ou inapplicabilit\u00e9 et sera par ailleurs appliqu\u00e9e \u00e0 la \u00e9tendue maximale autoris\u00e9e par la loi, le tout sans affecter les autres dispositions de cet accord ni affecter la l\u00e9galit\u00e9, la validit\u00e9 ou l&#039;applicabilit\u00e9 de cette disposition dans toute autre juridiction.<\/p>\n\n\n\n<h3 class=\"wp-block-heading\">Enurement<\/h3>\n\n\n\n<p>Le pr\u00e9sent Contrat s&#039;appliquera au b\u00e9n\u00e9fice de chacun de nous et de nos successeurs et ayants droit autoris\u00e9s respectifs et le lie.<\/p>\n\n\n\n<p>Vous reconnaissez avoir lu cet accord avant de l&#039;accepter, avoir le pouvoir d&#039;accepter cet accord et en avoir re\u00e7u une copie.<\/p>","protected":false},"excerpt":{"rendered":"<p>Il s&#039;agit d&#039;un accord entre vous (\u00abVous\u00bb) et Accord Financial (Accord). \u00abNous\u00bb et \u00abnous\u00bb signifient tous les deux\u2026<\/p>","protected":false},"author":1,"featured_media":0,"parent":128,"menu_order":20,"comment_status":"closed","ping_status":"closed","template":"templates\/policy.php","meta":{"_acf_changed":false,"footnotes":""},"class_list":["post-3474","page","type-page","status-publish","hentry"],"acf":[],"yoast_head":"<!-- This site is optimized with the Yoast SEO plugin v27.4 - https:\/\/yoast.com\/product\/yoast-seo-wordpress\/ -->\n<title>Legal Policy | Accord Financial<\/title>\n<meta name=\"description\" content=\"Anyone accessing the Accord Financial website is subject to these restrictions and disclaimers.\" \/>\n<meta name=\"robots\" content=\"index, follow, max-snippet:-1, max-image-preview:large, max-video-preview:-1\" \/>\n<link rel=\"canonical\" href=\"https:\/\/accordfinancial.com\/fr\/ressources\/politique-juridique\/\" \/>\n<meta property=\"og:locale\" content=\"fr_CA\" \/>\n<meta property=\"og:type\" content=\"article\" \/>\n<meta property=\"og:title\" content=\"Legal Policy | Accord Financial\" \/>\n<meta property=\"og:description\" content=\"Anyone accessing the Accord Financial website is subject to these restrictions and disclaimers.\" \/>\n<meta property=\"og:url\" content=\"https:\/\/accordfinancial.com\/fr\/ressources\/politique-juridique\/\" \/>\n<meta property=\"og:site_name\" content=\"Accord Financial\" \/>\n<meta property=\"article:publisher\" content=\"https:\/\/www.facebook.com\/accordfinancialcorp\/\" \/>\n<meta property=\"article:modified_time\" content=\"2021-11-23T21:16:32+00:00\" \/>\n<meta property=\"og:image\" content=\"https:\/\/accordfinancial.com\/wp-content\/uploads\/2020\/09\/accord-icon.png\" \/>\n\t<meta property=\"og:image:width\" content=\"2400\" \/>\n\t<meta property=\"og:image:height\" content=\"1600\" \/>\n\t<meta property=\"og:image:type\" content=\"image\/png\" \/>\n<meta name=\"twitter:card\" content=\"summary_large_image\" \/>\n<meta name=\"twitter:site\" content=\"@accordfincorp\" \/>\n<meta name=\"twitter:label1\" content=\"Est. reading time\" \/>\n\t<meta name=\"twitter:data1\" content=\"10 minutes\" \/>\n<script type=\"application\/ld+json\" class=\"yoast-schema-graph\">{\"@context\":\"https:\\\/\\\/schema.org\",\"@graph\":[{\"@type\":\"WebPage\",\"@id\":\"https:\\\/\\\/accordfinancial.com\\\/resources\\\/legal-policy\\\/\",\"url\":\"https:\\\/\\\/accordfinancial.com\\\/resources\\\/legal-policy\\\/\",\"name\":\"Legal Policy | Accord Financial\",\"isPartOf\":{\"@id\":\"http:\\\/\\\/accordfinancial.com\\\/#website\"},\"datePublished\":\"2020-09-02T22:23:24+00:00\",\"dateModified\":\"2021-11-23T21:16:32+00:00\",\"description\":\"Anyone accessing the Accord Financial website is subject to these restrictions and disclaimers.\",\"breadcrumb\":{\"@id\":\"https:\\\/\\\/accordfinancial.com\\\/resources\\\/legal-policy\\\/#breadcrumb\"},\"inLanguage\":\"fr-CA\",\"potentialAction\":[{\"@type\":\"ReadAction\",\"target\":[\"https:\\\/\\\/accordfinancial.com\\\/resources\\\/legal-policy\\\/\"]}]},{\"@type\":\"BreadcrumbList\",\"@id\":\"https:\\\/\\\/accordfinancial.com\\\/resources\\\/legal-policy\\\/#breadcrumb\",\"itemListElement\":[{\"@type\":\"ListItem\",\"position\":1,\"name\":\"Home\",\"item\":\"https:\\\/\\\/accordfinancial.com\\\/\"},{\"@type\":\"ListItem\",\"position\":2,\"name\":\"Resources\",\"item\":\"https:\\\/\\\/accordfinancial.com\\\/resources\\\/\"},{\"@type\":\"ListItem\",\"position\":3,\"name\":\"Legal Policy\"}]},{\"@type\":\"WebSite\",\"@id\":\"http:\\\/\\\/accordfinancial.com\\\/#website\",\"url\":\"http:\\\/\\\/accordfinancial.com\\\/\",\"name\":\"Accord Financial\",\"description\":\"Business Loans &amp; Asset Based Lending\",\"potentialAction\":[{\"@type\":\"SearchAction\",\"target\":{\"@type\":\"EntryPoint\",\"urlTemplate\":\"http:\\\/\\\/accordfinancial.com\\\/?s={search_term_string}\"},\"query-input\":{\"@type\":\"PropertyValueSpecification\",\"valueRequired\":true,\"valueName\":\"search_term_string\"}}],\"inLanguage\":\"fr-CA\"}]}<\/script>\n<!-- \/ Yoast SEO plugin. -->","yoast_head_json":{"title":"Politique juridique | Financi\u00e8re Accord","description":"Toute personne acc\u00e9dant au site Web d&#039;Accord Financial est soumise \u00e0 ces restrictions et d\u00e9nis de responsabilit\u00e9.","robots":{"index":"index","follow":"follow","max-snippet":"max-snippet:-1","max-image-preview":"max-image-preview:large","max-video-preview":"max-video-preview:-1"},"canonical":"https:\/\/accordfinancial.com\/fr\/ressources\/politique-juridique\/","og_locale":"fr_CA","og_type":"article","og_title":"Legal Policy | Accord Financial","og_description":"Anyone accessing the Accord Financial website is subject to these restrictions and disclaimers.","og_url":"https:\/\/accordfinancial.com\/fr\/ressources\/politique-juridique\/","og_site_name":"Accord Financial","article_publisher":"https:\/\/www.facebook.com\/accordfinancialcorp\/","article_modified_time":"2021-11-23T21:16:32+00:00","og_image":[{"width":2400,"height":1600,"url":"https:\/\/accordfinancial.com\/wp-content\/uploads\/2020\/09\/accord-icon.png","type":"image\/png"}],"twitter_card":"summary_large_image","twitter_site":"@accordfincorp","twitter_misc":{"Est. reading time":"10 minutes"},"schema":{"@context":"https:\/\/schema.org","@graph":[{"@type":"WebPage","@id":"https:\/\/accordfinancial.com\/resources\/legal-policy\/","url":"https:\/\/accordfinancial.com\/resources\/legal-policy\/","name":"Politique juridique | Financi\u00e8re Accord","isPartOf":{"@id":"http:\/\/accordfinancial.com\/#website"},"datePublished":"2020-09-02T22:23:24+00:00","dateModified":"2021-11-23T21:16:32+00:00","description":"Toute personne acc\u00e9dant au site Web d&#039;Accord Financial est soumise \u00e0 ces restrictions et d\u00e9nis de responsabilit\u00e9.","breadcrumb":{"@id":"https:\/\/accordfinancial.com\/resources\/legal-policy\/#breadcrumb"},"inLanguage":"fr-CA","potentialAction":[{"@type":"ReadAction","target":["https:\/\/accordfinancial.com\/resources\/legal-policy\/"]}]},{"@type":"BreadcrumbList","@id":"https:\/\/accordfinancial.com\/resources\/legal-policy\/#breadcrumb","itemListElement":[{"@type":"ListItem","position":1,"name":"Home","item":"https:\/\/accordfinancial.com\/"},{"@type":"ListItem","position":2,"name":"Resources","item":"https:\/\/accordfinancial.com\/resources\/"},{"@type":"ListItem","position":3,"name":"Legal Policy"}]},{"@type":"WebSite","@id":"http:\/\/accordfinancial.com\/#website","url":"http:\/\/accordfinancial.com\/","name":"Financi\u00e8re Accord","description":"Pr\u00eats aux entreprises et pr\u00eats bas\u00e9s sur les actifs","potentialAction":[{"@type":"SearchAction","target":{"@type":"EntryPoint","urlTemplate":"http:\/\/accordfinancial.com\/?s={search_term_string}"},"query-input":{"@type":"PropertyValueSpecification","valueRequired":true,"valueName":"search_term_string"}}],"inLanguage":"fr-CA"}]}},"_links":{"self":[{"href":"https:\/\/accordfinancial.com\/fr\/wp-json\/wp\/v2\/pages\/3474","targetHints":{"allow":["GET"]}}],"collection":[{"href":"https:\/\/accordfinancial.com\/fr\/wp-json\/wp\/v2\/pages"}],"about":[{"href":"https:\/\/accordfinancial.com\/fr\/wp-json\/wp\/v2\/types\/page"}],"author":[{"embeddable":true,"href":"https:\/\/accordfinancial.com\/fr\/wp-json\/wp\/v2\/users\/1"}],"replies":[{"embeddable":true,"href":"https:\/\/accordfinancial.com\/fr\/wp-json\/wp\/v2\/comments?post=3474"}],"version-history":[{"count":0,"href":"https:\/\/accordfinancial.com\/fr\/wp-json\/wp\/v2\/pages\/3474\/revisions"}],"up":[{"embeddable":true,"href":"https:\/\/accordfinancial.com\/fr\/wp-json\/wp\/v2\/pages\/128"}],"wp:attachment":[{"href":"https:\/\/accordfinancial.com\/fr\/wp-json\/wp\/v2\/media?parent=3474"}],"curies":[{"name":"wp","href":"https:\/\/api.w.org\/{rel}","templated":true}]}}