{"id":3481,"date":"2020-09-03T17:05:28","date_gmt":"2020-09-03T17:05:28","guid":{"rendered":"https:\/\/accord.galambos-dev.com\/?page_id=3481"},"modified":"2022-02-10T10:48:14","modified_gmt":"2022-02-10T15:48:14","slug":"plan-du-site","status":"publish","type":"page","link":"https:\/\/accordfinancial.com\/fr\/site-map\/","title":{"rendered":"Plan du site"},"content":{"rendered":"","protected":false},"excerpt":{"rendered":"","protected":false},"author":1,"featured_media":0,"parent":0,"menu_order":21,"comment_status":"closed","ping_status":"closed","template":"templates\/site-map.php","meta":{"_acf_changed":false,"footnotes":""},"class_list":["post-3481","page","type-page","status-publish","hentry"],"acf":[],"yoast_head":"<!-- This site is optimized with the Yoast SEO plugin v27.3 - https:\/\/yoast.com\/product\/yoast-seo-wordpress\/ -->\n<title>Site Map | Accord Financial<\/title>\n<meta name=\"description\" content=\"Organized links for quick access to all pages across the Accord Financial website.\" \/>\n<meta name=\"robots\" content=\"index, follow, max-snippet:-1, max-image-preview:large, max-video-preview:-1\" \/>\n<link rel=\"canonical\" href=\"https:\/\/accordfinancial.com\/fr\/plan-du-site\/\" \/>\n<meta property=\"og:locale\" content=\"fr_CA\" \/>\n<meta property=\"og:type\" content=\"article\" \/>\n<meta property=\"og:title\" content=\"Site Map | Accord Financial\" \/>\n<meta property=\"og:description\" content=\"Organized links for quick access to all pages across the Accord Financial website.\" \/>\n<meta property=\"og:url\" content=\"https:\/\/accordfinancial.com\/fr\/plan-du-site\/\" \/>\n<meta property=\"og:site_name\" content=\"Accord Financial\" \/>\n<meta property=\"article:publisher\" content=\"https:\/\/www.facebook.com\/accordfinancialcorp\/\" \/>\n<meta property=\"article:modified_time\" content=\"2022-02-10T15:48:14+00:00\" \/>\n<meta property=\"og:image\" content=\"https:\/\/accordfinancial.com\/wp-content\/uploads\/2020\/09\/accord-icon.png\" \/>\n\t<meta property=\"og:image:width\" content=\"2400\" \/>\n\t<meta property=\"og:image:height\" content=\"1600\" \/>\n\t<meta property=\"og:image:type\" content=\"image\/png\" \/>\n<meta name=\"twitter:card\" content=\"summary_large_image\" \/>\n<meta name=\"twitter:site\" content=\"@accordfincorp\" \/>\n<script type=\"application\/ld+json\" class=\"yoast-schema-graph\">{\"@context\":\"https:\\\/\\\/schema.org\",\"@graph\":[{\"@type\":\"WebPage\",\"@id\":\"https:\\\/\\\/accordfinancial.com\\\/fr\\\/plan-du-site\\\/\",\"url\":\"https:\\\/\\\/accordfinancial.com\\\/site-map\\\/\",\"name\":\"Site Map | Accord Financial\",\"isPartOf\":{\"@id\":\"https:\\\/\\\/accordfinancial.com\\\/#website\"},\"datePublished\":\"2020-09-03T17:05:28+00:00\",\"dateModified\":\"2022-02-10T15:48:14+00:00\",\"description\":\"Organized links for quick access to all pages across the Accord Financial website.\",\"breadcrumb\":{\"@id\":\"https:\\\/\\\/accordfinancial.com\\\/site-map\\\/#breadcrumb\"},\"inLanguage\":\"fr-CA\",\"potentialAction\":[{\"@type\":\"ReadAction\",\"target\":[\"https:\\\/\\\/accordfinancial.com\\\/site-map\\\/\"]}]},{\"@type\":\"BreadcrumbList\",\"@id\":\"https:\\\/\\\/accordfinancial.com\\\/site-map\\\/#breadcrumb\",\"itemListElement\":[{\"@type\":\"ListItem\",\"position\":1,\"name\":\"Home\",\"item\":\"https:\\\/\\\/accordfinancial.com\\\/\"},{\"@type\":\"ListItem\",\"position\":2,\"name\":\"Site Map\"}]},{\"@type\":\"WebSite\",\"@id\":\"https:\\\/\\\/accordfinancial.com\\\/#website\",\"url\":\"https:\\\/\\\/accordfinancial.com\\\/\",\"name\":\"Accord Financial\",\"description\":\"Business Loans &amp; Asset Based Lending\",\"potentialAction\":[{\"@type\":\"SearchAction\",\"target\":{\"@type\":\"EntryPoint\",\"urlTemplate\":\"https:\\\/\\\/accordfinancial.com\\\/?s={search_term_string}\"},\"query-input\":{\"@type\":\"PropertyValueSpecification\",\"valueRequired\":true,\"valueName\":\"search_term_string\"}}],\"inLanguage\":\"fr-CA\"}]}<\/script>\n<!-- \/ Yoast SEO plugin. -->","yoast_head_json":{"title":"Plan du site | Financi\u00e8re Accord","description":"Liens organis\u00e9s pour un acc\u00e8s rapide \u00e0 toutes les pages du site Web d&#039;Accord Financial.","robots":{"index":"index","follow":"follow","max-snippet":"max-snippet:-1","max-image-preview":"max-image-preview:large","max-video-preview":"max-video-preview:-1"},"canonical":"https:\/\/accordfinancial.com\/fr\/plan-du-site\/","og_locale":"fr_CA","og_type":"article","og_title":"Site Map | Accord Financial","og_description":"Organized links for quick access to all pages across the Accord Financial website.","og_url":"https:\/\/accordfinancial.com\/fr\/plan-du-site\/","og_site_name":"Accord Financial","article_publisher":"https:\/\/www.facebook.com\/accordfinancialcorp\/","article_modified_time":"2022-02-10T15:48:14+00:00","og_image":[{"width":2400,"height":1600,"url":"https:\/\/accordfinancial.com\/wp-content\/uploads\/2020\/09\/accord-icon.png","type":"image\/png"}],"twitter_card":"summary_large_image","twitter_site":"@accordfincorp","schema":{"@context":"https:\/\/schema.org","@graph":[{"@type":"WebPage","@id":"https:\/\/accordfinancial.com\/fr\/plan-du-site\/","url":"https:\/\/accordfinancial.com\/site-map\/","name":"Plan du site | Financi\u00e8re Accord","isPartOf":{"@id":"https:\/\/accordfinancial.com\/#website"},"datePublished":"2020-09-03T17:05:28+00:00","dateModified":"2022-02-10T15:48:14+00:00","description":"Liens organis\u00e9s pour un acc\u00e8s rapide \u00e0 toutes les pages du site Web d&#039;Accord Financial.","breadcrumb":{"@id":"https:\/\/accordfinancial.com\/site-map\/#breadcrumb"},"inLanguage":"fr-CA","potentialAction":[{"@type":"ReadAction","target":["https:\/\/accordfinancial.com\/site-map\/"]}]},{"@type":"BreadcrumbList","@id":"https:\/\/accordfinancial.com\/site-map\/#breadcrumb","itemListElement":[{"@type":"ListItem","position":1,"name":"Home","item":"https:\/\/accordfinancial.com\/"},{"@type":"ListItem","position":2,"name":"Site Map"}]},{"@type":"WebSite","@id":"https:\/\/accordfinancial.com\/#website","url":"https:\/\/accordfinancial.com\/","name":"Financi\u00e8re Accord","description":"Pr\u00eats aux entreprises et pr\u00eats bas\u00e9s sur les actifs","potentialAction":[{"@type":"SearchAction","target":{"@type":"EntryPoint","urlTemplate":"https:\/\/accordfinancial.com\/?s={search_term_string}"},"query-input":{"@type":"PropertyValueSpecification","valueRequired":true,"valueName":"search_term_string"}}],"inLanguage":"fr-CA"}]}},"_links":{"self":[{"href":"https:\/\/accordfinancial.com\/fr\/wp-json\/wp\/v2\/pages\/3481","targetHints":{"allow":["GET"]}}],"collection":[{"href":"https:\/\/accordfinancial.com\/fr\/wp-json\/wp\/v2\/pages"}],"about":[{"href":"https:\/\/accordfinancial.com\/fr\/wp-json\/wp\/v2\/types\/page"}],"author":[{"embeddable":true,"href":"https:\/\/accordfinancial.com\/fr\/wp-json\/wp\/v2\/users\/1"}],"replies":[{"embeddable":true,"href":"https:\/\/accordfinancial.com\/fr\/wp-json\/wp\/v2\/comments?post=3481"}],"version-history":[{"count":0,"href":"https:\/\/accordfinancial.com\/fr\/wp-json\/wp\/v2\/pages\/3481\/revisions"}],"wp:attachment":[{"href":"https:\/\/accordfinancial.com\/fr\/wp-json\/wp\/v2\/media?parent=3481"}],"curies":[{"name":"wp","href":"https:\/\/api.w.org\/{rel}","templated":true}]}}