{"id":4379,"date":"2020-12-11T15:54:50","date_gmt":"2020-12-11T20:54:50","guid":{"rendered":"http:\/\/accordfinancial.com\/?page_id=4379"},"modified":"2022-03-30T14:48:58","modified_gmt":"2022-03-30T19:48:58","slug":"accordexpress-prets-covid-19","status":"publish","type":"page","link":"https:\/\/accordfinancial.com\/fr\/accordexpress-covid-19-loans\/","title":{"rendered":"Pr\u00eats AccordExpress COVID-19"},"content":{"rendered":"<h2 class=\"wp-block-heading\">Comment \u00e7a fonctionne<\/h2>\n\n\n\n<p class=\"intro\">Le programme de pr\u00eat AccordExpress a \u00e9t\u00e9 sp\u00e9cialement con\u00e7u pour les petites entreprises afin d&#039;obtenir des fonds aussi rapidement que 3 jours ouvrables, sous r\u00e9serve du volume de demandes. Les entreprises qui ont des exigences de capital sup\u00e9rieures \u00e0 $250,000 (jusqu&#039;\u00e0 $6,25 millions) ou qui ont des structures complexes doivent <a href=\"https:\/\/accordfinancial.com\/fr\/accordexpress-covid-19-loans\/\" target=\"_blank\" rel=\"noopener noreferrer\">cliquez ici<\/a> pour en savoir plus et demander un rappel.<\/p>\n<div class=\"content\">\n    <p>Les taux d&#039;int\u00e9r\u00eat des pr\u00eats AccordExpress commencent \u00e0 9,95%, le taux d&#039;int\u00e9r\u00eat offert \u00e9tant d\u00e9termin\u00e9 en fonction d&#039;une combinaison de l&#039;historique de cr\u00e9dit de votre entreprise et de l&#039;historique de cr\u00e9dit des actionnaires de l&#039;entreprise.<\/p>\n    <ul>\n        <li>Le pr\u00eat doit \u00eatre rembours\u00e9 sur 48 mois, les 6 premiers mensualit\u00e9s ne comprenant que les int\u00e9r\u00eats, suivis de 42 mois de principe et d&#039;int\u00e9r\u00eats.<\/li>\n        <li>Le co\u00fbt total des int\u00e9r\u00eats pour les 6 premiers mois sera automatiquement d\u00e9duit du produit du pr\u00eat, vous n&#039;aurez donc aucun service de la dette pendant 6 mois. Votre premier paiement planifi\u00e9 aura lieu le 7\u00e8me mois.<\/li>\n        <li>Vous pouvez rembourser le pr\u00eat par anticipation \u00e0 tout moment sans aucune p\u00e9nalit\u00e9.<\/li>\n        <li>Le produit du pr\u00eat doit \u00eatre utilis\u00e9 pour les d\u00e9penses d&#039;exploitation courantes de l&#039;entreprise, y compris le paiement, le loyer, l&#039;achat ou la constitution de stocks, le fonds de roulement pour faire face aux \u00e9carts de calendrier entre le recouvrement des comptes d\u00e9biteurs et le paiement des comptes cr\u00e9diteurs, les paiements pr\u00e9vus pour le service de la dette, l&#039;exploitation g\u00e9n\u00e9rale de l&#039;entreprise d\u00e9penses et, dans certaines circonstances, l&#039;achat d&#039;immobilisations.<br><br>En aucun cas, le produit du pr\u00eat ne peut \u00eatre utilis\u00e9 pour l&#039;une des op\u00e9rations suivantes: le remboursement ou le refinancement de la dette existante en dehors des remboursements pr\u00e9vus du service de la dette, le remboursement des pr\u00eats, y compris les pr\u00eats \/ avances des actionnaires (y compris les paiements partiels), le remboursement ou la modification du capital \/ des capitaux propres de l&#039;entreprise, y compris les options \/ bons de souscription, verser ou d\u00e9clarer des dividendes, verser des primes ou augmenter la r\u00e9mun\u00e9ration des dirigeants \/ actionnaires.<\/li>\n<li> Pour toute question concernant votre candidature, appelez-nous au <a href=\"tel:8449823010\">1 844-982-3010<\/a><\/li>\n    <\/ul>\n    <a class=\"btn light blue\" href=\"https:\/\/portal-accordfinancial.force.com\/LoanPortal\/s\/\" target=\"_blank\" rel=\"noopener noreferrer\">Appliquez maintenant<\/a>\n<\/div>","protected":false},"excerpt":{"rendered":"<p>Comment \u00e7a marche Le programme de pr\u00eat AccordExpress a \u00e9t\u00e9 sp\u00e9cialement con\u00e7u pour que les petites entreprises obtiennent des fonds\u2026<\/p>","protected":false},"author":1,"featured_media":4385,"parent":0,"menu_order":17,"comment_status":"closed","ping_status":"closed","template":"templates\/accord-express.php","meta":{"_acf_changed":false,"footnotes":""},"class_list":["post-4379","page","type-page","status-publish","has-post-thumbnail","hentry"],"acf":[],"yoast_head":"<!-- This site is optimized with the Yoast SEO plugin v27.4 - https:\/\/yoast.com\/product\/yoast-seo-wordpress\/ -->\n<title>AccordExpress COVID-19 Loans | Accord Financial<\/title>\n<meta name=\"description\" content=\"How it Works The AccordExpress loan program was specifically designed for small businesses to obtain funds as fast as 3 business days, subject to volume\" \/>\n<meta name=\"robots\" content=\"index, follow, max-snippet:-1, max-image-preview:large, max-video-preview:-1\" \/>\n<link rel=\"canonical\" href=\"https:\/\/accordfinancial.com\/fr\/accordexpress-prets-covid-19\/\" \/>\n<meta property=\"og:locale\" content=\"fr_CA\" \/>\n<meta property=\"og:type\" content=\"article\" \/>\n<meta property=\"og:title\" content=\"AccordExpress COVID-19 Loans | Accord Financial\" \/>\n<meta property=\"og:description\" content=\"How it Works The AccordExpress loan program was specifically designed for small businesses to obtain funds as fast as 3 business days, subject to volume\" \/>\n<meta property=\"og:url\" content=\"https:\/\/accordfinancial.com\/fr\/accordexpress-prets-covid-19\/\" \/>\n<meta property=\"og:site_name\" content=\"Accord Financial\" \/>\n<meta property=\"article:publisher\" content=\"https:\/\/www.facebook.com\/accordfinancialcorp\/\" \/>\n<meta property=\"article:modified_time\" content=\"2022-03-30T19:48:58+00:00\" \/>\n<meta property=\"og:image\" content=\"https:\/\/accordfinancial.com\/wp-content\/uploads\/2020\/12\/accordexpress_hero.jpg\" \/>\n\t<meta property=\"og:image:width\" content=\"2400\" \/>\n\t<meta property=\"og:image:height\" content=\"1600\" \/>\n\t<meta property=\"og:image:type\" content=\"image\/jpeg\" \/>\n<meta name=\"twitter:card\" content=\"summary_large_image\" \/>\n<meta name=\"twitter:site\" content=\"@accordfincorp\" \/>\n<meta name=\"twitter:label1\" content=\"Est. reading time\" \/>\n\t<meta name=\"twitter:data1\" content=\"2 minutes\" \/>\n<script type=\"application\/ld+json\" class=\"yoast-schema-graph\">{\"@context\":\"https:\\\/\\\/schema.org\",\"@graph\":[{\"@type\":\"WebPage\",\"@id\":\"https:\\\/\\\/accordfinancial.com\\\/fr\\\/accordexpress-prets-covid-19\\\/\",\"url\":\"https:\\\/\\\/accordfinancial.com\\\/fr\\\/accordexpress-prets-covid-19\\\/\",\"name\":\"AccordExpress COVID-19 Loans | Accord Financial\",\"isPartOf\":{\"@id\":\"http:\\\/\\\/accordfinancial.com\\\/#website\"},\"primaryImageOfPage\":{\"@id\":\"https:\\\/\\\/accordfinancial.com\\\/fr\\\/accordexpress-prets-covid-19\\\/#primaryimage\"},\"image\":{\"@id\":\"https:\\\/\\\/accordfinancial.com\\\/fr\\\/accordexpress-prets-covid-19\\\/#primaryimage\"},\"thumbnailUrl\":\"https:\\\/\\\/accordfinancial.com\\\/wp-content\\\/uploads\\\/2020\\\/12\\\/accordexpress_hero.jpg\",\"datePublished\":\"2020-12-11T20:54:50+00:00\",\"dateModified\":\"2022-03-30T19:48:58+00:00\",\"description\":\"How it Works The AccordExpress loan program was specifically designed for small businesses to obtain funds as fast as 3 business days, subject to volume\",\"breadcrumb\":{\"@id\":\"https:\\\/\\\/accordfinancial.com\\\/fr\\\/accordexpress-prets-covid-19\\\/#breadcrumb\"},\"inLanguage\":\"fr-CA\",\"potentialAction\":[{\"@type\":\"ReadAction\",\"target\":[\"https:\\\/\\\/accordfinancial.com\\\/fr\\\/accordexpress-prets-covid-19\\\/\"]}]},{\"@type\":\"ImageObject\",\"inLanguage\":\"fr-CA\",\"@id\":\"https:\\\/\\\/accordfinancial.com\\\/fr\\\/accordexpress-prets-covid-19\\\/#primaryimage\",\"url\":\"https:\\\/\\\/accordfinancial.com\\\/wp-content\\\/uploads\\\/2020\\\/12\\\/accordexpress_hero.jpg\",\"contentUrl\":\"https:\\\/\\\/accordfinancial.com\\\/wp-content\\\/uploads\\\/2020\\\/12\\\/accordexpress_hero.jpg\",\"width\":2400,\"height\":1600,\"caption\":\"accordexpress hero\"},{\"@type\":\"BreadcrumbList\",\"@id\":\"https:\\\/\\\/accordfinancial.com\\\/fr\\\/accordexpress-prets-covid-19\\\/#breadcrumb\",\"itemListElement\":[{\"@type\":\"ListItem\",\"position\":1,\"name\":\"Home\",\"item\":\"https:\\\/\\\/accordfinancial.com\\\/\"},{\"@type\":\"ListItem\",\"position\":2,\"name\":\"AccordExpress COVID-19 Loans\"}]},{\"@type\":\"WebSite\",\"@id\":\"http:\\\/\\\/accordfinancial.com\\\/#website\",\"url\":\"http:\\\/\\\/accordfinancial.com\\\/\",\"name\":\"Accord Financial\",\"description\":\"Business Loans &amp; Asset Based Lending\",\"potentialAction\":[{\"@type\":\"SearchAction\",\"target\":{\"@type\":\"EntryPoint\",\"urlTemplate\":\"http:\\\/\\\/accordfinancial.com\\\/?s={search_term_string}\"},\"query-input\":{\"@type\":\"PropertyValueSpecification\",\"valueRequired\":true,\"valueName\":\"search_term_string\"}}],\"inLanguage\":\"fr-CA\"}]}<\/script>\n<!-- \/ Yoast SEO plugin. -->","yoast_head_json":{"title":"Pr\u00eats AccordExpress COVID-19 | Financi\u00e8re Accord","description":"Pr\u00e9sentation d'AccordExpress - un processus de pr\u00eat particuli\u00e8rement rapide pour les petites entreprises touch\u00e9es par le COVID-19. Appuy\u00e9 par le Programme de cr\u00e9dit aux entreprises d'Exportation et D\u00e9veloppement Canada (BCAP), acc\u00e9dez \u00e0 jusqu'\u00e0 $250 000 en 3 jours ouvrables ou moins, en seulement trois \u00e9tapes:","robots":{"index":"index","follow":"follow","max-snippet":"max-snippet:-1","max-image-preview":"max-image-preview:large","max-video-preview":"max-video-preview:-1"},"canonical":"https:\/\/accordfinancial.com\/fr\/accordexpress-prets-covid-19\/","og_locale":"fr_CA","og_type":"article","og_title":"AccordExpress COVID-19 Loans | Accord Financial","og_description":"How it Works The AccordExpress loan program was specifically designed for small businesses to obtain funds as fast as 3 business days, subject to volume","og_url":"https:\/\/accordfinancial.com\/fr\/accordexpress-prets-covid-19\/","og_site_name":"Accord Financial","article_publisher":"https:\/\/www.facebook.com\/accordfinancialcorp\/","article_modified_time":"2022-03-30T19:48:58+00:00","og_image":[{"width":2400,"height":1600,"url":"https:\/\/accordfinancial.com\/wp-content\/uploads\/2020\/12\/accordexpress_hero.jpg","type":"image\/jpeg"}],"twitter_card":"summary_large_image","twitter_site":"@accordfincorp","twitter_misc":{"Est. reading time":"2 minutes"},"schema":{"@context":"https:\/\/schema.org","@graph":[{"@type":"WebPage","@id":"https:\/\/accordfinancial.com\/fr\/accordexpress-prets-covid-19\/","url":"https:\/\/accordfinancial.com\/fr\/accordexpress-prets-covid-19\/","name":"Pr\u00eats AccordExpress COVID-19 | Financi\u00e8re Accord","isPartOf":{"@id":"http:\/\/accordfinancial.com\/#website"},"primaryImageOfPage":{"@id":"https:\/\/accordfinancial.com\/fr\/accordexpress-prets-covid-19\/#primaryimage"},"image":{"@id":"https:\/\/accordfinancial.com\/fr\/accordexpress-prets-covid-19\/#primaryimage"},"thumbnailUrl":"https:\/\/accordfinancial.com\/wp-content\/uploads\/2020\/12\/accordexpress_hero.jpg","datePublished":"2020-12-11T20:54:50+00:00","dateModified":"2022-03-30T19:48:58+00:00","description":"Pr\u00e9sentation d'AccordExpress - un processus de pr\u00eat particuli\u00e8rement rapide pour les petites entreprises touch\u00e9es par le COVID-19. Appuy\u00e9 par le Programme de cr\u00e9dit aux entreprises d'Exportation et D\u00e9veloppement Canada (BCAP), acc\u00e9dez \u00e0 jusqu'\u00e0 $250 000 en 3 jours ouvrables ou moins, en seulement trois \u00e9tapes:","breadcrumb":{"@id":"https:\/\/accordfinancial.com\/fr\/accordexpress-prets-covid-19\/#breadcrumb"},"inLanguage":"fr-CA","potentialAction":[{"@type":"ReadAction","target":["https:\/\/accordfinancial.com\/fr\/accordexpress-prets-covid-19\/"]}]},{"@type":"ImageObject","inLanguage":"fr-CA","@id":"https:\/\/accordfinancial.com\/fr\/accordexpress-prets-covid-19\/#primaryimage","url":"https:\/\/accordfinancial.com\/wp-content\/uploads\/2020\/12\/accordexpress_hero.jpg","contentUrl":"https:\/\/accordfinancial.com\/wp-content\/uploads\/2020\/12\/accordexpress_hero.jpg","width":2400,"height":1600,"caption":"accordexpress hero"},{"@type":"BreadcrumbList","@id":"https:\/\/accordfinancial.com\/fr\/accordexpress-prets-covid-19\/#breadcrumb","itemListElement":[{"@type":"ListItem","position":1,"name":"Home","item":"https:\/\/accordfinancial.com\/"},{"@type":"ListItem","position":2,"name":"AccordExpress COVID-19 Loans"}]},{"@type":"WebSite","@id":"http:\/\/accordfinancial.com\/#website","url":"http:\/\/accordfinancial.com\/","name":"Financi\u00e8re Accord","description":"Pr\u00eats aux entreprises et pr\u00eats bas\u00e9s sur les actifs","potentialAction":[{"@type":"SearchAction","target":{"@type":"EntryPoint","urlTemplate":"http:\/\/accordfinancial.com\/?s={search_term_string}"},"query-input":{"@type":"PropertyValueSpecification","valueRequired":true,"valueName":"search_term_string"}}],"inLanguage":"fr-CA"}]}},"_links":{"self":[{"href":"https:\/\/accordfinancial.com\/fr\/wp-json\/wp\/v2\/pages\/4379","targetHints":{"allow":["GET"]}}],"collection":[{"href":"https:\/\/accordfinancial.com\/fr\/wp-json\/wp\/v2\/pages"}],"about":[{"href":"https:\/\/accordfinancial.com\/fr\/wp-json\/wp\/v2\/types\/page"}],"author":[{"embeddable":true,"href":"https:\/\/accordfinancial.com\/fr\/wp-json\/wp\/v2\/users\/1"}],"replies":[{"embeddable":true,"href":"https:\/\/accordfinancial.com\/fr\/wp-json\/wp\/v2\/comments?post=4379"}],"version-history":[{"count":2,"href":"https:\/\/accordfinancial.com\/fr\/wp-json\/wp\/v2\/pages\/4379\/revisions"}],"predecessor-version":[{"id":6548,"href":"https:\/\/accordfinancial.com\/fr\/wp-json\/wp\/v2\/pages\/4379\/revisions\/6548"}],"wp:featuredmedia":[{"embeddable":true,"href":"https:\/\/accordfinancial.com\/fr\/wp-json\/wp\/v2\/media\/4385"}],"wp:attachment":[{"href":"https:\/\/accordfinancial.com\/fr\/wp-json\/wp\/v2\/media?parent=4379"}],"curies":[{"name":"wp","href":"https:\/\/api.w.org\/{rel}","templated":true}]}}