{"id":50,"date":"2020-05-28T21:22:00","date_gmt":"2020-05-28T21:22:00","guid":{"rendered":"https:\/\/accord.galambos-dev.com\/company\/"},"modified":"2025-06-25T16:09:38","modified_gmt":"2025-06-25T21:09:38","slug":"compagnie","status":"publish","type":"page","link":"https:\/\/accordfinancial.com\/fr\/company\/","title":{"rendered":"Notre entreprise"},"content":{"rendered":"","protected":false},"excerpt":{"rendered":"","protected":false},"author":1,"featured_media":817,"parent":0,"menu_order":6,"comment_status":"closed","ping_status":"closed","template":"templates\/company.php","meta":{"_acf_changed":false,"footnotes":""},"class_list":["post-50","page","type-page","status-publish","has-post-thumbnail","hentry"],"acf":[],"yoast_head":"<!-- This site is optimized with the Yoast SEO plugin v27.4 - https:\/\/yoast.com\/product\/yoast-seo-wordpress\/ -->\n<title>Business Financing for SMEs - Simplified | Accord Financial<\/title>\n<meta name=\"description\" content=\"Accord&#039;s mission, team and technology are all geared toward simplifying your access to capital. How can we help you thrive?\" \/>\n<meta name=\"robots\" content=\"index, follow, max-snippet:-1, max-image-preview:large, max-video-preview:-1\" \/>\n<link rel=\"canonical\" href=\"https:\/\/accordfinancial.com\/fr\/compagnie\/\" \/>\n<meta property=\"og:locale\" content=\"fr_CA\" \/>\n<meta property=\"og:type\" content=\"article\" \/>\n<meta property=\"og:title\" content=\"Business Financing for SMEs - Simplified | Accord Financial\" \/>\n<meta property=\"og:description\" content=\"Accord&#039;s mission, team and technology are all geared toward simplifying your access to capital. How can we help you thrive?\" \/>\n<meta property=\"og:url\" content=\"https:\/\/accordfinancial.com\/fr\/compagnie\/\" \/>\n<meta property=\"og:site_name\" content=\"Accord Financial\" \/>\n<meta property=\"article:publisher\" content=\"https:\/\/www.facebook.com\/accordfinancialcorp\/\" \/>\n<meta property=\"article:modified_time\" content=\"2025-06-25T21:09:38+00:00\" \/>\n<meta property=\"og:image\" content=\"https:\/\/accordfinancial.com\/wp-content\/uploads\/2020\/06\/company_hero_02.jpg\" \/>\n\t<meta property=\"og:image:width\" content=\"2400\" \/>\n\t<meta property=\"og:image:height\" content=\"1600\" \/>\n\t<meta property=\"og:image:type\" content=\"image\/jpeg\" \/>\n<meta name=\"twitter:card\" content=\"summary_large_image\" \/>\n<meta name=\"twitter:site\" content=\"@accordfincorp\" \/>\n<meta name=\"twitter:label1\" content=\"Est. reading time\" \/>\n\t<meta name=\"twitter:data1\" content=\"1 minute\" \/>\n<script type=\"application\/ld+json\" class=\"yoast-schema-graph\">{\"@context\":\"https:\\\/\\\/schema.org\",\"@graph\":[{\"@type\":\"WebPage\",\"@id\":\"https:\\\/\\\/accordfinancial.com\\\/company\\\/\",\"url\":\"https:\\\/\\\/accordfinancial.com\\\/company\\\/\",\"name\":\"Business Financing for SMEs - Simplified | Accord Financial\",\"isPartOf\":{\"@id\":\"http:\\\/\\\/accordfinancial.com\\\/#website\"},\"primaryImageOfPage\":{\"@id\":\"https:\\\/\\\/accordfinancial.com\\\/company\\\/#primaryimage\"},\"image\":{\"@id\":\"https:\\\/\\\/accordfinancial.com\\\/company\\\/#primaryimage\"},\"thumbnailUrl\":\"https:\\\/\\\/accordfinancial.com\\\/wp-content\\\/uploads\\\/2020\\\/06\\\/company_hero_02.jpg\",\"datePublished\":\"2020-05-28T21:22:00+00:00\",\"dateModified\":\"2025-06-25T21:09:38+00:00\",\"description\":\"Accord's mission, team and technology are all geared toward simplifying your access to capital. How can we help you thrive?\",\"breadcrumb\":{\"@id\":\"https:\\\/\\\/accordfinancial.com\\\/company\\\/#breadcrumb\"},\"inLanguage\":\"fr-CA\",\"potentialAction\":[{\"@type\":\"ReadAction\",\"target\":[\"https:\\\/\\\/accordfinancial.com\\\/company\\\/\"]}]},{\"@type\":\"ImageObject\",\"inLanguage\":\"fr-CA\",\"@id\":\"https:\\\/\\\/accordfinancial.com\\\/company\\\/#primaryimage\",\"url\":\"https:\\\/\\\/accordfinancial.com\\\/wp-content\\\/uploads\\\/2020\\\/06\\\/company_hero_02.jpg\",\"contentUrl\":\"https:\\\/\\\/accordfinancial.com\\\/wp-content\\\/uploads\\\/2020\\\/06\\\/company_hero_02.jpg\",\"width\":2400,\"height\":1600,\"caption\":\"company hero 02\"},{\"@type\":\"BreadcrumbList\",\"@id\":\"https:\\\/\\\/accordfinancial.com\\\/company\\\/#breadcrumb\",\"itemListElement\":[{\"@type\":\"ListItem\",\"position\":1,\"name\":\"Home\",\"item\":\"https:\\\/\\\/accordfinancial.com\\\/\"},{\"@type\":\"ListItem\",\"position\":2,\"name\":\"Our Company\"}]},{\"@type\":\"WebSite\",\"@id\":\"http:\\\/\\\/accordfinancial.com\\\/#website\",\"url\":\"http:\\\/\\\/accordfinancial.com\\\/\",\"name\":\"Accord Financial\",\"description\":\"Business Loans &amp; Asset Based Lending\",\"potentialAction\":[{\"@type\":\"SearchAction\",\"target\":{\"@type\":\"EntryPoint\",\"urlTemplate\":\"http:\\\/\\\/accordfinancial.com\\\/?s={search_term_string}\"},\"query-input\":{\"@type\":\"PropertyValueSpecification\",\"valueRequired\":true,\"valueName\":\"search_term_string\"}}],\"inLanguage\":\"fr-CA\"}]}<\/script>\n<!-- \/ Yoast SEO plugin. -->","yoast_head_json":{"title":"Financement d&#039;entreprise pour PME - Simplifi\u00e9 | Financi\u00e8re Accord","description":"La mission, l&#039;\u00e9quipe et la technologie d&#039;Accord visent toutes \u00e0 simplifier votre acc\u00e8s au capital. Comment pouvons-nous vous aider \u00e0 prosp\u00e9rer ?","robots":{"index":"index","follow":"follow","max-snippet":"max-snippet:-1","max-image-preview":"max-image-preview:large","max-video-preview":"max-video-preview:-1"},"canonical":"https:\/\/accordfinancial.com\/fr\/compagnie\/","og_locale":"fr_CA","og_type":"article","og_title":"Business Financing for SMEs - Simplified | Accord Financial","og_description":"Accord's mission, team and technology are all geared toward simplifying your access to capital. How can we help you thrive?","og_url":"https:\/\/accordfinancial.com\/fr\/compagnie\/","og_site_name":"Accord Financial","article_publisher":"https:\/\/www.facebook.com\/accordfinancialcorp\/","article_modified_time":"2025-06-25T21:09:38+00:00","og_image":[{"width":2400,"height":1600,"url":"https:\/\/accordfinancial.com\/wp-content\/uploads\/2020\/06\/company_hero_02.jpg","type":"image\/jpeg"}],"twitter_card":"summary_large_image","twitter_site":"@accordfincorp","twitter_misc":{"Est. reading time":"1 minute"},"schema":{"@context":"https:\/\/schema.org","@graph":[{"@type":"WebPage","@id":"https:\/\/accordfinancial.com\/company\/","url":"https:\/\/accordfinancial.com\/company\/","name":"Financement d&#039;entreprise pour PME - Simplifi\u00e9 | Financi\u00e8re Accord","isPartOf":{"@id":"http:\/\/accordfinancial.com\/#website"},"primaryImageOfPage":{"@id":"https:\/\/accordfinancial.com\/company\/#primaryimage"},"image":{"@id":"https:\/\/accordfinancial.com\/company\/#primaryimage"},"thumbnailUrl":"https:\/\/accordfinancial.com\/wp-content\/uploads\/2020\/06\/company_hero_02.jpg","datePublished":"2020-05-28T21:22:00+00:00","dateModified":"2025-06-25T21:09:38+00:00","description":"La mission, l&#039;\u00e9quipe et la technologie d&#039;Accord visent toutes \u00e0 simplifier votre acc\u00e8s au capital. Comment pouvons-nous vous aider \u00e0 prosp\u00e9rer ?","breadcrumb":{"@id":"https:\/\/accordfinancial.com\/company\/#breadcrumb"},"inLanguage":"fr-CA","potentialAction":[{"@type":"ReadAction","target":["https:\/\/accordfinancial.com\/company\/"]}]},{"@type":"ImageObject","inLanguage":"fr-CA","@id":"https:\/\/accordfinancial.com\/company\/#primaryimage","url":"https:\/\/accordfinancial.com\/wp-content\/uploads\/2020\/06\/company_hero_02.jpg","contentUrl":"https:\/\/accordfinancial.com\/wp-content\/uploads\/2020\/06\/company_hero_02.jpg","width":2400,"height":1600,"caption":"company hero 02"},{"@type":"BreadcrumbList","@id":"https:\/\/accordfinancial.com\/company\/#breadcrumb","itemListElement":[{"@type":"ListItem","position":1,"name":"Home","item":"https:\/\/accordfinancial.com\/"},{"@type":"ListItem","position":2,"name":"Our Company"}]},{"@type":"WebSite","@id":"http:\/\/accordfinancial.com\/#website","url":"http:\/\/accordfinancial.com\/","name":"Financi\u00e8re Accord","description":"Pr\u00eats aux entreprises et pr\u00eats bas\u00e9s sur les actifs","potentialAction":[{"@type":"SearchAction","target":{"@type":"EntryPoint","urlTemplate":"http:\/\/accordfinancial.com\/?s={search_term_string}"},"query-input":{"@type":"PropertyValueSpecification","valueRequired":true,"valueName":"search_term_string"}}],"inLanguage":"fr-CA"}]}},"_links":{"self":[{"href":"https:\/\/accordfinancial.com\/fr\/wp-json\/wp\/v2\/pages\/50","targetHints":{"allow":["GET"]}}],"collection":[{"href":"https:\/\/accordfinancial.com\/fr\/wp-json\/wp\/v2\/pages"}],"about":[{"href":"https:\/\/accordfinancial.com\/fr\/wp-json\/wp\/v2\/types\/page"}],"author":[{"embeddable":true,"href":"https:\/\/accordfinancial.com\/fr\/wp-json\/wp\/v2\/users\/1"}],"replies":[{"embeddable":true,"href":"https:\/\/accordfinancial.com\/fr\/wp-json\/wp\/v2\/comments?post=50"}],"version-history":[{"count":3,"href":"https:\/\/accordfinancial.com\/fr\/wp-json\/wp\/v2\/pages\/50\/revisions"}],"predecessor-version":[{"id":16391,"href":"https:\/\/accordfinancial.com\/fr\/wp-json\/wp\/v2\/pages\/50\/revisions\/16391"}],"wp:featuredmedia":[{"embeddable":true,"href":"https:\/\/accordfinancial.com\/fr\/wp-json\/wp\/v2\/media\/817"}],"wp:attachment":[{"href":"https:\/\/accordfinancial.com\/fr\/wp-json\/wp\/v2\/media?parent=50"}],"curies":[{"name":"wp","href":"https:\/\/api.w.org\/{rel}","templated":true}]}}