{"id":5024,"date":"2021-04-29T20:57:52","date_gmt":"2021-04-30T01:57:52","guid":{"rendered":"http:\/\/accordfinancial.com\/?page_id=5024"},"modified":"2021-12-13T13:14:54","modified_gmt":"2021-12-13T18:14:54","slug":"politique-de-vote-majoritaire","status":"publish","type":"page","link":"https:\/\/accordfinancial.com\/fr\/company\/investor-relations\/corporate-governance\/majority-voting-policy\/","title":{"rendered":"Politique de vote majoritaire"},"content":{"rendered":"<p>Les formulaires de procuration pour l&#039;\u00e9lection des administrateurs permettront \u00e0 un actionnaire de voter en faveur ou de s&#039;abstenir de voter, s\u00e9par\u00e9ment pour chaque candidat aux postes d&#039;administrateur. Le pr\u00e9sident du conseil s&#039;assurera que le nombre d&#039;actions vot\u00e9es en faveur ou refus\u00e9es de voter pour chaque candidat aux postes d&#039;administrateur est enregistr\u00e9 et rapidement rendu public apr\u00e8s l&#039;assembl\u00e9e. Si le vote a eu lieu \u00e0 main lev\u00e9e, la Soci\u00e9t\u00e9 divulguera le nombre d&#039;actions vot\u00e9es par procuration en faveur ou retenues pour chaque administrateur et le r\u00e9sultat du vote.<\/p>\n\n\n\n<p>Si un candidat au poste d&#039;administrateur a plus de voix retenues qu&#039;il n&#039;y en a eu en sa faveur, le candidat sera consid\u00e9r\u00e9 par le conseil comme n&#039;ayant pas re\u00e7u le soutien des actionnaires, m\u00eame s&#039;il a pu \u00eatre d\u00fbment \u00e9lu en raison de droit des soci\u00e9t\u00e9s. Un tel candidat soumettra imm\u00e9diatement sa d\u00e9mission d&#039;administrateur au conseil pour examen par celui-ci. La d\u00e9mission prendra effet lorsqu&#039;elle sera accept\u00e9e par le conseil.<\/p>\n\n\n\n<p>En d\u00e9cidant d&#039;accepter ou non la d\u00e9mission, le conseil en tiendra compte conform\u00e9ment \u00e0 ses obligations fiduciaires envers la soci\u00e9t\u00e9 et ses actionnaires et dans l&#039;int\u00e9r\u00eat de ceux-ci. Lorsqu&#039;il d\u00e9cide d&#039;accepter ou de rejeter la d\u00e9mission, le conseil doit l&#039;accepter \u00e0 moins qu&#039;il ne d\u00e9termine qu&#039;il existe des circonstances exceptionnelles qui justifient le report de l&#039;acceptation ou le rejet de la d\u00e9mission. Pour prendre sa d\u00e9cision, le Conseil peut tenir compte de tous les facteurs qu&#039;il juge pertinents.<\/p>\n\n\n\n<p>La d\u00e9cision du conseil sera divulgu\u00e9e d\u00e8s que possible apr\u00e8s la prise de d\u00e9cision, mais dans tous les cas, il est tenu de prendre sa d\u00e9cision et de l&#039;annoncer dans un communiqu\u00e9 de presse dans les quatre-vingt-dix (90) jours de l&#039;assembl\u00e9e des actionnaires applicable, et de d\u00e9poser un copie \u00e0 la Bourse de Toronto. Si la d\u00e9mission propos\u00e9e est refus\u00e9e, les raisons compl\u00e8tes de cette d\u00e9cision seront incluses dans le communiqu\u00e9 de presse.<\/p>\n\n\n\n<p>Si une d\u00e9mission est accept\u00e9e, sous r\u00e9serve de toute restriction du droit des soci\u00e9t\u00e9s, le conseil peut: (i) laisser un poste vacant au sein du conseil inoccup\u00e9 jusqu&#039;\u00e0 la prochaine assembl\u00e9e g\u00e9n\u00e9rale annuelle; (ii) combler la vacance en nommant un nouvel administrateur que le conseil estime m\u00e9riter la confiance des actionnaires; ou (iii) convoquer une assembl\u00e9e extraordinaire des actionnaires pour examiner de nouveaux candidats au conseil pour combler le (s) poste (s) vacant (s).<\/p>\n\n\n\n<p>Un administrateur qui pr\u00e9sente sa d\u00e9mission conform\u00e9ment \u00e0 la pr\u00e9sente politique ne sera pas autoris\u00e9 \u00e0 participer \u00e0 une r\u00e9union du conseil au cours de laquelle sa d\u00e9mission doit \u00eatre examin\u00e9e. Si un nombre suffisant de membres du Conseil a re\u00e7u un plus grand nombre de votes retenus que les votes en faveur de ces membres lors de la m\u00eame \u00e9lection, de sorte que le Conseil n\u2019a plus le quorum, alors ces administrateurs recevant la majorit\u00e9 des voix retenues ne seront pas autoris\u00e9 \u00e0 voter \u00e0 toute r\u00e9union du conseil au cours de laquelle son offre de d\u00e9mission est consid\u00e9r\u00e9e, cependant, il ou elle sera compt\u00e9 dans le but de d\u00e9terminer si le conseil a le quorum.<\/p>\n\n\n\n<p>Si un administrateur, qui a re\u00e7u un plus grand nombre de votes retenus que de votes en faveur de l&#039;\u00e9lection d&#039;un tel administrateur, ne pr\u00e9sente pas sa d\u00e9mission conform\u00e9ment \u00e0 la pr\u00e9sente politique, il ne sera pas renomm\u00e9 par le conseil pour \u00e9lection en tant qu&#039;administrateur de la Soci\u00e9t\u00e9.<\/p>\n\n\n\n<p>Le conseil peut adopter les proc\u00e9dures qu&#039;il juge appropri\u00e9es pour l&#039;administration de la pr\u00e9sente politique.<\/p>\n\n\n\n<p>Cette politique s&#039;applique uniquement aux \u00ab\u00e9lections incontest\u00e9es\u00bb d&#039;administrateurs. Aux fins de cette politique, \u00ab\u00e9lection non contest\u00e9e\u00bb signifie une \u00e9lection d&#039;administrateurs o\u00f9 le nombre de candidats aux postes d&#039;administrateur est \u00e9gal au nombre d&#039;administrateurs \u00e0 \u00e9lire. Cette politique ne s&#039;applique pas non plus lorsqu&#039;une \u00e9lection implique une bataille par procuration (c.-\u00e0-d., Lorsque le mat\u00e9riel de procuration est distribu\u00e9 \u00e0 l&#039;appui d&#039;un ou de plusieurs candidats qui ne font pas partie des candidats administrateurs appuy\u00e9s par le conseil).<\/p>\n\n\n\n<p>Cette politique a \u00e9t\u00e9 approuv\u00e9e et adopt\u00e9e par le conseil le 17 f\u00e9vrier 2016 et est et sera en vigueur et pleinement en vigueur conform\u00e9ment \u00e0 ses modalit\u00e9s et conditions \u00e0 compter de cette date et apr\u00e8s celle-ci.<\/p>","protected":false},"excerpt":{"rendered":"<p>Les formulaires de procuration pour l&#039;\u00e9lection des administrateurs permettront \u00e0 un actionnaire de voter en faveur\u2026<\/p>","protected":false},"author":1,"featured_media":0,"parent":3681,"menu_order":12,"comment_status":"closed","ping_status":"closed","template":"","meta":{"_acf_changed":false,"footnotes":""},"class_list":["post-5024","page","type-page","status-publish","hentry"],"acf":[],"yoast_head":"<!-- This site is optimized with the Yoast SEO plugin v27.5 - https:\/\/yoast.com\/product\/yoast-seo-wordpress\/ -->\n<title>Majority Voting Policy | Accord Financial<\/title>\n<meta name=\"description\" content=\"Forms of proxy for the election of directors will permit a shareholder to vote in favour of, or to withhold from voting, separately for each director\" \/>\n<meta name=\"robots\" content=\"index, follow, max-snippet:-1, max-image-preview:large, max-video-preview:-1\" \/>\n<link rel=\"canonical\" href=\"http:\/\/accordfinancial.com\/fr\/relations-avec-les-investisseurs\/gouvernance-dentreprise\/politique-de-vote-majoritaire\/\" \/>\n<meta property=\"og:locale\" content=\"fr_CA\" \/>\n<meta property=\"og:type\" content=\"article\" \/>\n<meta property=\"og:title\" content=\"Majority Voting Policy | Accord Financial\" \/>\n<meta property=\"og:description\" content=\"Forms of proxy for the election of directors will permit a shareholder to vote in favour of, or to withhold from voting, separately for each director\" \/>\n<meta property=\"og:url\" content=\"http:\/\/accordfinancial.com\/fr\/relations-avec-les-investisseurs\/gouvernance-dentreprise\/politique-de-vote-majoritaire\/\" \/>\n<meta property=\"og:site_name\" content=\"Accord Financial\" \/>\n<meta property=\"article:publisher\" content=\"https:\/\/www.facebook.com\/accordfinancialcorp\/\" \/>\n<meta property=\"article:modified_time\" content=\"2021-12-13T18:14:54+00:00\" \/>\n<meta property=\"og:image\" content=\"https:\/\/accordfinancial.com\/wp-content\/uploads\/2020\/09\/accord-icon.png\" \/>\n\t<meta property=\"og:image:width\" content=\"2400\" \/>\n\t<meta property=\"og:image:height\" content=\"1600\" \/>\n\t<meta property=\"og:image:type\" content=\"image\/png\" \/>\n<meta name=\"twitter:card\" content=\"summary_large_image\" \/>\n<meta name=\"twitter:site\" content=\"@accordfincorp\" \/>\n<meta name=\"twitter:label1\" content=\"Est. reading time\" \/>\n\t<meta name=\"twitter:data1\" content=\"4 minutes\" \/>\n<script type=\"application\/ld+json\" class=\"yoast-schema-graph\">{\"@context\":\"https:\\\/\\\/schema.org\",\"@graph\":[{\"@type\":\"WebPage\",\"@id\":\"https:\\\/\\\/accordfinancial.com\\\/company\\\/investor-relations\\\/corporate-governance\\\/majority-voting-policy\\\/\",\"url\":\"http:\\\/\\\/accordfinancial.com\\\/investor-relations\\\/corporate-governance\\\/majority-voting-policy\\\/\",\"name\":\"Majority Voting Policy | Accord Financial\",\"isPartOf\":{\"@id\":\"https:\\\/\\\/accordfinancial.com\\\/#website\"},\"datePublished\":\"2021-04-30T01:57:52+00:00\",\"dateModified\":\"2021-12-13T18:14:54+00:00\",\"description\":\"Forms of proxy for the election of directors will permit a shareholder to vote in favour of, or to withhold from voting, separately for each director\",\"breadcrumb\":{\"@id\":\"http:\\\/\\\/accordfinancial.com\\\/investor-relations\\\/corporate-governance\\\/majority-voting-policy\\\/#breadcrumb\"},\"inLanguage\":\"fr-CA\",\"potentialAction\":[{\"@type\":\"ReadAction\",\"target\":[\"http:\\\/\\\/accordfinancial.com\\\/investor-relations\\\/corporate-governance\\\/majority-voting-policy\\\/\"]}]},{\"@type\":\"BreadcrumbList\",\"@id\":\"http:\\\/\\\/accordfinancial.com\\\/investor-relations\\\/corporate-governance\\\/majority-voting-policy\\\/#breadcrumb\",\"itemListElement\":[{\"@type\":\"ListItem\",\"position\":1,\"name\":\"Home\",\"item\":\"https:\\\/\\\/accordfinancial.com\\\/\"},{\"@type\":\"ListItem\",\"position\":2,\"name\":\"Our Company\",\"item\":\"https:\\\/\\\/accordfinancial.com\\\/company\\\/\"},{\"@type\":\"ListItem\",\"position\":3,\"name\":\"Investor Relations\",\"item\":\"https:\\\/\\\/accordfinancial.com\\\/company\\\/investor-relations\\\/\"},{\"@type\":\"ListItem\",\"position\":4,\"name\":\"Corporate Governance\",\"item\":\"https:\\\/\\\/accordfinancial.com\\\/company\\\/investor-relations\\\/corporate-governance\\\/\"},{\"@type\":\"ListItem\",\"position\":5,\"name\":\"Majority Voting Policy\"}]},{\"@type\":\"WebSite\",\"@id\":\"https:\\\/\\\/accordfinancial.com\\\/#website\",\"url\":\"https:\\\/\\\/accordfinancial.com\\\/\",\"name\":\"Accord Financial\",\"description\":\"Business Loans &amp; Asset Based Lending\",\"potentialAction\":[{\"@type\":\"SearchAction\",\"target\":{\"@type\":\"EntryPoint\",\"urlTemplate\":\"https:\\\/\\\/accordfinancial.com\\\/?s={search_term_string}\"},\"query-input\":{\"@type\":\"PropertyValueSpecification\",\"valueRequired\":true,\"valueName\":\"search_term_string\"}}],\"inLanguage\":\"fr-CA\"}]}<\/script>\n<!-- \/ Yoast SEO plugin. -->","yoast_head_json":{"title":"Politique de vote majoritaire | Financi\u00e8re Accord","description":"Les formulaires de procuration pour l&#039;\u00e9lection des administrateurs permettront \u00e0 un actionnaire de voter en faveur ou de s&#039;abstenir de voter, s\u00e9par\u00e9ment pour chaque administrateur","robots":{"index":"index","follow":"follow","max-snippet":"max-snippet:-1","max-image-preview":"max-image-preview:large","max-video-preview":"max-video-preview:-1"},"canonical":"http:\/\/accordfinancial.com\/fr\/relations-avec-les-investisseurs\/gouvernance-dentreprise\/politique-de-vote-majoritaire\/","og_locale":"fr_CA","og_type":"article","og_title":"Majority Voting Policy | Accord Financial","og_description":"Forms of proxy for the election of directors will permit a shareholder to vote in favour of, or to withhold from voting, separately for each director","og_url":"http:\/\/accordfinancial.com\/fr\/relations-avec-les-investisseurs\/gouvernance-dentreprise\/politique-de-vote-majoritaire\/","og_site_name":"Accord Financial","article_publisher":"https:\/\/www.facebook.com\/accordfinancialcorp\/","article_modified_time":"2021-12-13T18:14:54+00:00","og_image":[{"width":2400,"height":1600,"url":"https:\/\/accordfinancial.com\/wp-content\/uploads\/2020\/09\/accord-icon.png","type":"image\/png"}],"twitter_card":"summary_large_image","twitter_site":"@accordfincorp","twitter_misc":{"Est. reading time":"4 minutes"},"schema":{"@context":"https:\/\/schema.org","@graph":[{"@type":"WebPage","@id":"https:\/\/accordfinancial.com\/company\/investor-relations\/corporate-governance\/majority-voting-policy\/","url":"http:\/\/accordfinancial.com\/investor-relations\/corporate-governance\/majority-voting-policy\/","name":"Politique de vote majoritaire | Financi\u00e8re Accord","isPartOf":{"@id":"https:\/\/accordfinancial.com\/#website"},"datePublished":"2021-04-30T01:57:52+00:00","dateModified":"2021-12-13T18:14:54+00:00","description":"Les formulaires de procuration pour l&#039;\u00e9lection des administrateurs permettront \u00e0 un actionnaire de voter en faveur ou de s&#039;abstenir de voter, s\u00e9par\u00e9ment pour chaque administrateur","breadcrumb":{"@id":"http:\/\/accordfinancial.com\/investor-relations\/corporate-governance\/majority-voting-policy\/#breadcrumb"},"inLanguage":"fr-CA","potentialAction":[{"@type":"ReadAction","target":["http:\/\/accordfinancial.com\/investor-relations\/corporate-governance\/majority-voting-policy\/"]}]},{"@type":"BreadcrumbList","@id":"http:\/\/accordfinancial.com\/investor-relations\/corporate-governance\/majority-voting-policy\/#breadcrumb","itemListElement":[{"@type":"ListItem","position":1,"name":"Home","item":"https:\/\/accordfinancial.com\/"},{"@type":"ListItem","position":2,"name":"Our Company","item":"https:\/\/accordfinancial.com\/company\/"},{"@type":"ListItem","position":3,"name":"Investor Relations","item":"https:\/\/accordfinancial.com\/company\/investor-relations\/"},{"@type":"ListItem","position":4,"name":"Corporate Governance","item":"https:\/\/accordfinancial.com\/company\/investor-relations\/corporate-governance\/"},{"@type":"ListItem","position":5,"name":"Majority Voting Policy"}]},{"@type":"WebSite","@id":"https:\/\/accordfinancial.com\/#website","url":"https:\/\/accordfinancial.com\/","name":"Financi\u00e8re Accord","description":"Pr\u00eats aux entreprises et pr\u00eats bas\u00e9s sur les actifs","potentialAction":[{"@type":"SearchAction","target":{"@type":"EntryPoint","urlTemplate":"https:\/\/accordfinancial.com\/?s={search_term_string}"},"query-input":{"@type":"PropertyValueSpecification","valueRequired":true,"valueName":"search_term_string"}}],"inLanguage":"fr-CA"}]}},"_links":{"self":[{"href":"https:\/\/accordfinancial.com\/fr\/wp-json\/wp\/v2\/pages\/5024","targetHints":{"allow":["GET"]}}],"collection":[{"href":"https:\/\/accordfinancial.com\/fr\/wp-json\/wp\/v2\/pages"}],"about":[{"href":"https:\/\/accordfinancial.com\/fr\/wp-json\/wp\/v2\/types\/page"}],"author":[{"embeddable":true,"href":"https:\/\/accordfinancial.com\/fr\/wp-json\/wp\/v2\/users\/1"}],"replies":[{"embeddable":true,"href":"https:\/\/accordfinancial.com\/fr\/wp-json\/wp\/v2\/comments?post=5024"}],"version-history":[{"count":0,"href":"https:\/\/accordfinancial.com\/fr\/wp-json\/wp\/v2\/pages\/5024\/revisions"}],"up":[{"embeddable":true,"href":"https:\/\/accordfinancial.com\/fr\/wp-json\/wp\/v2\/pages\/3681"}],"wp:attachment":[{"href":"https:\/\/accordfinancial.com\/fr\/wp-json\/wp\/v2\/media?parent=5024"}],"curies":[{"name":"wp","href":"https:\/\/api.w.org\/{rel}","templated":true}]}}