{"id":5169,"date":"2021-06-07T09:29:19","date_gmt":"2021-06-07T14:29:19","guid":{"rendered":"https:\/\/accordfinancial.com\/?page_id=5169"},"modified":"2025-10-15T10:47:44","modified_gmt":"2025-10-15T15:47:44","slug":"services-accordexpress-affacturage","status":"publish","type":"page","link":"https:\/\/accordfinancial.com\/fr\/services-accordexpress-factoring\/","title":{"rendered":"AccordExpress Affacturage"},"content":{"rendered":"<h2 class=\"wp-block-heading\">Comment \u00e7a fonctionne<\/h2>\n\n\n\n<p class=\"intro\">Le service AccordExpress Affacturage a \u00e9t\u00e9 sp\u00e9cialement con\u00e7u pour les petites et moyennes entreprises afin de transformer rapidement les comptes clients existants en esp\u00e8ces. Au lieu d'attendre que vos clients paient leurs factures, Accord peut avancer jusqu'\u00e0 90% de la valeur nominale. Cela lib\u00e8re de l'argent pour les d\u00e9penses d'exploitation et vous permet de vous concentrer sur la croissance de votre entreprise.<\/p>\n<div class=\"content\">\n    <ul>\n        <li>Installations entre $500 000 \u2013 $2 millions<\/li>\n        <li>Lettre d&#039;offre sous 48h<\/li>\n        <li>Financement en moins de 10 jours<\/li>\n        <li>Aucune clauses restrictives<\/li>\n        <li>Aucun engagement \u00e0 terme, r\u00e9siliable avec un pr\u00e9avis de 30 jours<\/li>\n        <li>Aucun frais de mise en place<\/li>\n        <li>Marge de cr\u00e9dit d'inventaire allant jusqu'\u00e0 500 000 $ sur la pr\u00e9vente ou le r\u00e9approvisionnement pour les candidats \u00e9ligibles<\/li>\n        <li>Avance de fonds situationnelle<\/li>\n        <li>Affacturage \u00e0 d\u00e9biteur unique disponible<\/li>\n    <\/ul>\n    <p>La facilit\u00e9 AccordExpress Affacturage pour d\u00e9biteur unique peut \u00eatre un compl\u00e9ment \u00e0 votre ligne de cr\u00e9dit bancaire existante et avec un acc\u00e8s en temps r\u00e9el \u00e0 votre compte en ligne, vous ne manquerez pas une occasion.<\/p>\n    <a class=\"btn light blue\" style=\"margin-bottom: 2rem;\" href=\"https:\/\/accordfinancial.tfaforms.net\/f\/apply\" target=\"_blank\" rel=\"noopener noreferrer\">Appliquez maintenant<\/a>\n    <p>Les entreprises qui ont des exigences de capital sup\u00e9rieures \u00e0 2M$ devraient <a href=\"https:\/\/accordfinancial.com\/fr\/prestations-de-service\/financement-des-comptes-clients-affacturage\/\">cliquez ici<\/a> pour en savoir plus sur nos plus grandes facilit\u00e9s d&#039;affacturage.<\/p>\n<\/div>","protected":false},"excerpt":{"rendered":"<p>Comment \u00e7a marche Le service AccordExpress Factoring a \u00e9t\u00e9 sp\u00e9cialement con\u00e7u pour les petites et moyennes entreprises\u2026<\/p>","protected":false},"author":1,"featured_media":5222,"parent":0,"menu_order":16,"comment_status":"closed","ping_status":"closed","template":"templates\/accord-express.php","meta":{"_acf_changed":false,"footnotes":""},"class_list":["post-5169","page","type-page","status-publish","has-post-thumbnail","hentry"],"acf":[],"yoast_head":"<!-- This site is optimized with the Yoast SEO plugin v27.4 - https:\/\/yoast.com\/product\/yoast-seo-wordpress\/ -->\n<title>AccordExpress Factoring - Invoice Factoring Simplified | Accord Financial<\/title>\n<meta name=\"description\" content=\"AccordExpress Factoring helps small to medium-sized businesses quickly turn existing accounts receivable into cash.\" \/>\n<meta name=\"robots\" content=\"index, follow, max-snippet:-1, max-image-preview:large, max-video-preview:-1\" \/>\n<link rel=\"canonical\" href=\"https:\/\/accordfinancial.com\/fr\/services-accordexpress-affacturage\/\" \/>\n<meta property=\"og:locale\" content=\"fr_CA\" \/>\n<meta property=\"og:type\" content=\"article\" \/>\n<meta property=\"og:title\" content=\"AccordExpress Factoring - Invoice Factoring Simplified | Accord Financial\" \/>\n<meta property=\"og:description\" content=\"AccordExpress Factoring helps small to medium-sized businesses quickly turn existing accounts receivable into cash.\" \/>\n<meta property=\"og:url\" content=\"https:\/\/accordfinancial.com\/fr\/services-accordexpress-affacturage\/\" \/>\n<meta property=\"og:site_name\" content=\"Accord Financial\" \/>\n<meta property=\"article:publisher\" content=\"https:\/\/www.facebook.com\/accordfinancialcorp\/\" \/>\n<meta property=\"article:modified_time\" content=\"2025-10-15T15:47:44+00:00\" \/>\n<meta property=\"og:image\" content=\"https:\/\/accordfinancial.com\/wp-content\/uploads\/2021\/06\/accordexpress-factoring-hero-2.jpg\" \/>\n\t<meta property=\"og:image:width\" content=\"2400\" \/>\n\t<meta property=\"og:image:height\" content=\"1600\" \/>\n\t<meta property=\"og:image:type\" content=\"image\/jpeg\" \/>\n<meta name=\"twitter:card\" content=\"summary_large_image\" \/>\n<meta name=\"twitter:site\" content=\"@accordfincorp\" \/>\n<meta name=\"twitter:label1\" content=\"Est. reading time\" \/>\n\t<meta name=\"twitter:data1\" content=\"1 minute\" \/>\n<script type=\"application\/ld+json\" class=\"yoast-schema-graph\">{\"@context\":\"https:\\\/\\\/schema.org\",\"@graph\":[{\"@type\":\"WebPage\",\"@id\":\"https:\\\/\\\/accordfinancial.com\\\/fr\\\/services-accordexpress-affacturage\\\/\",\"url\":\"https:\\\/\\\/accordfinancial.com\\\/services-accordexpress-factoring\\\/\",\"name\":\"AccordExpress Factoring - Invoice Factoring Simplified | Accord Financial\",\"isPartOf\":{\"@id\":\"http:\\\/\\\/accordfinancial.com\\\/#website\"},\"primaryImageOfPage\":{\"@id\":\"https:\\\/\\\/accordfinancial.com\\\/services-accordexpress-factoring\\\/#primaryimage\"},\"image\":{\"@id\":\"https:\\\/\\\/accordfinancial.com\\\/services-accordexpress-factoring\\\/#primaryimage\"},\"thumbnailUrl\":\"https:\\\/\\\/accordfinancial.com\\\/wp-content\\\/uploads\\\/2021\\\/06\\\/accordexpress-factoring-hero-2.jpg\",\"datePublished\":\"2021-06-07T14:29:19+00:00\",\"dateModified\":\"2025-10-15T15:47:44+00:00\",\"description\":\"AccordExpress Factoring helps small to medium-sized businesses quickly turn existing accounts receivable into cash.\",\"breadcrumb\":{\"@id\":\"https:\\\/\\\/accordfinancial.com\\\/services-accordexpress-factoring\\\/#breadcrumb\"},\"inLanguage\":\"fr-CA\",\"potentialAction\":[{\"@type\":\"ReadAction\",\"target\":[\"https:\\\/\\\/accordfinancial.com\\\/services-accordexpress-factoring\\\/\"]}]},{\"@type\":\"ImageObject\",\"inLanguage\":\"fr-CA\",\"@id\":\"https:\\\/\\\/accordfinancial.com\\\/services-accordexpress-factoring\\\/#primaryimage\",\"url\":\"https:\\\/\\\/accordfinancial.com\\\/wp-content\\\/uploads\\\/2021\\\/06\\\/accordexpress-factoring-hero-2.jpg\",\"contentUrl\":\"https:\\\/\\\/accordfinancial.com\\\/wp-content\\\/uploads\\\/2021\\\/06\\\/accordexpress-factoring-hero-2.jpg\",\"width\":2400,\"height\":1600,\"caption\":\"accordexpress factoring hero 2\"},{\"@type\":\"BreadcrumbList\",\"@id\":\"https:\\\/\\\/accordfinancial.com\\\/services-accordexpress-factoring\\\/#breadcrumb\",\"itemListElement\":[{\"@type\":\"ListItem\",\"position\":1,\"name\":\"Home\",\"item\":\"https:\\\/\\\/accordfinancial.com\\\/\"},{\"@type\":\"ListItem\",\"position\":2,\"name\":\"AccordExpress Factoring\"}]},{\"@type\":\"WebSite\",\"@id\":\"http:\\\/\\\/accordfinancial.com\\\/#website\",\"url\":\"http:\\\/\\\/accordfinancial.com\\\/\",\"name\":\"Accord Financial\",\"description\":\"Business Loans &amp; Asset Based Lending\",\"potentialAction\":[{\"@type\":\"SearchAction\",\"target\":{\"@type\":\"EntryPoint\",\"urlTemplate\":\"http:\\\/\\\/accordfinancial.com\\\/?s={search_term_string}\"},\"query-input\":{\"@type\":\"PropertyValueSpecification\",\"valueRequired\":true,\"valueName\":\"search_term_string\"}}],\"inLanguage\":\"fr-CA\"}]}<\/script>\n<!-- \/ Yoast SEO plugin. -->","yoast_head_json":{"title":"Affacturage AccordExpress - Facturation d&#039;affacturage simplifi\u00e9e | Financi\u00e8re Accord","description":"AccordExpress Factoring aide les petites et moyennes entreprises \u00e0 transformer rapidement les comptes clients existants en liquidit\u00e9s.","robots":{"index":"index","follow":"follow","max-snippet":"max-snippet:-1","max-image-preview":"max-image-preview:large","max-video-preview":"max-video-preview:-1"},"canonical":"https:\/\/accordfinancial.com\/fr\/services-accordexpress-affacturage\/","og_locale":"fr_CA","og_type":"article","og_title":"AccordExpress Factoring - Invoice Factoring Simplified | Accord Financial","og_description":"AccordExpress Factoring helps small to medium-sized businesses quickly turn existing accounts receivable into cash.","og_url":"https:\/\/accordfinancial.com\/fr\/services-accordexpress-affacturage\/","og_site_name":"Accord Financial","article_publisher":"https:\/\/www.facebook.com\/accordfinancialcorp\/","article_modified_time":"2025-10-15T15:47:44+00:00","og_image":[{"width":2400,"height":1600,"url":"https:\/\/accordfinancial.com\/wp-content\/uploads\/2021\/06\/accordexpress-factoring-hero-2.jpg","type":"image\/jpeg"}],"twitter_card":"summary_large_image","twitter_site":"@accordfincorp","twitter_misc":{"Est. reading time":"1 minute"},"schema":{"@context":"https:\/\/schema.org","@graph":[{"@type":"WebPage","@id":"https:\/\/accordfinancial.com\/fr\/services-accordexpress-affacturage\/","url":"https:\/\/accordfinancial.com\/services-accordexpress-factoring\/","name":"Affacturage AccordExpress - Facturation d&#039;affacturage simplifi\u00e9e | Financi\u00e8re Accord","isPartOf":{"@id":"http:\/\/accordfinancial.com\/#website"},"primaryImageOfPage":{"@id":"https:\/\/accordfinancial.com\/services-accordexpress-factoring\/#primaryimage"},"image":{"@id":"https:\/\/accordfinancial.com\/services-accordexpress-factoring\/#primaryimage"},"thumbnailUrl":"https:\/\/accordfinancial.com\/wp-content\/uploads\/2021\/06\/accordexpress-factoring-hero-2.jpg","datePublished":"2021-06-07T14:29:19+00:00","dateModified":"2025-10-15T15:47:44+00:00","description":"AccordExpress Factoring aide les petites et moyennes entreprises \u00e0 transformer rapidement les comptes clients existants en liquidit\u00e9s.","breadcrumb":{"@id":"https:\/\/accordfinancial.com\/services-accordexpress-factoring\/#breadcrumb"},"inLanguage":"fr-CA","potentialAction":[{"@type":"ReadAction","target":["https:\/\/accordfinancial.com\/services-accordexpress-factoring\/"]}]},{"@type":"ImageObject","inLanguage":"fr-CA","@id":"https:\/\/accordfinancial.com\/services-accordexpress-factoring\/#primaryimage","url":"https:\/\/accordfinancial.com\/wp-content\/uploads\/2021\/06\/accordexpress-factoring-hero-2.jpg","contentUrl":"https:\/\/accordfinancial.com\/wp-content\/uploads\/2021\/06\/accordexpress-factoring-hero-2.jpg","width":2400,"height":1600,"caption":"accordexpress factoring hero 2"},{"@type":"BreadcrumbList","@id":"https:\/\/accordfinancial.com\/services-accordexpress-factoring\/#breadcrumb","itemListElement":[{"@type":"ListItem","position":1,"name":"Home","item":"https:\/\/accordfinancial.com\/"},{"@type":"ListItem","position":2,"name":"AccordExpress Factoring"}]},{"@type":"WebSite","@id":"http:\/\/accordfinancial.com\/#website","url":"http:\/\/accordfinancial.com\/","name":"Financi\u00e8re Accord","description":"Pr\u00eats aux entreprises et pr\u00eats bas\u00e9s sur les actifs","potentialAction":[{"@type":"SearchAction","target":{"@type":"EntryPoint","urlTemplate":"http:\/\/accordfinancial.com\/?s={search_term_string}"},"query-input":{"@type":"PropertyValueSpecification","valueRequired":true,"valueName":"search_term_string"}}],"inLanguage":"fr-CA"}]}},"_links":{"self":[{"href":"https:\/\/accordfinancial.com\/fr\/wp-json\/wp\/v2\/pages\/5169","targetHints":{"allow":["GET"]}}],"collection":[{"href":"https:\/\/accordfinancial.com\/fr\/wp-json\/wp\/v2\/pages"}],"about":[{"href":"https:\/\/accordfinancial.com\/fr\/wp-json\/wp\/v2\/types\/page"}],"author":[{"embeddable":true,"href":"https:\/\/accordfinancial.com\/fr\/wp-json\/wp\/v2\/users\/1"}],"replies":[{"embeddable":true,"href":"https:\/\/accordfinancial.com\/fr\/wp-json\/wp\/v2\/comments?post=5169"}],"version-history":[{"count":6,"href":"https:\/\/accordfinancial.com\/fr\/wp-json\/wp\/v2\/pages\/5169\/revisions"}],"predecessor-version":[{"id":16637,"href":"https:\/\/accordfinancial.com\/fr\/wp-json\/wp\/v2\/pages\/5169\/revisions\/16637"}],"wp:featuredmedia":[{"embeddable":true,"href":"https:\/\/accordfinancial.com\/fr\/wp-json\/wp\/v2\/media\/5222"}],"wp:attachment":[{"href":"https:\/\/accordfinancial.com\/fr\/wp-json\/wp\/v2\/media?parent=5169"}],"curies":[{"name":"wp","href":"https:\/\/api.w.org\/{rel}","templated":true}]}}