{"id":3681,"date":"2020-09-16T12:33:15","date_gmt":"2020-09-16T17:33:15","guid":{"rendered":"https:\/\/accord.galambos-dev.com\/?page_id=3681"},"modified":"2025-01-27T13:15:11","modified_gmt":"2025-01-27T19:15:11","slug":"gouvernance-dentreprise","status":"publish","type":"page","link":"https:\/\/accordfinancial.com\/staging\/fr\/company\/investor-relations\/corporate-governance\/","title":{"rendered":"Gouvernance d&#039;entreprise"},"content":{"rendered":"<div class=\"wp-block-group\"><div class=\"wp-block-group__inner-container is-layout-constrained wp-block-group-is-layout-constrained\">\n<div class=\"wp-block-group py-section\"><div class=\"wp-block-group__inner-container is-layout-constrained wp-block-group-is-layout-constrained\">\n<h2 class=\"wp-block-heading\">Un conseil bien qualifi\u00e9<\/h2>\n\n\n\n<p>Le conseil comprend actuellement sept administrateurs, dont six sont ind\u00e9pendants de la direction et libres de tout int\u00e9r\u00eat ou activit\u00e9 qui pourrait raisonnablement \u00eatre per\u00e7u comme interf\u00e9rant sensiblement ou compromettant leur capacit\u00e9 \u00e0 agir dans le meilleur int\u00e9r\u00eat d&#039;Accord. Un certain nombre de membres du conseil d&#039;administration agissent \u00e9galement \u00e0 titre d&#039;administrateurs d&#039;autres soci\u00e9t\u00e9s ouvertes. Tous les administrateurs sont r\u00e9\u00e9lus chaque ann\u00e9e.<\/p>\n<\/div><\/div>\n\n\n\n<div class=\"wp-block-group py-section\"><div class=\"wp-block-group__inner-container is-layout-constrained wp-block-group-is-layout-constrained\">\n<h2 class=\"wp-block-heading\">Solides pratiques et proc\u00e9dures de gouvernance<\/h2>\n\n\n\n<p>Accord a tenu compte des orientations fournies par la politique nationale 58-201 (\u00abNP 58-201\u00bb) de l&#039;ASC dans l&#039;\u00e9laboration de ses pratiques de gouvernance d&#039;entreprise. Le NP 58-201 vise \u00e0 aider les entreprises \u00e0 am\u00e9liorer leurs pratiques et contient des lignes directrices sur des questions telles que la constitution et l&#039;ind\u00e9pendance des conseils d&#039;administration et leurs fonctions. Les pratiques de gouvernance d&#039;entreprise d&#039;Accord sont g\u00e9n\u00e9ralement conformes aux principes fondamentaux de NP 58-201. Accord suit \u00e9galement les dispositions du R\u00e8glement 58-101 des ACVM concernant la divulgation de ses pratiques de gouvernance d&#039;entreprise.<\/p>\n\n\n\n<p>Les ACVM ont \u00e9galement \u00e9dict\u00e9 des r\u00e8gles concernant la composition des comit\u00e9s d&#039;audit (Instrument multilat\u00e9ral 52-110 - Comit\u00e9s d&#039;audit) et la certification des contr\u00f4les et proc\u00e9dures de communication de l&#039;information d&#039;un \u00e9metteur et la conception du contr\u00f4le interne \u00e0 l&#039;\u00e9gard de l&#039;information financi\u00e8re (Instrument multilat\u00e9ral 52-109 - Attestation de D\u00e9p\u00f4ts annuels et interm\u00e9diaires des \u00e9metteurs). Accord est actuellement en conformit\u00e9 avec les exigences de ces instruments.<\/p>\n<\/div><\/div>\n\n\n\n<div class=\"wp-block-group py-section\"><div class=\"wp-block-group__inner-container is-layout-constrained wp-block-group-is-layout-constrained\">\n<h2 class=\"wp-block-heading\">Relation efficace avec la haute direction<\/h2>\n\n\n\n<p>Le conseil entretient une relation efficace avec l&#039;\u00e9quipe de la haute direction de plusieurs fa\u00e7ons;<\/p>\n\n\n\n<ul class=\"wp-block-list\">\n<li>tous les chefs de division sont pr\u00e9sents et participent aux r\u00e9unions trimestrielles du conseil<\/li>\n\n\n\n<li>la strat\u00e9gie commerciale et les plans \u00e9labor\u00e9s par la haute direction sont discut\u00e9s avec (et approuv\u00e9s par) le conseil sur une base continue<\/li>\n\n\n\n<li>le pr\u00e9sident et le comit\u00e9 de cr\u00e9dit du conseil passent r\u00e9guli\u00e8rement du temps avec la direction g\u00e9n\u00e9rale pour examiner les d\u00e9cisions de cr\u00e9dit sup\u00e9rieures \u00e0 $1 million<\/li>\n<\/ul>\n<\/div><\/div>\n\n\n\n<div class=\"wp-block-group py-section\"><div class=\"wp-block-group__inner-container is-layout-constrained wp-block-group-is-layout-constrained\">\n<h2 class=\"wp-block-heading\">Conseil d&#039;administration et comit\u00e9s<\/h2>\n\n\n\n<h3 class=\"wp-block-heading\">Le tableau<\/h3>\n\n\n\n<p>La taille du conseil facilite une prise de d\u00e9cision efficace et une communication directe et imm\u00e9diate entre les administrateurs et la direction. Il permet \u00e9galement aux administrateurs individuels de s&#039;impliquer sur des questions sp\u00e9cifiques o\u00f9 leur exp\u00e9rience individuelle aidera le mieux l&#039;entreprise. Sans d\u00e9l\u00e9guer \u00e0 un comit\u00e9 de gouvernance d&#039;entreprise particulier, le conseil nomme de nouveaux administrateurs et \u00e9value l&#039;efficacit\u00e9 du conseil, des comit\u00e9s et des membres individuellement et dans leur ensemble, et approuve les demandes des administrateurs d&#039;engager des conseillers externes aux frais d&#039;Accord. Il examine et fixe \u00e9galement la r\u00e9mun\u00e9ration des administrateurs en fonction de la charge de travail et des responsabilit\u00e9s et examine la r\u00e9mun\u00e9ration vers\u00e9e dans des soci\u00e9t\u00e9s ouvertes de taille similaire.<\/p>\n\n\n\n<p><a class=\"btn light blue\" href=\"https:\/\/accordfinancial.com\/staging\/fr\/compagnie\/equipe\/?hierarchy=board-of-directors\" target=\"_blank\" rel=\"noreferrer noopener\">Membres actuels du conseil<\/a>\u2003<a class=\"btn light blue\" href=\"https:\/\/accordfinancial.com\/staging\/fr\/relations-avec-les-investisseurs\/gouvernance-dentreprise\/politique-de-vote-majoritaire\/\" target=\"_blank\" rel=\"noreferrer noopener\">Politique de vote majoritaire<\/a><\/p>\n\n\n\n<h3 class=\"wp-block-heading\">Comit\u00e9s<\/h3>\n\n\n\n<p>Le conseil s&#039;acquitte de ses responsabilit\u00e9s directement et par l&#039;interm\u00e9diaire du comit\u00e9 d&#039;audit, du comit\u00e9 de r\u00e9mun\u00e9ration et du comit\u00e9 de cr\u00e9dit.<\/p>\n\n\n\n<p><strong>Le comit\u00e9 d&#039;audit<\/strong> est compos\u00e9 de Stephen Warden (pr\u00e9sident), David Beutel et David Spivak, chacun d&#039;entre eux \u00e9tant un administrateur ind\u00e9pendant et poss\u00e9dant des comp\u00e9tences financi\u00e8res. Les responsabilit\u00e9s des comit\u00e9s sont d\u00e9finies par sa charte. Ils comprennent l&#039;examen des \u00e9tats financiers trimestriels et annuels, du rapport de gestion et des communiqu\u00e9s de presse connexes avant l&#039;approbation du conseil d&#039;administration\u00a0; faire des recommandations au conseil concernant la nomination d&#039;auditeurs ind\u00e9pendants et garantir leur ind\u00e9pendance\u00a0; rencontrer la direction d&#039;Accord au moins une fois par trimestre\u00a0; examiner les conclusions de l&#039;audit annuel avec les auditeurs et la direction\u00a0; et examiner les risques auxquels Accord est confront\u00e9, l&#039;environnement commercial, l&#039;\u00e9mergence de nouvelles opportunit\u00e9s et les mesures prises par la direction pour att\u00e9nuer l&#039;exposition \u00e0 des risques importants. Le comit\u00e9 d&#039;audit a adopt\u00e9 un code d&#039;\u00e9thique d&#039;entreprise et une politique de d\u00e9nonciation selon laquelle tout administrateur, dirigeant ou employ\u00e9 d&#039;Accord ou de ses filiales, qui a connaissance d&#039;actes commis par un administrateur, un dirigeant ou un employ\u00e9 qui contreviennent aux normes d&#039;\u00e9thique professionnelle et personnelle requises ou contrevient aux lois et r\u00e8glements applicables, est tenu de porter ces questions \u00e0 l&#039;attention de la direction ou directement au pr\u00e9sident du comit\u00e9 d&#039;audit. Toutes les violations signal\u00e9es feront l\u2019objet d\u2019une enqu\u00eate et des mesures correctives appropri\u00e9es seront prises si cela est justifi\u00e9.<\/p>\n\n\n\n<p><a class=\"btn light blue\" href=\"https:\/\/accordfinancial.com\/staging\/wp-content\/uploads\/pdf\/accord-audit_committee_mandate.pdf\" target=\"_blank\" rel=\"noreferrer noopener\">Mandat du comit\u00e9 d&#039;audit<\/a><\/p>\n\n\n\n<p><strong>Le comit\u00e9 des r\u00e9mun\u00e9rations<\/strong> est compos\u00e9 de Jean Holley (pr\u00e9sident), Gary Prager et Stephen Warden. Son mandat comprend l&#039;\u00e9valuation de la performance des dirigeants d&#039;Accord et la formulation de recommandations en vue de l&#039;approbation de leur r\u00e9mun\u00e9ration par le conseil. Il examine la r\u00e9mun\u00e9ration vers\u00e9e aux dirigeants d&#039;entreprises de taille similaire pour s&#039;assurer que celle d&#039;Accord est conforme aux normes de l&#039;industrie. Ce comit\u00e9 examine \u00e9galement et fait des recommandations sur les plans d&#039;int\u00e9ressement, les r\u00e9gimes d&#039;avantages sociaux ainsi que la structure et l&#039;attribution d&#039;options d&#039;achat d&#039;actions ou de droits \u00e0 la plus-value d&#039;actions. Un rapport sur la r\u00e9mun\u00e9ration des dirigeants est inclus dans la circulaire de sollicitation de procurations annuelle de la direction d&#039;Accord.<\/p>\n\n\n\n<p><strong>Le comit\u00e9 de cr\u00e9dit<\/strong> est compos\u00e9 de Gary Prager (pr\u00e9sident), David Beutel et Burt Feinberg. Le comit\u00e9 examine et approuve tous les cr\u00e9dits clients d\u00e9passant $2,5 millions, y compris les pr\u00eats et la prise en charge du risque de cr\u00e9dit, et g\u00e8re le risque de l&#039;entreprise en ce qui concerne les expositions plus importantes.<\/p>\n\n\n\n<p>Outre les questions qui, en vertu de la loi, doivent \u00eatre approuv\u00e9es par le conseil, la direction sollicite l&#039;approbation du conseil pour toute transaction qui se situe hors du cours normal des affaires ou qui pourrait \u00eatre consid\u00e9r\u00e9e comme importante pour les activit\u00e9s d&#039;Accord. La fr\u00e9quence des r\u00e9unions du conseil et les points \u00e0 l&#039;ordre du jour peuvent changer en fonction de l&#039;\u00e9tat des affaires d&#039;Accord. Le conseil se r\u00e9unit au moins une fois par trimestre pour examiner les activit\u00e9s commerciales et les r\u00e9sultats financiers, y compris des r\u00e9unions r\u00e9guli\u00e8res avec et sans la direction pour discuter d&#039;aspects sp\u00e9cifiques des activit\u00e9s d&#039;Accord. On s&#039;attend \u00e0 ce que les administrateurs assistent \u00e0 toutes les r\u00e9unions du conseil et examinent en profondeur les documents fournis avant chaque r\u00e9union.<\/p>\n\n\n\n<h3 class=\"wp-block-heading\">Responsabilit\u00e9s<\/h3>\n\n\n\n<p>Les actionnaires d&#039;Accord \u00e9lisent les membres du conseil d&#039;administration, qui \u00e0 leur tour sont charg\u00e9s de superviser tous les aspects de l&#039;entreprise, y compris la nomination de la direction, de s&#039;assurer que l&#039;entreprise est g\u00e9r\u00e9e correctement et de prendre en compte les int\u00e9r\u00eats des actionnaires et des parties prenantes, y compris les employ\u00e9s, les clients, les fournisseurs et la communaut\u00e9. au sens large. Les t\u00e2ches du Conseil sont formellement d\u00e9finies dans sa charte. Outre les obligations statutaires du Conseil, il est sp\u00e9cifiquement charg\u00e9 de:<\/p>\n\n\n\n<ol class=\"wp-block-list\">\n<li>se convaincre de l&#039;int\u00e9grit\u00e9 du pr\u00e9sident d&#039;Accord et des autres membres de la haute direction et, \u00e0 son tour, qu&#039;ils cr\u00e9ent une culture d&#039;int\u00e9grit\u00e9 au sein d&#039;Accord;<\/li>\n\n\n\n<li>adopter un processus de planification strat\u00e9gique - le conseil participe aux initiatives de planification strat\u00e9gique \u00e0 mesure qu&#039;elles se d\u00e9veloppent, fournit une orientation \u00e0 la direction et surveille son succ\u00e8s dans la r\u00e9alisation de ces initiatives;<\/li>\n\n\n\n<li>identifier les principaux risques d&#039;Accord et s&#039;assurer que des syst\u00e8mes sont en place pour surveiller et g\u00e9rer efficacement ces risques. Le comit\u00e9 de cr\u00e9dit du conseil examine et approuve tous les cr\u00e9dits sup\u00e9rieurs \u00e0 $2 500 000, y compris les pr\u00eats aux clients et la prise en charge du risque de cr\u00e9dit;<\/li>\n\n\n\n<li>nommer, former et surveiller la haute direction et la planification de la rel\u00e8ve - le conseil \u00e9value r\u00e9guli\u00e8rement la haute direction, fixe les objectifs et les buts et \u00e9tablit la r\u00e9mun\u00e9ration pour attirer, retenir et motiver des cadres comp\u00e9tents et entreprenants;<\/li>\n\n\n\n<li>une politique de communication pour diffuser des informations, r\u00e9pondre aux demandes de renseignements, publier des communiqu\u00e9s de presse et afficher des informations sur son site Web, en tenant les actionnaires et autres parties prenantes impliqu\u00e9es dans Accord inform\u00e9s;<\/li>\n\n\n\n<li>l&#039;int\u00e9grit\u00e9 des syst\u00e8mes de contr\u00f4le interne et d&#039;information de gestion d&#039;Accord - le comit\u00e9 d&#039;audit supervise ces fonctions et fait rapport au conseil;<\/li>\n\n\n\n<li>examiner les \u00e9tats financiers trimestriels et annuels d&#039;Accord, le rapport de gestion et les communiqu\u00e9s de presse connexes, et surveiller sa conformit\u00e9 aux exigences applicables en mati\u00e8re d&#039;audit, de comptabilit\u00e9 et de pr\u00e9sentation de rapports par l&#039;entremise des fonctions de son comit\u00e9 d&#039;audit; et<\/li>\n\n\n\n<li>assurer une gouvernance solide en \u00e9tablissant des structures et des proc\u00e9dures qui permettent au conseil de fonctionner ind\u00e9pendamment de la direction; \u00e9tablir des comit\u00e9s du conseil pour l&#039;aider \u00e0 s&#039;acquitter de ses responsabilit\u00e9s et entreprendre une auto-\u00e9valuation r\u00e9guli\u00e8re de l&#039;efficacit\u00e9 et de l&#039;ind\u00e9pendance du conseil.<\/li>\n<\/ol>\n\n\n\n<p>Outre les questions qui, en vertu de la loi, doivent \u00eatre approuv\u00e9es par le conseil, la direction sollicite l&#039;approbation du conseil pour toute transaction qui se situe en dehors du cours normal des affaires ou qui pourrait \u00eatre consid\u00e9r\u00e9e comme importante pour les activit\u00e9s d&#039;Accord. La fr\u00e9quence des r\u00e9unions du Conseil et les points \u00e0 l&#039;ordre du jour peuvent changer en fonction de l&#039;\u00e9tat des affaires d&#039;Accord. Le conseil se r\u00e9unit au moins une fois par trimestre pour examiner les activit\u00e9s commerciales et les r\u00e9sultats financiers, et tient des r\u00e9unions r\u00e9guli\u00e8res, avec et sans la direction, pour discuter d&#039;aspects sp\u00e9cifiques des activit\u00e9s d&#039;Accord. On s&#039;attend \u00e0 ce que les administrateurs assistent \u00e0 toutes les r\u00e9unions du conseil et examinent en profondeur les documents fournis avant chaque r\u00e9union.<\/p>\n\n\n\n<p>On s&#039;attend \u00e0 ce que les administrateurs assistent r\u00e9guli\u00e8rement \u00e0 des s\u00e9minaires et examinent les publications et les documents fournis par la direction, les auditeurs, les avocats et d&#039;autres sources afin de maintenir les comp\u00e9tences et les connaissances n\u00e9cessaires pour s&#039;acquitter de leurs obligations.<\/p>\n<\/div><\/div>\n<\/div><\/div>","protected":false},"excerpt":{"rendered":"<p>Un Conseil bien qualifi\u00e9 Le Conseil est actuellement compos\u00e9 de sept administrateurs, dont six sont ind\u00e9pendants de la direction\u2026<\/p>","protected":false},"author":1,"featured_media":0,"parent":138,"menu_order":11,"comment_status":"closed","ping_status":"closed","template":"","meta":{"_acf_changed":false,"footnotes":""},"class_list":["post-3681","page","type-page","status-publish","hentry"],"acf":[],"yoast_head":"<!-- This site is optimized with the Yoast SEO plugin v27.4 - https:\/\/yoast.com\/product\/yoast-seo-wordpress\/ -->\n<title>Corporate Governance | Accord Financial<\/title>\n<meta name=\"description\" content=\"A well-qualified Board The Board currently comprises seven directors, six of whom are independent of management and free from any interest or business\" \/>\n<meta name=\"robots\" content=\"index, follow, max-snippet:-1, max-image-preview:large, max-video-preview:-1\" \/>\n<link rel=\"canonical\" href=\"https:\/\/accordfinancial.com\/staging\/fr\/relations-avec-les-investisseurs\/gouvernance-dentreprise\/\" \/>\n<meta property=\"og:locale\" content=\"fr_CA\" \/>\n<meta property=\"og:type\" content=\"article\" \/>\n<meta property=\"og:title\" content=\"Corporate Governance | Accord Financial\" \/>\n<meta property=\"og:description\" content=\"A well-qualified Board The Board currently comprises seven directors, six of whom are independent of management and free from any interest or business\" \/>\n<meta property=\"og:url\" content=\"https:\/\/accordfinancial.com\/staging\/fr\/relations-avec-les-investisseurs\/gouvernance-dentreprise\/\" \/>\n<meta property=\"og:site_name\" content=\"Accord Financial\" \/>\n<meta property=\"article:publisher\" content=\"https:\/\/www.facebook.com\/accordfinancialcorp\/\" \/>\n<meta property=\"article:modified_time\" content=\"2025-01-27T19:15:11+00:00\" \/>\n<meta property=\"og:image\" content=\"https:\/\/accordfinancial.com\/staging\/wp-content\/uploads\/2020\/09\/accord-icon.png\" \/>\n\t<meta property=\"og:image:width\" content=\"2400\" \/>\n\t<meta property=\"og:image:height\" content=\"1600\" \/>\n\t<meta property=\"og:image:type\" content=\"image\/png\" \/>\n<meta name=\"twitter:card\" content=\"summary_large_image\" \/>\n<meta name=\"twitter:site\" content=\"@accordfincorp\" \/>\n<meta name=\"twitter:label1\" content=\"Est. reading time\" \/>\n\t<meta name=\"twitter:data1\" content=\"6 minutes\" \/>\n<script type=\"application\/ld+json\" class=\"yoast-schema-graph\">{\"@context\":\"https:\\\/\\\/schema.org\",\"@graph\":[{\"@type\":\"WebPage\",\"@id\":\"http:\\\/\\\/accordfinancial.com\\\/staging\\\/fr\\\/compagnie\\\/relations-avec-les-investisseurs\\\/gouvernance-dentreprise\\\/\",\"url\":\"https:\\\/\\\/accordfinancial.com\\\/staging\\\/investor-relations\\\/corporate-governance\\\/\",\"name\":\"Corporate Governance | Accord Financial\",\"isPartOf\":{\"@id\":\"https:\\\/\\\/accordfinancial.com\\\/staging\\\/#website\"},\"datePublished\":\"2020-09-16T17:33:15+00:00\",\"dateModified\":\"2025-01-27T19:15:11+00:00\",\"description\":\"A well-qualified Board The Board currently comprises seven directors, six of whom are independent of management and free from any interest or business\",\"breadcrumb\":{\"@id\":\"https:\\\/\\\/accordfinancial.com\\\/staging\\\/investor-relations\\\/corporate-governance\\\/#breadcrumb\"},\"inLanguage\":\"fr-CA\",\"potentialAction\":[{\"@type\":\"ReadAction\",\"target\":[\"https:\\\/\\\/accordfinancial.com\\\/staging\\\/investor-relations\\\/corporate-governance\\\/\"]}]},{\"@type\":\"BreadcrumbList\",\"@id\":\"https:\\\/\\\/accordfinancial.com\\\/staging\\\/investor-relations\\\/corporate-governance\\\/#breadcrumb\",\"itemListElement\":[{\"@type\":\"ListItem\",\"position\":1,\"name\":\"Home\",\"item\":\"https:\\\/\\\/accordfinancial.com\\\/staging\\\/\"},{\"@type\":\"ListItem\",\"position\":2,\"name\":\"Our Company\",\"item\":\"https:\\\/\\\/accordfinancial.com\\\/staging\\\/company\\\/\"},{\"@type\":\"ListItem\",\"position\":3,\"name\":\"Investor Relations\",\"item\":\"http:\\\/\\\/accordfinancial.com\\\/staging\\\/fr\\\/compagnie\\\/relations-avec-les-investisseurs\\\/\"},{\"@type\":\"ListItem\",\"position\":4,\"name\":\"Corporate Governance\"}]},{\"@type\":\"WebSite\",\"@id\":\"https:\\\/\\\/accordfinancial.com\\\/staging\\\/#website\",\"url\":\"https:\\\/\\\/accordfinancial.com\\\/staging\\\/\",\"name\":\"Accord Financial\",\"description\":\"Business Loans &amp; Asset Based Lending\",\"potentialAction\":[{\"@type\":\"SearchAction\",\"target\":{\"@type\":\"EntryPoint\",\"urlTemplate\":\"https:\\\/\\\/accordfinancial.com\\\/staging\\\/?s={search_term_string}\"},\"query-input\":{\"@type\":\"PropertyValueSpecification\",\"valueRequired\":true,\"valueName\":\"search_term_string\"}}],\"inLanguage\":\"fr-CA\"}]}<\/script>\n<!-- \/ Yoast SEO plugin. -->","yoast_head_json":{"title":"Gouvernance d&#039;entreprise | Financi\u00e8re Accord","description":"Un Conseil comp\u00e9tent Le Conseil est actuellement compos\u00e9 de sept administrateurs, dont six sont ind\u00e9pendants de la direction et libres de tout int\u00e9r\u00eat ou activit\u00e9.","robots":{"index":"index","follow":"follow","max-snippet":"max-snippet:-1","max-image-preview":"max-image-preview:large","max-video-preview":"max-video-preview:-1"},"canonical":"https:\/\/accordfinancial.com\/staging\/fr\/relations-avec-les-investisseurs\/gouvernance-dentreprise\/","og_locale":"fr_CA","og_type":"article","og_title":"Corporate Governance | Accord Financial","og_description":"A well-qualified Board The Board currently comprises seven directors, six of whom are independent of management and free from any interest or business","og_url":"https:\/\/accordfinancial.com\/staging\/fr\/relations-avec-les-investisseurs\/gouvernance-dentreprise\/","og_site_name":"Accord Financial","article_publisher":"https:\/\/www.facebook.com\/accordfinancialcorp\/","article_modified_time":"2025-01-27T19:15:11+00:00","og_image":[{"width":2400,"height":1600,"url":"https:\/\/accordfinancial.com\/staging\/wp-content\/uploads\/2020\/09\/accord-icon.png","type":"image\/png"}],"twitter_card":"summary_large_image","twitter_site":"@accordfincorp","twitter_misc":{"Est. reading time":"6 minutes"},"schema":{"@context":"https:\/\/schema.org","@graph":[{"@type":"WebPage","@id":"http:\/\/accordfinancial.com\/staging\/fr\/compagnie\/relations-avec-les-investisseurs\/gouvernance-dentreprise\/","url":"https:\/\/accordfinancial.com\/staging\/investor-relations\/corporate-governance\/","name":"Gouvernance d&#039;entreprise | Financi\u00e8re Accord","isPartOf":{"@id":"https:\/\/accordfinancial.com\/staging\/#website"},"datePublished":"2020-09-16T17:33:15+00:00","dateModified":"2025-01-27T19:15:11+00:00","description":"Un Conseil comp\u00e9tent Le Conseil est actuellement compos\u00e9 de sept administrateurs, dont six sont ind\u00e9pendants de la direction et libres de tout int\u00e9r\u00eat ou activit\u00e9.","breadcrumb":{"@id":"https:\/\/accordfinancial.com\/staging\/investor-relations\/corporate-governance\/#breadcrumb"},"inLanguage":"fr-CA","potentialAction":[{"@type":"ReadAction","target":["https:\/\/accordfinancial.com\/staging\/investor-relations\/corporate-governance\/"]}]},{"@type":"BreadcrumbList","@id":"https:\/\/accordfinancial.com\/staging\/investor-relations\/corporate-governance\/#breadcrumb","itemListElement":[{"@type":"ListItem","position":1,"name":"Home","item":"https:\/\/accordfinancial.com\/staging\/"},{"@type":"ListItem","position":2,"name":"Our Company","item":"https:\/\/accordfinancial.com\/staging\/company\/"},{"@type":"ListItem","position":3,"name":"Investor Relations","item":"http:\/\/accordfinancial.com\/staging\/fr\/compagnie\/relations-avec-les-investisseurs\/"},{"@type":"ListItem","position":4,"name":"Corporate Governance"}]},{"@type":"WebSite","@id":"https:\/\/accordfinancial.com\/staging\/#website","url":"https:\/\/accordfinancial.com\/staging\/","name":"Financi\u00e8re Accord","description":"Pr\u00eats aux entreprises et pr\u00eats bas\u00e9s sur les actifs","potentialAction":[{"@type":"SearchAction","target":{"@type":"EntryPoint","urlTemplate":"https:\/\/accordfinancial.com\/staging\/?s={search_term_string}"},"query-input":{"@type":"PropertyValueSpecification","valueRequired":true,"valueName":"search_term_string"}}],"inLanguage":"fr-CA"}]}},"_links":{"self":[{"href":"https:\/\/accordfinancial.com\/staging\/fr\/wp-json\/wp\/v2\/pages\/3681","targetHints":{"allow":["GET"]}}],"collection":[{"href":"https:\/\/accordfinancial.com\/staging\/fr\/wp-json\/wp\/v2\/pages"}],"about":[{"href":"https:\/\/accordfinancial.com\/staging\/fr\/wp-json\/wp\/v2\/types\/page"}],"author":[{"embeddable":true,"href":"https:\/\/accordfinancial.com\/staging\/fr\/wp-json\/wp\/v2\/users\/1"}],"replies":[{"embeddable":true,"href":"https:\/\/accordfinancial.com\/staging\/fr\/wp-json\/wp\/v2\/comments?post=3681"}],"version-history":[{"count":17,"href":"https:\/\/accordfinancial.com\/staging\/fr\/wp-json\/wp\/v2\/pages\/3681\/revisions"}],"predecessor-version":[{"id":16340,"href":"https:\/\/accordfinancial.com\/staging\/fr\/wp-json\/wp\/v2\/pages\/3681\/revisions\/16340"}],"up":[{"embeddable":true,"href":"https:\/\/accordfinancial.com\/staging\/fr\/wp-json\/wp\/v2\/pages\/138"}],"wp:attachment":[{"href":"https:\/\/accordfinancial.com\/staging\/fr\/wp-json\/wp\/v2\/media?parent=3681"}],"curies":[{"name":"wp","href":"https:\/\/api.w.org\/{rel}","templated":true}]}}